{"id":16273,"date":"2026-02-27T00:29:51","date_gmt":"2026-02-27T00:29:51","guid":{"rendered":"https:\/\/nordicmart.andreevmaster.com\/product\/songmics-pedalbossa-med-2-fack\/"},"modified":"2026-02-27T08:20:28","modified_gmt":"2026-02-27T08:20:28","slug":"songmics-pedalbossa-med-2-fack","status":"publish","type":"product","link":"https:\/\/nordicmart.andreevmaster.com\/sv\/produkt\/songmics-pedalbossa-med-2-fack\/","title":{"rendered":"SONGMICS pedalb\u00f6ssa med 2 fack"},"content":{"rendered":"<p>\u00c5tervinning kan ocks\u00e5 vara enkelt Med denna pedalb\u00f6ssa med 2 separata fack kan du enkelt sortera ditt avfall, t.ex. restavfall och bioavfall. Allt du beh\u00f6ver g\u00f6ra \u00e4r att trampa p\u00e5 pedalen och kasta avfallet i innerb\u00f6ssan. Du beh\u00f6ver inte ens r\u00f6ra papperskorgen med handen, vilket garanterar god hygien. En \u201dvalp- och barns\u00e4ker\u201d soptunna Rotar din hund ofta i soptunnan? R\u00f6r dina sm\u00e5 ofta i den \u00f6ppna beh\u00e5llaren? Om ja, vill du s\u00e4kert s\u00e4tta stopp f\u00f6r det. H\u00e4r kommer v\u00e5r pedalsoptunna in i bilden! Locket \u00f6ppnas f\u00f6rst n\u00e4r du trycker p\u00e5 pedalen. Produktdetaljer: &#8211; F\u00e4rg: Vit-silver &#8211; Material: St\u00e5l, PP-plast (innerkorg), ABS-plast (lock) &#8211; Storlek: 58,6 x 32 x 65 cm (L x B x H) &#8211; Storlek innerkorg: 27 x 27 x 58,5 cm (L x B x H) &#8211; Total h\u00f6jd (med \u00f6ppet lock): 94 cm &#8211; Vikt: 10,5 kg Leveransomfattning: &#8211; 1 x soptunna &#8211; 15 x sopp\u00e5se SONGMICS Anvisningar: &#8211; Torka av produkten med en mjuk, fuktig trasa och anv\u00e4nd vid behov milt reng\u00f6ringsmedel.<\/p>\n","protected":false},"excerpt":{"rendered":"<p>SONGMICS Soptunna, avfallssorteringssystem, med 2 innerk\u00e4rl av plast, 2 x 30 L pedalsoptunna, soptunna med fotpedal, med handtag, silver LTB60NL<\/p>\n","protected":false},"featured_media":43993,"comment_status":"open","ping_status":"closed","template":"","meta":[],"product_brand":[],"product_cat":[33],"product_tag":[],"class_list":{"0":"post-16273","1":"product","2":"type-product","3":"status-publish","4":"has-post-thumbnail","6":"product_cat-okategoriserad","8":"first","9":"instock","10":"shipping-taxable","11":"purchasable","12":"product-type-simple"},"_links":{"self":[{"href":"https:\/\/nordicmart.andreevmaster.com\/sv\/wp-json\/wp\/v2\/product\/16273","targetHints":{"allow":["GET"]}}],"collection":[{"href":"https:\/\/nordicmart.andreevmaster.com\/sv\/wp-json\/wp\/v2\/product"}],"about":[{"href":"https:\/\/nordicmart.andreevmaster.com\/sv\/wp-json\/wp\/v2\/types\/product"}],"replies":[{"embeddable":true,"href":"https:\/\/nordicmart.andreevmaster.com\/sv\/wp-json\/wp\/v2\/comments?post=16273"}],"wp:featuredmedia":[{"embeddable":true,"href":"https:\/\/nordicmart.andreevmaster.com\/sv\/wp-json\/wp\/v2\/media\/43993"}],"wp:attachment":[{"href":"https:\/\/nordicmart.andreevmaster.com\/sv\/wp-json\/wp\/v2\/media?parent=16273"}],"wp:term":[{"taxonomy":"product_brand","embeddable":true,"href":"https:\/\/nordicmart.andreevmaster.com\/sv\/wp-json\/wp\/v2\/product_brand?post=16273"},{"taxonomy":"product_cat","embeddable":true,"href":"https:\/\/nordicmart.andreevmaster.com\/sv\/wp-json\/wp\/v2\/product_cat?post=16273"},{"taxonomy":"product_tag","embeddable":true,"href":"https:\/\/nordicmart.andreevmaster.com\/sv\/wp-json\/wp\/v2\/product_tag?post=16273"}],"curies":[{"name":"wp","href":"https:\/\/api.w.org\/{rel}","templated":true}]}}