{"id":16272,"date":"2026-02-27T00:29:50","date_gmt":"2026-02-27T00:29:50","guid":{"rendered":"https:\/\/nordicmart.andreevmaster.com\/product\/songmics-avfallssorterare-60-liter-2-x-30-l\/"},"modified":"2026-02-27T08:20:28","modified_gmt":"2026-02-27T08:20:28","slug":"songmics-avfallssorterare-60-liter-2-x-30-l","status":"publish","type":"product","link":"https:\/\/nordicmart.andreevmaster.com\/sv\/produkt\/songmics-avfallssorterare-60-liter-2-x-30-l\/","title":{"rendered":"SONGMICS avfallssorterare 60 liter (2 x 30 L)"},"content":{"rendered":"<p>Sortera ditt hush\u00e5llsavfall SONGMICS soptunna med 2 separata fack \u00e4r den perfekta l\u00f6sningen f\u00f6r att sortera det dagliga avfallet, till exempel restavfall, bioavfall etc. Bekv\u00e4m anv\u00e4ndning och tyst st\u00e4ngning Tryck bara p\u00e5 fotpedalen och \u00f6ppna locket, \u00e4ven om du har h\u00e4nderna fulla. Kasta sedan avfallet i r\u00e4tt innerbeh\u00e5llare. Sl\u00e4pp fotpedalen s\u00e5 st\u00e4ngs locket l\u00e5ngsamt och tyst. P\u00e5 s\u00e5 s\u00e4tt st\u00f6rs inte den lugna atmosf\u00e4ren i ditt hem. Passar till andra m\u00f6bler i ditt hem Ytterbeh\u00e5llaren \u00e4r tillverkad av rostfritt st\u00e5l. Ytan p\u00e5 det h\u00f6gkvalitativa materialet \u00e4r fingeravtrycksfri. Tack vare det enkla utseendet passar soptunnan in i alla hem och s\u00e4kerst\u00e4ller samtidigt god hygien. Soptunnor beh\u00f6ver inte alltid se tr\u00e5kiga ut. De kan ocks\u00e5 se riktigt eleganta ut. Den eleganta silverf\u00e4rgen, det matta utseendet och den smala formen g\u00f6r SONGMICS soptunna till ett blickf\u00e5ng i ditt hem! Produktdetaljer: F\u00e4rg: Silver-svart Material: st\u00e5l, PP-plast (innerkorg), ABS-plast (lock) Storlek: 58,6 x 32 x 65 cm (L x B x H) Storlek innerkorg: 27 x 27 x 58,5 cm (L x B x H) Total h\u00f6jd (med \u00f6ppet lock): 94 cmVikt: 10,5 kgLeveransomfattning:1 x soptunna15 x sopp\u00e5seSONGMICS Anvisningar:Torka av produkten med en mjuk, fuktig trasa och anv\u00e4nd vid behov milt reng\u00f6ringsmedel.<\/p>\n","protected":false},"excerpt":{"rendered":"<p>SONGMICS Soptunna, avfallssorteringssystem, med 2 innerk\u00e4rl av plast, 2 x 30 L pedalsoptunna, soptunna med fotpedal, med handtag, silver LTB60NL<\/p>\n","protected":false},"featured_media":43992,"comment_status":"open","ping_status":"closed","template":"","meta":[],"product_brand":[],"product_cat":[33],"product_tag":[],"class_list":{"0":"post-16272","1":"product","2":"type-product","3":"status-publish","4":"has-post-thumbnail","6":"product_cat-okategoriserad","8":"first","9":"instock","10":"shipping-taxable","11":"purchasable","12":"product-type-simple"},"_links":{"self":[{"href":"https:\/\/nordicmart.andreevmaster.com\/sv\/wp-json\/wp\/v2\/product\/16272","targetHints":{"allow":["GET"]}}],"collection":[{"href":"https:\/\/nordicmart.andreevmaster.com\/sv\/wp-json\/wp\/v2\/product"}],"about":[{"href":"https:\/\/nordicmart.andreevmaster.com\/sv\/wp-json\/wp\/v2\/types\/product"}],"replies":[{"embeddable":true,"href":"https:\/\/nordicmart.andreevmaster.com\/sv\/wp-json\/wp\/v2\/comments?post=16272"}],"wp:featuredmedia":[{"embeddable":true,"href":"https:\/\/nordicmart.andreevmaster.com\/sv\/wp-json\/wp\/v2\/media\/43992"}],"wp:attachment":[{"href":"https:\/\/nordicmart.andreevmaster.com\/sv\/wp-json\/wp\/v2\/media?parent=16272"}],"wp:term":[{"taxonomy":"product_brand","embeddable":true,"href":"https:\/\/nordicmart.andreevmaster.com\/sv\/wp-json\/wp\/v2\/product_brand?post=16272"},{"taxonomy":"product_cat","embeddable":true,"href":"https:\/\/nordicmart.andreevmaster.com\/sv\/wp-json\/wp\/v2\/product_cat?post=16272"},{"taxonomy":"product_tag","embeddable":true,"href":"https:\/\/nordicmart.andreevmaster.com\/sv\/wp-json\/wp\/v2\/product_tag?post=16272"}],"curies":[{"name":"wp","href":"https:\/\/api.w.org\/{rel}","templated":true}]}}