{"id":16260,"date":"2026-02-27T00:29:47","date_gmt":"2026-02-27T00:29:47","guid":{"rendered":"https:\/\/nordicmart.andreevmaster.com\/product\/songmics-soptunna-20-liter-i-metalliskt-silverfargat-stal\/"},"modified":"2026-02-27T08:20:26","modified_gmt":"2026-02-27T08:20:26","slug":"songmics-soptunna-20-liter-i-metalliskt-silverfargat-stal","status":"publish","type":"product","link":"https:\/\/nordicmart.andreevmaster.com\/sv\/produkt\/songmics-soptunna-20-liter-i-metalliskt-silverfargat-stal\/","title":{"rendered":"SONGMICS soptunna 20 liter i metalliskt silverf\u00e4rgat st\u00e5l"},"content":{"rendered":"<p>SONGMICS soptunna f\u00f6r k\u00f6ket, 20 liters soptunna, pedalsoptunna, st\u00e5l, med innerbeh\u00e5llare, mjukst\u00e4ngning, \u00f6ppningsfunktion, sandbeige LTB592A02<br \/>\nF\u00e4rg: Metallicsilver<br \/>\nMaterial: st\u00e5l, PP-plast<br \/>\nStorlek: 34 x 28,5 x 40,4 cm (L x B x H)<br \/>\nTotal h\u00f6jd (med \u00f6ppet lock): 67,8 cm<br \/>\nStorlek p\u00e5 innerbeh\u00e5llare: 28,5 x 28,3 x 35,5 cm (L x B x H)<br \/>\nKapacitet: 20 liter<br \/>\nVikt: 2,5 kg<\/p>\n","protected":false},"excerpt":{"rendered":"<p>SONGMICS soptunna f\u00f6r k\u00f6ket, 20 liters soptunna, pedalsoptunna, st\u00e5l, med innerbeh\u00e5llare, mjukst\u00e4ngning, \u00f6ppningsfunktion, sandbeige LTB592A02<\/p>\n","protected":false},"featured_media":43981,"comment_status":"open","ping_status":"closed","template":"","meta":[],"product_brand":[],"product_cat":[33],"product_tag":[],"class_list":{"0":"post-16260","1":"product","2":"type-product","3":"status-publish","4":"has-post-thumbnail","6":"product_cat-okategoriserad","8":"first","9":"instock","10":"shipping-taxable","11":"purchasable","12":"product-type-simple"},"_links":{"self":[{"href":"https:\/\/nordicmart.andreevmaster.com\/sv\/wp-json\/wp\/v2\/product\/16260","targetHints":{"allow":["GET"]}}],"collection":[{"href":"https:\/\/nordicmart.andreevmaster.com\/sv\/wp-json\/wp\/v2\/product"}],"about":[{"href":"https:\/\/nordicmart.andreevmaster.com\/sv\/wp-json\/wp\/v2\/types\/product"}],"replies":[{"embeddable":true,"href":"https:\/\/nordicmart.andreevmaster.com\/sv\/wp-json\/wp\/v2\/comments?post=16260"}],"wp:featuredmedia":[{"embeddable":true,"href":"https:\/\/nordicmart.andreevmaster.com\/sv\/wp-json\/wp\/v2\/media\/43981"}],"wp:attachment":[{"href":"https:\/\/nordicmart.andreevmaster.com\/sv\/wp-json\/wp\/v2\/media?parent=16260"}],"wp:term":[{"taxonomy":"product_brand","embeddable":true,"href":"https:\/\/nordicmart.andreevmaster.com\/sv\/wp-json\/wp\/v2\/product_brand?post=16260"},{"taxonomy":"product_cat","embeddable":true,"href":"https:\/\/nordicmart.andreevmaster.com\/sv\/wp-json\/wp\/v2\/product_cat?post=16260"},{"taxonomy":"product_tag","embeddable":true,"href":"https:\/\/nordicmart.andreevmaster.com\/sv\/wp-json\/wp\/v2\/product_tag?post=16260"}],"curies":[{"name":"wp","href":"https:\/\/api.w.org\/{rel}","templated":true}]}}