{"id":16258,"date":"2026-02-27T00:29:47","date_gmt":"2026-02-27T00:29:47","guid":{"rendered":"https:\/\/nordicmart.andreevmaster.com\/product\/songmics-soptunna-20-liter-i-stal-sandbeige\/"},"modified":"2026-02-27T08:20:25","modified_gmt":"2026-02-27T08:20:25","slug":"songmics-soptunna-20-liter-i-stal-sandbeige","status":"publish","type":"product","link":"https:\/\/nordicmart.andreevmaster.com\/sv\/produkt\/songmics-soptunna-20-liter-i-stal-sandbeige\/","title":{"rendered":"SONGMICS soptunna 20 liter i st\u00e5l, sandbeige"},"content":{"rendered":"<p>SONGMICS soptunna f\u00f6r k\u00f6ket, 20 liters soptunna, pedalsoptunna, st\u00e5l, med innerbeh\u00e5llare, mjukst\u00e4ngning, \u00f6ppningsfunktion, sandbeige LTB592A02<br \/>\nF\u00e4rg: Sandbeige<br \/>\nMaterial: St\u00e5l, PP-plast<br \/>\nStorlek: 34 x 28,5 x 40,4 cm (L x B x H)<br \/>\nTotal h\u00f6jd (med \u00f6ppet lock): 67,8 cm<br \/>\nStorlek p\u00e5 innerk\u00e4rl: 28,5 x 28,3 x 35,5 cm (L x B x H)<br \/>\nKapacitet: 20 liter<br \/>\nVikt: 2,5 kg<\/p>\n","protected":false},"excerpt":{"rendered":"<p>SONGMICS soptunna f\u00f6r k\u00f6ket, 20 liters soptunna, pedalsoptunna, st\u00e5l, med innerbeh\u00e5llare, mjukst\u00e4ngning, \u00f6ppningsfunktion, sandbeige LTB592A02<\/p>\n","protected":false},"featured_media":43979,"comment_status":"open","ping_status":"closed","template":"","meta":[],"product_brand":[],"product_cat":[33],"product_tag":[],"class_list":{"0":"post-16258","1":"product","2":"type-product","3":"status-publish","4":"has-post-thumbnail","6":"product_cat-okategoriserad","8":"first","9":"instock","10":"shipping-taxable","11":"purchasable","12":"product-type-simple"},"_links":{"self":[{"href":"https:\/\/nordicmart.andreevmaster.com\/sv\/wp-json\/wp\/v2\/product\/16258","targetHints":{"allow":["GET"]}}],"collection":[{"href":"https:\/\/nordicmart.andreevmaster.com\/sv\/wp-json\/wp\/v2\/product"}],"about":[{"href":"https:\/\/nordicmart.andreevmaster.com\/sv\/wp-json\/wp\/v2\/types\/product"}],"replies":[{"embeddable":true,"href":"https:\/\/nordicmart.andreevmaster.com\/sv\/wp-json\/wp\/v2\/comments?post=16258"}],"wp:featuredmedia":[{"embeddable":true,"href":"https:\/\/nordicmart.andreevmaster.com\/sv\/wp-json\/wp\/v2\/media\/43979"}],"wp:attachment":[{"href":"https:\/\/nordicmart.andreevmaster.com\/sv\/wp-json\/wp\/v2\/media?parent=16258"}],"wp:term":[{"taxonomy":"product_brand","embeddable":true,"href":"https:\/\/nordicmart.andreevmaster.com\/sv\/wp-json\/wp\/v2\/product_brand?post=16258"},{"taxonomy":"product_cat","embeddable":true,"href":"https:\/\/nordicmart.andreevmaster.com\/sv\/wp-json\/wp\/v2\/product_cat?post=16258"},{"taxonomy":"product_tag","embeddable":true,"href":"https:\/\/nordicmart.andreevmaster.com\/sv\/wp-json\/wp\/v2\/product_tag?post=16258"}],"curies":[{"name":"wp","href":"https:\/\/api.w.org\/{rel}","templated":true}]}}