{"id":16254,"date":"2026-02-27T00:29:46","date_gmt":"2026-02-27T00:29:46","guid":{"rendered":"https:\/\/nordicmart.andreevmaster.com\/product\/songmics-kosmetikpapperskorg-med-pedal-och-lock-svart\/"},"modified":"2026-02-27T08:20:24","modified_gmt":"2026-02-27T08:20:24","slug":"songmics-kosmetikpapperskorg-med-pedal-och-lock-svart","status":"publish","type":"product","link":"https:\/\/nordicmart.andreevmaster.com\/sv\/produkt\/songmics-kosmetikpapperskorg-med-pedal-och-lock-svart\/","title":{"rendered":"SONGMICS Kosmetikpapperskorg med pedal och lock svart"},"content":{"rendered":"<p>SONGMICS Kosmetikpapperskorg, 6 liter, papperskorg f\u00f6r badrum, liten papperskorg, pedalpapperskorg, med pedal, f\u00f6r sm\u00e5 utrymmen, med lock, mjukst\u00e4ngning, st\u00e5l<br \/>\nF\u00e4rg: Svart<br \/>\nMaterial: Ytterbeh\u00e5llare av st\u00e5l, innerbeh\u00e5llare av PP-plast, sockel av ABS-plast<br \/>\nStorlek: 23,9 x 19,3 x 33,5 cm (L x B x H)<br \/>\nTotal h\u00f6jd (med \u00f6ppet lock): 52,2 cm<br \/>\nStorlek p\u00e5 innerbeh\u00e5llare: 19,3 x 19,1 x 29,3 cm (L x B x H)<br \/>\nKapacitet: 8 liter<br \/>\nVikt: 1,1 kg<\/p>\n","protected":false},"excerpt":{"rendered":"<p>SONGMICS Kosmetikpapperskorg, 6 liter, papperskorg f\u00f6r badrum, liten papperskorg, pedalpapperskorg, med pedal, f\u00f6r sm\u00e5 utrymmen, med lock, mjukst\u00e4ngning, st\u00e5l<\/p>\n","protected":false},"featured_media":43975,"comment_status":"open","ping_status":"closed","template":"","meta":[],"product_brand":[],"product_cat":[33],"product_tag":[],"class_list":{"0":"post-16254","1":"product","2":"type-product","3":"status-publish","4":"has-post-thumbnail","6":"product_cat-okategoriserad","8":"first","9":"instock","10":"shipping-taxable","11":"purchasable","12":"product-type-simple"},"_links":{"self":[{"href":"https:\/\/nordicmart.andreevmaster.com\/sv\/wp-json\/wp\/v2\/product\/16254","targetHints":{"allow":["GET"]}}],"collection":[{"href":"https:\/\/nordicmart.andreevmaster.com\/sv\/wp-json\/wp\/v2\/product"}],"about":[{"href":"https:\/\/nordicmart.andreevmaster.com\/sv\/wp-json\/wp\/v2\/types\/product"}],"replies":[{"embeddable":true,"href":"https:\/\/nordicmart.andreevmaster.com\/sv\/wp-json\/wp\/v2\/comments?post=16254"}],"wp:featuredmedia":[{"embeddable":true,"href":"https:\/\/nordicmart.andreevmaster.com\/sv\/wp-json\/wp\/v2\/media\/43975"}],"wp:attachment":[{"href":"https:\/\/nordicmart.andreevmaster.com\/sv\/wp-json\/wp\/v2\/media?parent=16254"}],"wp:term":[{"taxonomy":"product_brand","embeddable":true,"href":"https:\/\/nordicmart.andreevmaster.com\/sv\/wp-json\/wp\/v2\/product_brand?post=16254"},{"taxonomy":"product_cat","embeddable":true,"href":"https:\/\/nordicmart.andreevmaster.com\/sv\/wp-json\/wp\/v2\/product_cat?post=16254"},{"taxonomy":"product_tag","embeddable":true,"href":"https:\/\/nordicmart.andreevmaster.com\/sv\/wp-json\/wp\/v2\/product_tag?post=16254"}],"curies":[{"name":"wp","href":"https:\/\/api.w.org\/{rel}","templated":true}]}}