{"id":16248,"date":"2026-02-27T00:29:44","date_gmt":"2026-02-27T00:29:44","guid":{"rendered":"https:\/\/nordicmart.andreevmaster.com\/product\/songmics-avfallssorteringssystem-med-2-fack-molnvit-metalliskt-silver\/"},"modified":"2026-02-27T08:20:23","modified_gmt":"2026-02-27T08:20:23","slug":"songmics-avfallssorteringssystem-med-2-fack-molnvit-metalliskt-silver","status":"publish","type":"product","link":"https:\/\/nordicmart.andreevmaster.com\/sv\/produkt\/songmics-avfallssorteringssystem-med-2-fack-molnvit-metalliskt-silver\/","title":{"rendered":"SONGMICS avfallssorteringssystem med 2 fack molnvit-metalliskt silver"},"content":{"rendered":"<p>SONGMICS soptunna f\u00f6r k\u00f6ket, avfallssorteringssystem med 2 fack, 30 l och 20 l, smal soptunna, pedalsoptunna f\u00f6r gul s\u00e4ck och avfall, med 2-delat lock, metalliskt<br \/>\nF\u00e4rg: Molnvit-metalliskt silver<br \/>\nMaterial: St\u00e5l, innerbeh\u00e5llare av PP-plast<br \/>\nStorlek (med fotpedal): 49 x 29 x 64 cm (L x B x H)<br \/>\nTotal h\u00f6jd (med \u00f6ppet lock): 77 cm<br \/>\nStorlek p\u00e5 20-liters innerbeh\u00e5llare: 25,6 x 17,8 x 60,5 cm (L x B x H)<br \/>\nStorlek p\u00e5 30-liters innerbeh\u00e5llare: 25,6 x 25 x 60,5 cm (L x B x H)<br \/>\nVikt: 7,3 kg<\/p>\n","protected":false},"excerpt":{"rendered":"<p>SONGMICS soptunna f\u00f6r k\u00f6ket, avfallssorteringssystem med 2 fack, 30 l och 20 l, smal soptunna, pedalsoptunna f\u00f6r gul s\u00e4ck och avfall, med 2-delat lock, metalliskt<\/p>\n","protected":false},"featured_media":43969,"comment_status":"open","ping_status":"closed","template":"","meta":[],"product_brand":[],"product_cat":[33],"product_tag":[],"class_list":{"0":"post-16248","1":"product","2":"type-product","3":"status-publish","4":"has-post-thumbnail","6":"product_cat-okategoriserad","8":"first","9":"instock","10":"shipping-taxable","11":"purchasable","12":"product-type-simple"},"_links":{"self":[{"href":"https:\/\/nordicmart.andreevmaster.com\/sv\/wp-json\/wp\/v2\/product\/16248","targetHints":{"allow":["GET"]}}],"collection":[{"href":"https:\/\/nordicmart.andreevmaster.com\/sv\/wp-json\/wp\/v2\/product"}],"about":[{"href":"https:\/\/nordicmart.andreevmaster.com\/sv\/wp-json\/wp\/v2\/types\/product"}],"replies":[{"embeddable":true,"href":"https:\/\/nordicmart.andreevmaster.com\/sv\/wp-json\/wp\/v2\/comments?post=16248"}],"wp:featuredmedia":[{"embeddable":true,"href":"https:\/\/nordicmart.andreevmaster.com\/sv\/wp-json\/wp\/v2\/media\/43969"}],"wp:attachment":[{"href":"https:\/\/nordicmart.andreevmaster.com\/sv\/wp-json\/wp\/v2\/media?parent=16248"}],"wp:term":[{"taxonomy":"product_brand","embeddable":true,"href":"https:\/\/nordicmart.andreevmaster.com\/sv\/wp-json\/wp\/v2\/product_brand?post=16248"},{"taxonomy":"product_cat","embeddable":true,"href":"https:\/\/nordicmart.andreevmaster.com\/sv\/wp-json\/wp\/v2\/product_cat?post=16248"},{"taxonomy":"product_tag","embeddable":true,"href":"https:\/\/nordicmart.andreevmaster.com\/sv\/wp-json\/wp\/v2\/product_tag?post=16248"}],"curies":[{"name":"wp","href":"https:\/\/api.w.org\/{rel}","templated":true}]}}