{"id":16245,"date":"2026-02-27T00:29:43","date_gmt":"2026-02-27T00:29:43","guid":{"rendered":"https:\/\/nordicmart.andreevmaster.com\/product\/songmics-kosmetikpapperskorg-10-liter-med-lock-molnvit\/"},"modified":"2026-02-27T08:20:22","modified_gmt":"2026-02-27T08:20:22","slug":"songmics-kosmetikpapperskorg-10-liter-med-lock-molnvit","status":"publish","type":"product","link":"https:\/\/nordicmart.andreevmaster.com\/sv\/produkt\/songmics-kosmetikpapperskorg-10-liter-med-lock-molnvit\/","title":{"rendered":"SONGMICS Kosmetikpapperskorg 10 liter med lock molnvit"},"content":{"rendered":"<p>SONGMICS kosmetikspann, 10 liter, badrumspapperskorg, med lock, pedalpapperskorg, liten papperskorg, smal f\u00f6r sm\u00e5 utrymmen, st\u00e5l, softclose, bl\u00e4ck svart LTB562B01<br \/>\nF\u00e4rg: Molnvit<br \/>\nMaterial: Ytterbeh\u00e5llare av st\u00e5l, innerbeh\u00e5llare av PP-plast<br \/>\nStorlek: 33,5 x 16,8 x 34,5 cm (L x B x H)<br \/>\nTotal h\u00f6jd (med \u00f6ppet lock): 61 cm<br \/>\nStorlek p\u00e5 innerbeh\u00e5llare: 25,8 x 16 x 27,7 cm (L x B x H)<br \/>\nKapacitet: 10 liter<br \/>\nVikt: 2,1 kg<\/p>\n","protected":false},"excerpt":{"rendered":"<p>SONGMICS kosmetikspann, 10 liter, badrumspapperskorg, med lock, pedalpapperskorg, liten papperskorg, smal f\u00f6r sm\u00e5 utrymmen, st\u00e5l, softclose, bl\u00e4ck svart LTB562B01<\/p>\n","protected":false},"featured_media":43966,"comment_status":"open","ping_status":"closed","template":"","meta":[],"product_brand":[],"product_cat":[33],"product_tag":[],"class_list":{"0":"post-16245","1":"product","2":"type-product","3":"status-publish","4":"has-post-thumbnail","6":"product_cat-okategoriserad","8":"first","9":"instock","10":"shipping-taxable","11":"purchasable","12":"product-type-simple"},"_links":{"self":[{"href":"https:\/\/nordicmart.andreevmaster.com\/sv\/wp-json\/wp\/v2\/product\/16245","targetHints":{"allow":["GET"]}}],"collection":[{"href":"https:\/\/nordicmart.andreevmaster.com\/sv\/wp-json\/wp\/v2\/product"}],"about":[{"href":"https:\/\/nordicmart.andreevmaster.com\/sv\/wp-json\/wp\/v2\/types\/product"}],"replies":[{"embeddable":true,"href":"https:\/\/nordicmart.andreevmaster.com\/sv\/wp-json\/wp\/v2\/comments?post=16245"}],"wp:featuredmedia":[{"embeddable":true,"href":"https:\/\/nordicmart.andreevmaster.com\/sv\/wp-json\/wp\/v2\/media\/43966"}],"wp:attachment":[{"href":"https:\/\/nordicmart.andreevmaster.com\/sv\/wp-json\/wp\/v2\/media?parent=16245"}],"wp:term":[{"taxonomy":"product_brand","embeddable":true,"href":"https:\/\/nordicmart.andreevmaster.com\/sv\/wp-json\/wp\/v2\/product_brand?post=16245"},{"taxonomy":"product_cat","embeddable":true,"href":"https:\/\/nordicmart.andreevmaster.com\/sv\/wp-json\/wp\/v2\/product_cat?post=16245"},{"taxonomy":"product_tag","embeddable":true,"href":"https:\/\/nordicmart.andreevmaster.com\/sv\/wp-json\/wp\/v2\/product_tag?post=16245"}],"curies":[{"name":"wp","href":"https:\/\/api.w.org\/{rel}","templated":true}]}}