{"id":16237,"date":"2026-02-27T00:29:42","date_gmt":"2026-02-27T00:29:42","guid":{"rendered":"https:\/\/nordicmart.andreevmaster.com\/product\/songmics-soptunna-for-koket-med-pedal-och-3-fack\/"},"modified":"2026-02-27T08:20:21","modified_gmt":"2026-02-27T08:20:21","slug":"songmics-soptunna-for-koket-med-pedal-och-3-fack","status":"publish","type":"product","link":"https:\/\/nordicmart.andreevmaster.com\/sv\/produkt\/songmics-soptunna-for-koket-med-pedal-och-3-fack\/","title":{"rendered":"SONGMICS Soptunna f\u00f6r k\u00f6ket med pedal och 3 fack"},"content":{"rendered":"<p>SONGMICS k\u00f6kskorg, 2 x 17 l och 26 l, soptunna f\u00f6r avfallssortering med 3 fack f\u00f6r matavfall och avfallssortering, kolfilter, bred pedal, silver LTB550E60<br \/>\nF\u00e4rg: Silverf\u00e4rgad. Material: Rostfritt st\u00e5l, PP-plast Produktm\u00e5tt (utan pedal): 45,7 x 30 x 76 cm (L x B x H). H\u00f6jd med \u00f6ppet lock: 101,5 cm. M\u00e5tt per hink upptill: 21,5 x 27,9 x 34,6 cm (L x B x H). M\u00e5tt p\u00e5 hinken nedtill: 26,9 x 35,3 x 26,8 cm (L x B x H) Pedalstorlek: 36,9 x 5,5 cm (L x B) Totalvolym: 60 l (2 x 17 l + 26 l). Vikt: 10,4 kg<\/p>\n","protected":false},"excerpt":{"rendered":"<p>SONGMICS k\u00f6kskorg, 2 x 17 l och 26 l, soptunna f\u00f6r avfallssortering med 3 fack f\u00f6r matavfall och avfallssortering, kolfilter, bred pedal, silver LTB550E60<\/p>\n","protected":false},"featured_media":43958,"comment_status":"open","ping_status":"closed","template":"","meta":[],"product_brand":[],"product_cat":[33],"product_tag":[],"class_list":{"0":"post-16237","1":"product","2":"type-product","3":"status-publish","4":"has-post-thumbnail","6":"product_cat-okategoriserad","8":"first","9":"instock","10":"shipping-taxable","11":"purchasable","12":"product-type-simple"},"_links":{"self":[{"href":"https:\/\/nordicmart.andreevmaster.com\/sv\/wp-json\/wp\/v2\/product\/16237","targetHints":{"allow":["GET"]}}],"collection":[{"href":"https:\/\/nordicmart.andreevmaster.com\/sv\/wp-json\/wp\/v2\/product"}],"about":[{"href":"https:\/\/nordicmart.andreevmaster.com\/sv\/wp-json\/wp\/v2\/types\/product"}],"replies":[{"embeddable":true,"href":"https:\/\/nordicmart.andreevmaster.com\/sv\/wp-json\/wp\/v2\/comments?post=16237"}],"wp:featuredmedia":[{"embeddable":true,"href":"https:\/\/nordicmart.andreevmaster.com\/sv\/wp-json\/wp\/v2\/media\/43958"}],"wp:attachment":[{"href":"https:\/\/nordicmart.andreevmaster.com\/sv\/wp-json\/wp\/v2\/media?parent=16237"}],"wp:term":[{"taxonomy":"product_brand","embeddable":true,"href":"https:\/\/nordicmart.andreevmaster.com\/sv\/wp-json\/wp\/v2\/product_brand?post=16237"},{"taxonomy":"product_cat","embeddable":true,"href":"https:\/\/nordicmart.andreevmaster.com\/sv\/wp-json\/wp\/v2\/product_cat?post=16237"},{"taxonomy":"product_tag","embeddable":true,"href":"https:\/\/nordicmart.andreevmaster.com\/sv\/wp-json\/wp\/v2\/product_tag?post=16237"}],"curies":[{"name":"wp","href":"https:\/\/api.w.org\/{rel}","templated":true}]}}