{"id":16236,"date":"2026-02-27T00:29:41","date_gmt":"2026-02-27T00:29:41","guid":{"rendered":"https:\/\/nordicmart.andreevmaster.com\/product\/songmics-soptunna-for-koket-3-x-18-l\/"},"modified":"2026-02-27T08:20:21","modified_gmt":"2026-02-27T08:20:21","slug":"songmics-soptunna-for-koket-3-x-18-l","status":"publish","type":"product","link":"https:\/\/nordicmart.andreevmaster.com\/sv\/produkt\/songmics-soptunna-for-koket-3-x-18-l\/","title":{"rendered":"SONGMICS soptunna f\u00f6r k\u00f6ket 3 x 18 L"},"content":{"rendered":"<p>Produktdetaljer: F\u00e4rg: Vit Material: St\u00e5l, PP-plast (innerkorg), ABS-plast (lock) Total storlek: 61,5 x 31,5 x 56 cm (L x B x H) Storlek per innerkorg: 18 x 26,5 x 49 cm (L x B x H) Total h\u00f6jd (med \u00f6ppet lock): 84,5 cm Vikt: 9,1 kg \u00c5tervinning kan ocks\u00e5 vara enkelt: Med denna pedalb\u00f6ssa med 3 separata fack kan du enkelt sortera ditt avfall, t.ex. restavfall och bioavfall. Allt du beh\u00f6ver g\u00f6ra \u00e4r att trampa p\u00e5 pedalen och sl\u00e4nga avfallet i innerbeh\u00e5llaren. Du beh\u00f6ver inte ens r\u00f6ra papperskorgen med h\u00e4nderna, vilket garanterar god hygien. En \u201dvalp- och barns\u00e4ker\u201d papperskorg: Rotar din hund ofta i papperskorgen? R\u00f6r dina sm\u00e5 ofta i den \u00f6ppna beh\u00e5llaren? Om s\u00e5 \u00e4r fallet vill du s\u00e4kert s\u00e4tta stopp f\u00f6r det. H\u00e4r kommer v\u00e5r pedalb\u00f6ssa in i bilden! Locket \u00f6ppnas f\u00f6rst n\u00e4r du trycker p\u00e5 pedalen. Leveransomfattning: 1 x soptunna 1 x bruksanvisning (DE, EN, FR, ES, IT) SONGMICS Anm\u00e4rkningar: Torka av produkten med en fuktig trasa och torka den sedan torr.<\/p>\n","protected":false},"excerpt":{"rendered":"<p>SONGMICS Soptunna, avfallssorteringssystem, med 3 innerk\u00e4rl av plast, pedalsoptunna, avfallsk\u00e4rl med fotpedal, av fingeravtrycksfritt rostfritt st\u00e5l, med handtag (54 liter 3 x 18 L) LTB54NL<\/p>\n","protected":false},"featured_media":43957,"comment_status":"open","ping_status":"closed","template":"","meta":[],"product_brand":[],"product_cat":[33],"product_tag":[],"class_list":{"0":"post-16236","1":"product","2":"type-product","3":"status-publish","4":"has-post-thumbnail","6":"product_cat-okategoriserad","8":"first","9":"instock","10":"shipping-taxable","11":"purchasable","12":"product-type-simple"},"_links":{"self":[{"href":"https:\/\/nordicmart.andreevmaster.com\/sv\/wp-json\/wp\/v2\/product\/16236","targetHints":{"allow":["GET"]}}],"collection":[{"href":"https:\/\/nordicmart.andreevmaster.com\/sv\/wp-json\/wp\/v2\/product"}],"about":[{"href":"https:\/\/nordicmart.andreevmaster.com\/sv\/wp-json\/wp\/v2\/types\/product"}],"replies":[{"embeddable":true,"href":"https:\/\/nordicmart.andreevmaster.com\/sv\/wp-json\/wp\/v2\/comments?post=16236"}],"wp:featuredmedia":[{"embeddable":true,"href":"https:\/\/nordicmart.andreevmaster.com\/sv\/wp-json\/wp\/v2\/media\/43957"}],"wp:attachment":[{"href":"https:\/\/nordicmart.andreevmaster.com\/sv\/wp-json\/wp\/v2\/media?parent=16236"}],"wp:term":[{"taxonomy":"product_brand","embeddable":true,"href":"https:\/\/nordicmart.andreevmaster.com\/sv\/wp-json\/wp\/v2\/product_brand?post=16236"},{"taxonomy":"product_cat","embeddable":true,"href":"https:\/\/nordicmart.andreevmaster.com\/sv\/wp-json\/wp\/v2\/product_cat?post=16236"},{"taxonomy":"product_tag","embeddable":true,"href":"https:\/\/nordicmart.andreevmaster.com\/sv\/wp-json\/wp\/v2\/product_tag?post=16236"}],"curies":[{"name":"wp","href":"https:\/\/api.w.org\/{rel}","templated":true}]}}