{"id":16233,"date":"2026-02-27T00:29:40","date_gmt":"2026-02-27T00:29:40","guid":{"rendered":"https:\/\/nordicmart.andreevmaster.com\/product\/songmics-avfallssorterare-54-liter-3-x-18-l\/"},"modified":"2026-02-27T08:20:20","modified_gmt":"2026-02-27T08:20:20","slug":"songmics-avfallssorterare-54-liter-3-x-18-l","status":"publish","type":"product","link":"https:\/\/nordicmart.andreevmaster.com\/sv\/produkt\/songmics-avfallssorterare-54-liter-3-x-18-l\/","title":{"rendered":"SONGMICS avfallssorterare 54 liter (3 x 18 L)"},"content":{"rendered":"<p>Songmics soptunna har ett klassiskt sorteringssystem i stilren design. Skydda milj\u00f6n och sortera ditt avfall p\u00e5 b\u00e4sta s\u00e4tt med denna soptunna f\u00f6r avfallssortering. Enkel, praktisk och optimal! De tre uttagbara innerk\u00e4rlen har handtag som g\u00f6r det snabbt och enkelt att t\u00f6mma dem. Intelligent sorteringssystem med h\u00f6g kapacitet (18 liter vardera) och kompakta m\u00e5tt. Pedalfunktionen m\u00f6jligg\u00f6r hygienisk anv\u00e4ndning av papperskorgen. Denna Songmics pedaldrivna papperskorg i rostfritt st\u00e5l uppfyller sitt syfte till fullo. Tack vare sin eleganta och moderna design passar den perfekt i alla rum i huset, samt i hissar, tr\u00e4dg\u00e5rdar etc. B\u00f6r finnas i alla hush\u00e5ll! Produktdetaljer: Material: Rostfritt st\u00e5l (h\u00f6lje); plast (innerhink) Ytterm\u00e5tt: 60,5 x 56,5 x 34 cm (B x H x D) M\u00e5tt innerhink: 26,5 x 48 x 18 cm (B x H x D) F\u00e4rg: silver Nettovikt: 7,51 kg Bruttovikt: 10,32 kg Leveransomfattning: 1x avfallssorterare <\/p>\n","protected":false},"excerpt":{"rendered":"<p>SONGMICS soptunna, avfallskorg, stor och luktfri, 54 L avfallsk\u00e4rl, avfallssorteringssystem med innerkorg, pedalsoptunna i rostfritt st\u00e5l, silver LTB54L<\/p>\n","protected":false},"featured_media":43954,"comment_status":"open","ping_status":"closed","template":"","meta":[],"product_brand":[],"product_cat":[33],"product_tag":[],"class_list":{"0":"post-16233","1":"product","2":"type-product","3":"status-publish","4":"has-post-thumbnail","6":"product_cat-okategoriserad","8":"first","9":"instock","10":"shipping-taxable","11":"purchasable","12":"product-type-simple"},"_links":{"self":[{"href":"https:\/\/nordicmart.andreevmaster.com\/sv\/wp-json\/wp\/v2\/product\/16233","targetHints":{"allow":["GET"]}}],"collection":[{"href":"https:\/\/nordicmart.andreevmaster.com\/sv\/wp-json\/wp\/v2\/product"}],"about":[{"href":"https:\/\/nordicmart.andreevmaster.com\/sv\/wp-json\/wp\/v2\/types\/product"}],"replies":[{"embeddable":true,"href":"https:\/\/nordicmart.andreevmaster.com\/sv\/wp-json\/wp\/v2\/comments?post=16233"}],"wp:featuredmedia":[{"embeddable":true,"href":"https:\/\/nordicmart.andreevmaster.com\/sv\/wp-json\/wp\/v2\/media\/43954"}],"wp:attachment":[{"href":"https:\/\/nordicmart.andreevmaster.com\/sv\/wp-json\/wp\/v2\/media?parent=16233"}],"wp:term":[{"taxonomy":"product_brand","embeddable":true,"href":"https:\/\/nordicmart.andreevmaster.com\/sv\/wp-json\/wp\/v2\/product_brand?post=16233"},{"taxonomy":"product_cat","embeddable":true,"href":"https:\/\/nordicmart.andreevmaster.com\/sv\/wp-json\/wp\/v2\/product_cat?post=16233"},{"taxonomy":"product_tag","embeddable":true,"href":"https:\/\/nordicmart.andreevmaster.com\/sv\/wp-json\/wp\/v2\/product_tag?post=16233"}],"curies":[{"name":"wp","href":"https:\/\/api.w.org\/{rel}","templated":true}]}}