{"id":16231,"date":"2026-02-27T00:29:40","date_gmt":"2026-02-27T00:29:40","guid":{"rendered":"https:\/\/nordicmart.andreevmaster.com\/product\/songmics-54-liters-soptunna-for-koket\/"},"modified":"2026-02-27T08:20:19","modified_gmt":"2026-02-27T08:20:19","slug":"songmics-54-liters-soptunna-for-koket","status":"publish","type":"product","link":"https:\/\/nordicmart.andreevmaster.com\/sv\/produkt\/songmics-54-liters-soptunna-for-koket\/","title":{"rendered":"SONGMICS 54 liters soptunna f\u00f6r k\u00f6ket"},"content":{"rendered":"<p>Produktdetaljer: F\u00e4rg: Gr\u00e5-svart Material: St\u00e5l, ABS-plast Total storlek: 60,4 x 30 x 56,3 cm (L x B x H) Storlek per innerkorg: 18 x 26,4 x 49 cm (L x B x H) Total h\u00f6jd (med \u00f6ppet lock): 82 cm Vikt: 7,5 kg Leveransomfattning: 1 x soptunna \u00c5tervinning kan ocks\u00e5 vara enkelt: Med denna pedalsoptunna med 3 separata fack kan du enkelt sortera ditt avfall, t.ex. restavfall och bioavfall. Allt du beh\u00f6ver g\u00f6ra \u00e4r att trampa p\u00e5 pedalen och kasta avfallet i innerbeh\u00e5llaren. Du beh\u00f6ver inte ens r\u00f6ra papperskorgen med h\u00e4nderna, vilket garanterar god hygien. En papperskorg som \u00e4r s\u00e4ker f\u00f6r valpar och barn: Rotar din hund ofta i papperskorgen? R\u00f6r dina sm\u00e5 ofta i den \u00f6ppna beh\u00e5llaren? Om s\u00e5 \u00e4r fallet vill du s\u00e4kert s\u00e4tta stopp f\u00f6r det. H\u00e4r kommer v\u00e5r pedalpapperskorg in i bilden! Locket \u00f6ppnas f\u00f6rst n\u00e4r du trycker p\u00e5 pedalen.<\/p>\n","protected":false},"excerpt":{"rendered":"<p>SONGMICS soptunna, avfallskorg, stor och luktfri, 54 L avfallsk\u00e4rl, avfallssorteringssystem med innerkorg, pedalsoptunna i rostfritt st\u00e5l, silver LTB54L<\/p>\n","protected":false},"featured_media":43952,"comment_status":"open","ping_status":"closed","template":"","meta":[],"product_brand":[],"product_cat":[33],"product_tag":[],"class_list":{"0":"post-16231","1":"product","2":"type-product","3":"status-publish","4":"has-post-thumbnail","6":"product_cat-okategoriserad","8":"first","9":"instock","10":"shipping-taxable","11":"purchasable","12":"product-type-simple"},"_links":{"self":[{"href":"https:\/\/nordicmart.andreevmaster.com\/sv\/wp-json\/wp\/v2\/product\/16231","targetHints":{"allow":["GET"]}}],"collection":[{"href":"https:\/\/nordicmart.andreevmaster.com\/sv\/wp-json\/wp\/v2\/product"}],"about":[{"href":"https:\/\/nordicmart.andreevmaster.com\/sv\/wp-json\/wp\/v2\/types\/product"}],"replies":[{"embeddable":true,"href":"https:\/\/nordicmart.andreevmaster.com\/sv\/wp-json\/wp\/v2\/comments?post=16231"}],"wp:featuredmedia":[{"embeddable":true,"href":"https:\/\/nordicmart.andreevmaster.com\/sv\/wp-json\/wp\/v2\/media\/43952"}],"wp:attachment":[{"href":"https:\/\/nordicmart.andreevmaster.com\/sv\/wp-json\/wp\/v2\/media?parent=16231"}],"wp:term":[{"taxonomy":"product_brand","embeddable":true,"href":"https:\/\/nordicmart.andreevmaster.com\/sv\/wp-json\/wp\/v2\/product_brand?post=16231"},{"taxonomy":"product_cat","embeddable":true,"href":"https:\/\/nordicmart.andreevmaster.com\/sv\/wp-json\/wp\/v2\/product_cat?post=16231"},{"taxonomy":"product_tag","embeddable":true,"href":"https:\/\/nordicmart.andreevmaster.com\/sv\/wp-json\/wp\/v2\/product_tag?post=16231"}],"curies":[{"name":"wp","href":"https:\/\/api.w.org\/{rel}","templated":true}]}}