{"id":16225,"date":"2026-02-27T00:29:39","date_gmt":"2026-02-27T00:29:39","guid":{"rendered":"https:\/\/nordicmart.andreevmaster.com\/product\/songmics-2-fack-for-atervinning-och-restavfall-sandbeige\/"},"modified":"2026-02-27T08:20:18","modified_gmt":"2026-02-27T08:20:18","slug":"songmics-2-fack-for-atervinning-och-restavfall-sandbeige","status":"publish","type":"product","link":"https:\/\/nordicmart.andreevmaster.com\/sv\/produkt\/songmics-2-fack-for-atervinning-och-restavfall-sandbeige\/","title":{"rendered":"SONGMICS 2 fack f\u00f6r \u00e5tervinning och restavfall sandbeige"},"content":{"rendered":"<p>SONGMICS soptunna f\u00f6r k\u00f6ket, avfallssorteringssystem 2 x 15 l, 2 fack f\u00f6r \u00e5tervinning och restavfall, soptunna, innerbeh\u00e5llare, st\u00e5l, softclose-lock, bred robust pedal, molnvit LTB544W02<br \/>\nF\u00e4rg: Sandbeige<br \/>\nMaterial: St\u00e5l, innerbeh\u00e5llare av PP-plast<br \/>\nStorlek: 41,7 x 33,2 x 49,4 cm (L x B x H)<br \/>\nTotal h\u00f6jd (med \u00f6ppet lock): 74 cm<br \/>\nStorlek per innerbeh\u00e5llare: 22,5 x 18,2 x 44,8 cm (L x B x H)<br \/>\nStorlek p\u00e5 pedalen: 18,5 x 5,3 cm (L x B)<br \/>\nKapacitet: 2 x 15 l<br \/>\nVikt: 4,9 kg<\/p>\n","protected":false},"excerpt":{"rendered":"<p>SONGMICS soptunna f\u00f6r k\u00f6ket, avfallssorteringssystem 2 x 15 l, 2 fack f\u00f6r \u00e5tervinning och restavfall, soptunna, innerbeh\u00e5llare, st\u00e5l, softclose-lock, bred robust pedal, molnvit LTB544W02<\/p>\n","protected":false},"featured_media":43946,"comment_status":"open","ping_status":"closed","template":"","meta":[],"product_brand":[],"product_cat":[33],"product_tag":[],"class_list":{"0":"post-16225","1":"product","2":"type-product","3":"status-publish","4":"has-post-thumbnail","6":"product_cat-okategoriserad","8":"first","9":"instock","10":"shipping-taxable","11":"purchasable","12":"product-type-simple"},"_links":{"self":[{"href":"https:\/\/nordicmart.andreevmaster.com\/sv\/wp-json\/wp\/v2\/product\/16225","targetHints":{"allow":["GET"]}}],"collection":[{"href":"https:\/\/nordicmart.andreevmaster.com\/sv\/wp-json\/wp\/v2\/product"}],"about":[{"href":"https:\/\/nordicmart.andreevmaster.com\/sv\/wp-json\/wp\/v2\/types\/product"}],"replies":[{"embeddable":true,"href":"https:\/\/nordicmart.andreevmaster.com\/sv\/wp-json\/wp\/v2\/comments?post=16225"}],"wp:featuredmedia":[{"embeddable":true,"href":"https:\/\/nordicmart.andreevmaster.com\/sv\/wp-json\/wp\/v2\/media\/43946"}],"wp:attachment":[{"href":"https:\/\/nordicmart.andreevmaster.com\/sv\/wp-json\/wp\/v2\/media?parent=16225"}],"wp:term":[{"taxonomy":"product_brand","embeddable":true,"href":"https:\/\/nordicmart.andreevmaster.com\/sv\/wp-json\/wp\/v2\/product_brand?post=16225"},{"taxonomy":"product_cat","embeddable":true,"href":"https:\/\/nordicmart.andreevmaster.com\/sv\/wp-json\/wp\/v2\/product_cat?post=16225"},{"taxonomy":"product_tag","embeddable":true,"href":"https:\/\/nordicmart.andreevmaster.com\/sv\/wp-json\/wp\/v2\/product_tag?post=16225"}],"curies":[{"name":"wp","href":"https:\/\/api.w.org\/{rel}","templated":true}]}}