{"id":16222,"date":"2026-02-27T00:29:38","date_gmt":"2026-02-27T00:29:38","guid":{"rendered":"https:\/\/nordicmart.andreevmaster.com\/product\/songmics-soptunna-20-liter-med-lock-black-svart\/"},"modified":"2026-02-27T08:20:17","modified_gmt":"2026-02-27T08:20:17","slug":"songmics-soptunna-20-liter-med-lock-black-svart","status":"publish","type":"product","link":"https:\/\/nordicmart.andreevmaster.com\/sv\/produkt\/songmics-soptunna-20-liter-med-lock-black-svart\/","title":{"rendered":"SONGMICS soptunna 20 liter med lock, bl\u00e4ck svart"},"content":{"rendered":"<p>SONGMICS soptunna f\u00f6r k\u00f6ket, 20 liters soptunna med lock, pedalsoptunna, st\u00e5l, mjukst\u00e4ngning, \u00f6ppningsfunktion, med innerbeh\u00e5llare, bred halkfri pedal<br \/>\nF\u00e4rg: bl\u00e4ck svart<br \/>\nMaterial: st\u00e5l, PP-plast<br \/>\nStorlek: 36,6 x 30 x 42,5 cm (L x B x H)<br \/>\nTotal h\u00f6jd (med \u00f6ppet lock): 64 cm<br \/>\nStorlek p\u00e5 innerk\u00e4rl: 33,1 x 21,2 x 39 cm (L x B x H)<br \/>\nKapacitet: 20 liter<br \/>\nVikt: 3,8 kg<\/p>\n","protected":false},"excerpt":{"rendered":"<p>SONGMICS soptunna f\u00f6r k\u00f6ket, 20 liters soptunna med lock, pedalsoptunna, st\u00e5l, mjukst\u00e4ngning, \u00f6ppningsfunktion, med innerbeh\u00e5llare, bred halkfri pedal<\/p>\n","protected":false},"featured_media":43943,"comment_status":"open","ping_status":"closed","template":"","meta":[],"product_brand":[],"product_cat":[33],"product_tag":[],"class_list":{"0":"post-16222","1":"product","2":"type-product","3":"status-publish","4":"has-post-thumbnail","6":"product_cat-okategoriserad","8":"first","9":"instock","10":"shipping-taxable","11":"purchasable","12":"product-type-simple"},"_links":{"self":[{"href":"https:\/\/nordicmart.andreevmaster.com\/sv\/wp-json\/wp\/v2\/product\/16222","targetHints":{"allow":["GET"]}}],"collection":[{"href":"https:\/\/nordicmart.andreevmaster.com\/sv\/wp-json\/wp\/v2\/product"}],"about":[{"href":"https:\/\/nordicmart.andreevmaster.com\/sv\/wp-json\/wp\/v2\/types\/product"}],"replies":[{"embeddable":true,"href":"https:\/\/nordicmart.andreevmaster.com\/sv\/wp-json\/wp\/v2\/comments?post=16222"}],"wp:featuredmedia":[{"embeddable":true,"href":"https:\/\/nordicmart.andreevmaster.com\/sv\/wp-json\/wp\/v2\/media\/43943"}],"wp:attachment":[{"href":"https:\/\/nordicmart.andreevmaster.com\/sv\/wp-json\/wp\/v2\/media?parent=16222"}],"wp:term":[{"taxonomy":"product_brand","embeddable":true,"href":"https:\/\/nordicmart.andreevmaster.com\/sv\/wp-json\/wp\/v2\/product_brand?post=16222"},{"taxonomy":"product_cat","embeddable":true,"href":"https:\/\/nordicmart.andreevmaster.com\/sv\/wp-json\/wp\/v2\/product_cat?post=16222"},{"taxonomy":"product_tag","embeddable":true,"href":"https:\/\/nordicmart.andreevmaster.com\/sv\/wp-json\/wp\/v2\/product_tag?post=16222"}],"curies":[{"name":"wp","href":"https:\/\/api.w.org\/{rel}","templated":true}]}}