{"id":16217,"date":"2026-02-27T00:29:37","date_gmt":"2026-02-27T00:29:37","guid":{"rendered":"https:\/\/nordicmart.andreevmaster.com\/product\/songmics-soptunna-for-kok-50-liter-av-metall-med-lock-vit-svart\/"},"modified":"2026-02-27T08:20:16","modified_gmt":"2026-02-27T08:20:16","slug":"songmics-soptunna-for-kok-50-liter-av-metall-med-lock-vit-svart","status":"publish","type":"product","link":"https:\/\/nordicmart.andreevmaster.com\/sv\/produkt\/songmics-soptunna-for-kok-50-liter-av-metall-med-lock-vit-svart\/","title":{"rendered":"SONGMICS soptunna f\u00f6r k\u00f6k 50 liter av metall med lock, vit-svart"},"content":{"rendered":"<p>SONGMICS soptunna f\u00f6r k\u00f6ket, 50 liters soptunna, pedalsoptunna i metall, med lock, h\u00f6g, smal och rymlig, svart LTB530B5002<br \/>\nF\u00e4rg: Vit-svart<br \/>\nMaterial: st\u00e5l, PP-plast<br \/>\nStorlek (utan fotpedal): 40,4 x 32,1 x 58,6 cm (L x B x H)<br \/>\nTotal h\u00f6jd (med \u00f6ppet lock): 88 cm<br \/>\nFotpedalens storlek: 19,7 x 5,9 cm (L x B)<br \/>\nKapacitet: 50 liter<br \/>\nVikt: 4,4 kg<br \/>\nL\u00e4mpliga sopp\u00e5sar: 45\u201355 liter<\/p>\n","protected":false},"excerpt":{"rendered":"<p>SONGMICS soptunna f\u00f6r k\u00f6ket, 50 liters soptunna, pedalsoptunna i metall, med lock, h\u00f6g, smal och rymlig, svart LTB530B5002<\/p>\n","protected":false},"featured_media":43938,"comment_status":"open","ping_status":"closed","template":"","meta":[],"product_brand":[],"product_cat":[33],"product_tag":[],"class_list":{"0":"post-16217","1":"product","2":"type-product","3":"status-publish","4":"has-post-thumbnail","6":"product_cat-okategoriserad","8":"first","9":"instock","10":"shipping-taxable","11":"purchasable","12":"product-type-simple"},"_links":{"self":[{"href":"https:\/\/nordicmart.andreevmaster.com\/sv\/wp-json\/wp\/v2\/product\/16217","targetHints":{"allow":["GET"]}}],"collection":[{"href":"https:\/\/nordicmart.andreevmaster.com\/sv\/wp-json\/wp\/v2\/product"}],"about":[{"href":"https:\/\/nordicmart.andreevmaster.com\/sv\/wp-json\/wp\/v2\/types\/product"}],"replies":[{"embeddable":true,"href":"https:\/\/nordicmart.andreevmaster.com\/sv\/wp-json\/wp\/v2\/comments?post=16217"}],"wp:featuredmedia":[{"embeddable":true,"href":"https:\/\/nordicmart.andreevmaster.com\/sv\/wp-json\/wp\/v2\/media\/43938"}],"wp:attachment":[{"href":"https:\/\/nordicmart.andreevmaster.com\/sv\/wp-json\/wp\/v2\/media?parent=16217"}],"wp:term":[{"taxonomy":"product_brand","embeddable":true,"href":"https:\/\/nordicmart.andreevmaster.com\/sv\/wp-json\/wp\/v2\/product_brand?post=16217"},{"taxonomy":"product_cat","embeddable":true,"href":"https:\/\/nordicmart.andreevmaster.com\/sv\/wp-json\/wp\/v2\/product_cat?post=16217"},{"taxonomy":"product_tag","embeddable":true,"href":"https:\/\/nordicmart.andreevmaster.com\/sv\/wp-json\/wp\/v2\/product_tag?post=16217"}],"curies":[{"name":"wp","href":"https:\/\/api.w.org\/{rel}","templated":true}]}}