{"id":16210,"date":"2026-02-27T00:29:35","date_gmt":"2026-02-27T00:29:35","guid":{"rendered":"https:\/\/nordicmart.andreevmaster.com\/product\/songmics-soptunna-for-kok-68-liter-i-metall-med-lock-silver-svart\/"},"modified":"2026-02-27T08:20:15","modified_gmt":"2026-02-27T08:20:15","slug":"songmics-soptunna-for-kok-68-liter-i-metall-med-lock-silver-svart","status":"publish","type":"product","link":"https:\/\/nordicmart.andreevmaster.com\/sv\/produkt\/songmics-soptunna-for-kok-68-liter-i-metall-med-lock-silver-svart\/","title":{"rendered":"SONGMICS soptunna f\u00f6r k\u00f6k 68 liter i metall med lock, silver-svart"},"content":{"rendered":"<p>SONGMICS soptunna f\u00f6r k\u00f6ket, 68 liters soptunna, pedalsoptunna i metall, med lock, h\u00f6g, smal och rymlig, vit-svart LTB520W6802<br \/>\nF\u00e4rg: silver-svart<br \/>\nMaterial: St\u00e5l, PP-plast<br \/>\nStorlek (utan fotpedal): 40,4 x 38 x 77 cm (L x B x H)<br \/>\nTotal h\u00f6jd (med \u00f6ppet lock): 108 cm<br \/>\nFotpedalens storlek: 19,7 x 5,9 cm (L x B)<br \/>\nKapacitet: 68 liter<br \/>\nVikt: 5,5 kg<br \/>\nL\u00e4mpliga sopp\u00e5sar: 60\u201368 liter<\/p>\n","protected":false},"excerpt":{"rendered":"<p>SONGMICS soptunna f\u00f6r k\u00f6ket, 68 liters soptunna, pedalsoptunna i metall, med lock, h\u00f6g, smal och rymlig, vit-svart LTB520W6802<\/p>\n","protected":false},"featured_media":43931,"comment_status":"open","ping_status":"closed","template":"","meta":[],"product_brand":[],"product_cat":[33],"product_tag":[],"class_list":{"0":"post-16210","1":"product","2":"type-product","3":"status-publish","4":"has-post-thumbnail","6":"product_cat-okategoriserad","8":"first","9":"instock","10":"shipping-taxable","11":"purchasable","12":"product-type-simple"},"_links":{"self":[{"href":"https:\/\/nordicmart.andreevmaster.com\/sv\/wp-json\/wp\/v2\/product\/16210","targetHints":{"allow":["GET"]}}],"collection":[{"href":"https:\/\/nordicmart.andreevmaster.com\/sv\/wp-json\/wp\/v2\/product"}],"about":[{"href":"https:\/\/nordicmart.andreevmaster.com\/sv\/wp-json\/wp\/v2\/types\/product"}],"replies":[{"embeddable":true,"href":"https:\/\/nordicmart.andreevmaster.com\/sv\/wp-json\/wp\/v2\/comments?post=16210"}],"wp:featuredmedia":[{"embeddable":true,"href":"https:\/\/nordicmart.andreevmaster.com\/sv\/wp-json\/wp\/v2\/media\/43931"}],"wp:attachment":[{"href":"https:\/\/nordicmart.andreevmaster.com\/sv\/wp-json\/wp\/v2\/media?parent=16210"}],"wp:term":[{"taxonomy":"product_brand","embeddable":true,"href":"https:\/\/nordicmart.andreevmaster.com\/sv\/wp-json\/wp\/v2\/product_brand?post=16210"},{"taxonomy":"product_cat","embeddable":true,"href":"https:\/\/nordicmart.andreevmaster.com\/sv\/wp-json\/wp\/v2\/product_cat?post=16210"},{"taxonomy":"product_tag","embeddable":true,"href":"https:\/\/nordicmart.andreevmaster.com\/sv\/wp-json\/wp\/v2\/product_tag?post=16210"}],"curies":[{"name":"wp","href":"https:\/\/api.w.org\/{rel}","templated":true}]}}