{"id":16203,"date":"2026-02-27T00:29:33","date_gmt":"2026-02-27T00:29:33","guid":{"rendered":"https:\/\/nordicmart.andreevmaster.com\/product\/songmics-avfallssorteringssystem-med-2-fack\/"},"modified":"2026-02-27T08:20:13","modified_gmt":"2026-02-27T08:20:13","slug":"songmics-avfallssorteringssystem-med-2-fack","status":"publish","type":"product","link":"https:\/\/nordicmart.andreevmaster.com\/sv\/produkt\/songmics-avfallssorteringssystem-med-2-fack\/","title":{"rendered":"SONGMICS avfallssorteringssystem med 2 fack"},"content":{"rendered":"<p>Varf\u00f6r ska du v\u00e4lja denna soptunna fr\u00e5n SONGMICS? Modern och stilren Robust, tillverkad av h\u00f6gkvalitativa material Genomt\u00e4nkt, praktisk design \u00c5tervinning kan ocks\u00e5 vara enkelt: Med denna pedalsoptunna med 2 separata fack kan du enkelt sortera ditt avfall, t.ex. restavfall och bioavfall. Allt du beh\u00f6ver g\u00f6ra \u00e4r att trampa p\u00e5 pedalen och sl\u00e4nga avfallet i den inre soptunnan. Du beh\u00f6ver inte ens r\u00f6ra soptunnan med handen, vilket garanterar god hygien. En \u201dvalp- och barns\u00e4ker\u201d soptunna: Rotar din hund ofta i soptunnan? R\u00f6r dina sm\u00e5 ofta i den \u00f6ppna beh\u00e5llaren? Om s\u00e5 \u00e4r fallet vill du s\u00e4kert s\u00e4tta stopp f\u00f6r det. H\u00e4r kommer v\u00e5r pedalb\u00f6ssa in i bilden! Locket \u00f6ppnas f\u00f6rst n\u00e4r du trycker p\u00e5 pedalen. Produktdetaljer: F\u00e4rg: Svart Material: St\u00e5l, PP-plast (innerbeh\u00e5llare), ABS-plast (lock) Totalstorlek: 58,5 x 32 x 54,5 cm (L x B x H) Storlek per innerbeh\u00e5llare: 27,5 x 26,5 x 48 cm (L x B x H) Total h\u00f6jd (med \u00f6ppet lock): 83 cm Vikt: 7,5 kg Leveransomfattning: 1 x papperskorg 1 x bruksanvisning (DE, EN, FR, ES, IT) SONGMICS Anm\u00e4rkningar:Torka av produkten med en fuktig trasa och torka den sedan torr.<\/p>\n","protected":false},"excerpt":{"rendered":"<p>SONGMICS Soptunna, avfallssorteringssystem, med 2 innerk\u00e4rl av plast, 2 x 30 L pedalsoptunna, soptunna med fotpedal, med handtag, silver LTB60NL<\/p>\n","protected":false},"featured_media":43924,"comment_status":"open","ping_status":"closed","template":"","meta":[],"product_brand":[],"product_cat":[33],"product_tag":[],"class_list":{"0":"post-16203","1":"product","2":"type-product","3":"status-publish","4":"has-post-thumbnail","6":"product_cat-okategoriserad","8":"first","9":"instock","10":"shipping-taxable","11":"purchasable","12":"product-type-simple"},"_links":{"self":[{"href":"https:\/\/nordicmart.andreevmaster.com\/sv\/wp-json\/wp\/v2\/product\/16203","targetHints":{"allow":["GET"]}}],"collection":[{"href":"https:\/\/nordicmart.andreevmaster.com\/sv\/wp-json\/wp\/v2\/product"}],"about":[{"href":"https:\/\/nordicmart.andreevmaster.com\/sv\/wp-json\/wp\/v2\/types\/product"}],"replies":[{"embeddable":true,"href":"https:\/\/nordicmart.andreevmaster.com\/sv\/wp-json\/wp\/v2\/comments?post=16203"}],"wp:featuredmedia":[{"embeddable":true,"href":"https:\/\/nordicmart.andreevmaster.com\/sv\/wp-json\/wp\/v2\/media\/43924"}],"wp:attachment":[{"href":"https:\/\/nordicmart.andreevmaster.com\/sv\/wp-json\/wp\/v2\/media?parent=16203"}],"wp:term":[{"taxonomy":"product_brand","embeddable":true,"href":"https:\/\/nordicmart.andreevmaster.com\/sv\/wp-json\/wp\/v2\/product_brand?post=16203"},{"taxonomy":"product_cat","embeddable":true,"href":"https:\/\/nordicmart.andreevmaster.com\/sv\/wp-json\/wp\/v2\/product_cat?post=16203"},{"taxonomy":"product_tag","embeddable":true,"href":"https:\/\/nordicmart.andreevmaster.com\/sv\/wp-json\/wp\/v2\/product_tag?post=16203"}],"curies":[{"name":"wp","href":"https:\/\/api.w.org\/{rel}","templated":true}]}}