{"id":16199,"date":"2026-02-27T00:29:32","date_gmt":"2026-02-27T00:29:32","guid":{"rendered":"https:\/\/nordicmart.andreevmaster.com\/product\/songmics-soptunna-3-x-15-liter-med-lock-och-innerbehallare-svart\/"},"modified":"2026-02-27T08:20:13","modified_gmt":"2026-02-27T08:20:13","slug":"songmics-soptunna-3-x-15-liter-med-lock-och-innerbehallare-svart","status":"publish","type":"product","link":"https:\/\/nordicmart.andreevmaster.com\/sv\/produkt\/songmics-soptunna-3-x-15-liter-med-lock-och-innerbehallare-svart\/","title":{"rendered":"SONGMICS soptunna 3 x 15 liter med lock och innerbeh\u00e5llare, svart"},"content":{"rendered":"<p>SONGMICS Soptunna Avfallsk\u00e4rl Avfallsk\u00e4rl med innerk\u00e4rl Avfallssorteringssystem Trampk\u00e4rl Rostfritt st\u00e5l 45 liter 3 x 15L, F\u00e4rgad<br \/>\nF\u00e4rg: svart<br \/>\nMaterial: Rostfritt st\u00e5l, plast<br \/>\nStorlek (utan fotpedal): 60,5 x 31,5 x 48,5 cm (L x B x H)<br \/>\nStorlek per innerkorg: 17,7 x 26,5 x 40,5 cm (L x B x H)<br \/>\nTotal h\u00f6jd (med \u00f6ppet lock): 73 cm<br \/>\nVikt: 6,3 kg<\/p>\n","protected":false},"excerpt":{"rendered":"<p>SONGMICS Soptunna Avfallsk\u00e4rl Avfallsk\u00e4rl med innerk\u00e4rl Avfallssorteringssystem Trampk\u00e4rl Rostfritt st\u00e5l 45 liter 3 x 15L, F\u00e4rgad<\/p>\n","protected":false},"featured_media":43920,"comment_status":"open","ping_status":"closed","template":"","meta":[],"product_brand":[],"product_cat":[33],"product_tag":[],"class_list":{"0":"post-16199","1":"product","2":"type-product","3":"status-publish","4":"has-post-thumbnail","6":"product_cat-okategoriserad","8":"first","9":"instock","10":"shipping-taxable","11":"purchasable","12":"product-type-simple"},"_links":{"self":[{"href":"https:\/\/nordicmart.andreevmaster.com\/sv\/wp-json\/wp\/v2\/product\/16199","targetHints":{"allow":["GET"]}}],"collection":[{"href":"https:\/\/nordicmart.andreevmaster.com\/sv\/wp-json\/wp\/v2\/product"}],"about":[{"href":"https:\/\/nordicmart.andreevmaster.com\/sv\/wp-json\/wp\/v2\/types\/product"}],"replies":[{"embeddable":true,"href":"https:\/\/nordicmart.andreevmaster.com\/sv\/wp-json\/wp\/v2\/comments?post=16199"}],"wp:featuredmedia":[{"embeddable":true,"href":"https:\/\/nordicmart.andreevmaster.com\/sv\/wp-json\/wp\/v2\/media\/43920"}],"wp:attachment":[{"href":"https:\/\/nordicmart.andreevmaster.com\/sv\/wp-json\/wp\/v2\/media?parent=16199"}],"wp:term":[{"taxonomy":"product_brand","embeddable":true,"href":"https:\/\/nordicmart.andreevmaster.com\/sv\/wp-json\/wp\/v2\/product_brand?post=16199"},{"taxonomy":"product_cat","embeddable":true,"href":"https:\/\/nordicmart.andreevmaster.com\/sv\/wp-json\/wp\/v2\/product_cat?post=16199"},{"taxonomy":"product_tag","embeddable":true,"href":"https:\/\/nordicmart.andreevmaster.com\/sv\/wp-json\/wp\/v2\/product_tag?post=16199"}],"curies":[{"name":"wp","href":"https:\/\/api.w.org\/{rel}","templated":true}]}}