{"id":16198,"date":"2026-02-27T00:29:32","date_gmt":"2026-02-27T00:29:32","guid":{"rendered":"https:\/\/nordicmart.andreevmaster.com\/product\/songmics-soptunna-40-liter-2-x-20-l-vit\/"},"modified":"2026-02-27T08:20:12","modified_gmt":"2026-02-27T08:20:12","slug":"songmics-soptunna-40-liter-2-x-20-l-vit","status":"publish","type":"product","link":"https:\/\/nordicmart.andreevmaster.com\/sv\/produkt\/songmics-soptunna-40-liter-2-x-20-l-vit\/","title":{"rendered":"SONGMICS soptunna 40 liter (2 x 20 L) vit"},"content":{"rendered":"<p>Varf\u00f6r ska du v\u00e4lja denna soptunna? Den vita f\u00e4rgen ger ditt k\u00f6k en elegant touch. Den f\u00f6rst\u00e4rkta st\u00e5lbeh\u00e5llaren \u00e4r robust och h\u00e5llbar. Standardfunktioner: \u00c5tervinning kan ocks\u00e5 vara enkelt Med denna pedalsoptunna med 2 separata fack kan du enkelt sortera ditt avfall, t.ex. restavfall och bioavfall. Allt du beh\u00f6ver g\u00f6ra \u00e4r att trampa p\u00e5 pedalen och sl\u00e4nga avfallet i den inre beh\u00e5llaren. Du beh\u00f6ver inte ens r\u00f6ra papperskorgen med handen, vilket garanterar god hygien. En \u201dvalp- och barns\u00e4ker\u201d papperskorg Rotar din hund ofta i papperskorgen? R\u00f6r dina sm\u00e5 ofta i den \u00f6ppna beh\u00e5llaren? Om s\u00e5 \u00e4r fallet vill du s\u00e4kert s\u00e4tta stopp f\u00f6r det. H\u00e4r kommer v\u00e5r pedalsoptunna in i bilden! Locket \u00f6ppnas f\u00f6rst n\u00e4r du trycker p\u00e5 pedalen. Tack vare det h\u00f6gkvalitativa materialet och den praktiska designen \u00e4r denna soptunna en smart l\u00f6sning f\u00f6r avfallshantering. Skaffa denna soptunna, anv\u00e4nd den och dela resultaten med oss i recensionerna! Produktdetaljer: F\u00e4rg: Vit Material: Pulverlackerat st\u00e5l, PP-plast (innerkorg) M\u00e5tt: 44,5 x 36 x 60 cm (L x B x H\uff09M\u00e5tt innerkorg: 28,5 x 19 x 50 cm (L x B x H\uff09Total h\u00f6jd (med \u00f6ppet lock): 92 cmVikt: 9 kgLeveransomfattning:1 x papperskorgSONGMICS Anvisningar:Torka av produkten med en mjuk, fuktig trasa och anv\u00e4nd vid behov milt reng\u00f6ringsmedel.<\/p>\n","protected":false},"excerpt":{"rendered":"<p>SONGMICS 40 L soptunna med 2 fack, 2 x 20 L, soptunna, pedalsoptunna i metall, innerbeh\u00e5llare i plast, med lock och handtag, mjukst\u00e4ngning, luftt\u00e4t, vit LTB40WT<\/p>\n","protected":false},"featured_media":43919,"comment_status":"open","ping_status":"closed","template":"","meta":[],"product_brand":[],"product_cat":[33],"product_tag":[],"class_list":{"0":"post-16198","1":"product","2":"type-product","3":"status-publish","4":"has-post-thumbnail","6":"product_cat-okategoriserad","8":"first","9":"instock","10":"shipping-taxable","11":"purchasable","12":"product-type-simple"},"_links":{"self":[{"href":"https:\/\/nordicmart.andreevmaster.com\/sv\/wp-json\/wp\/v2\/product\/16198","targetHints":{"allow":["GET"]}}],"collection":[{"href":"https:\/\/nordicmart.andreevmaster.com\/sv\/wp-json\/wp\/v2\/product"}],"about":[{"href":"https:\/\/nordicmart.andreevmaster.com\/sv\/wp-json\/wp\/v2\/types\/product"}],"replies":[{"embeddable":true,"href":"https:\/\/nordicmart.andreevmaster.com\/sv\/wp-json\/wp\/v2\/comments?post=16198"}],"wp:featuredmedia":[{"embeddable":true,"href":"https:\/\/nordicmart.andreevmaster.com\/sv\/wp-json\/wp\/v2\/media\/43919"}],"wp:attachment":[{"href":"https:\/\/nordicmart.andreevmaster.com\/sv\/wp-json\/wp\/v2\/media?parent=16198"}],"wp:term":[{"taxonomy":"product_brand","embeddable":true,"href":"https:\/\/nordicmart.andreevmaster.com\/sv\/wp-json\/wp\/v2\/product_brand?post=16198"},{"taxonomy":"product_cat","embeddable":true,"href":"https:\/\/nordicmart.andreevmaster.com\/sv\/wp-json\/wp\/v2\/product_cat?post=16198"},{"taxonomy":"product_tag","embeddable":true,"href":"https:\/\/nordicmart.andreevmaster.com\/sv\/wp-json\/wp\/v2\/product_tag?post=16198"}],"curies":[{"name":"wp","href":"https:\/\/api.w.org\/{rel}","templated":true}]}}