{"id":16197,"date":"2026-02-27T00:29:32","date_gmt":"2026-02-27T00:29:32","guid":{"rendered":"https:\/\/nordicmart.andreevmaster.com\/product\/songmics-40-l-soptunna-med-2-fack-silver\/"},"modified":"2026-02-27T08:20:12","modified_gmt":"2026-02-27T08:20:12","slug":"songmics-40-l-soptunna-med-2-fack-silver","status":"publish","type":"product","link":"https:\/\/nordicmart.andreevmaster.com\/sv\/produkt\/songmics-40-l-soptunna-med-2-fack-silver\/","title":{"rendered":"SONGMICS 40 L soptunna med 2 fack, silver"},"content":{"rendered":"<p>\u00c5tervinning kan ocks\u00e5 vara enkelt: Med denna pedalb\u00f6ssa med 2 separata fack kan du enkelt sortera ditt avfall, t.ex. restavfall och bioavfall. Allt du beh\u00f6ver g\u00f6ra \u00e4r att trampa p\u00e5 pedalen och sl\u00e4nga avfallet i den inre soptunnan. Du beh\u00f6ver inte ens r\u00f6ra soptunnan med handen, vilket garanterar god hygien. En &#8221;valp- och barns\u00e4ker&#8221; soptunna: Rotar din hund ofta i soptunnan? R\u00e4cker dina sm\u00e5 ofta in h\u00e4nderna i den \u00f6ppna beh\u00e5llaren? Om s\u00e5 \u00e4r fallet vill du s\u00e4kert s\u00e4tta stopp f\u00f6r det. H\u00e4r kommer v\u00e5r pedalsoptunna in i bilden! Locket \u00f6ppnas f\u00f6rst n\u00e4r du trycker p\u00e5 pedalen. Produktdetaljer: F\u00e4rg: Silver Storlek: 44,5 x 36 x 60 cm (L x B x H\uff09Storlek p\u00e5 innerbeh\u00e5llare: 19 x 28,5 x 50 cm (L x B x H\uff09Total h\u00f6jd (med \u00f6ppet lock): 92 cmVikt: 7,1 kgLeveransomfattning:1 x soptunnaSONGMICS Anvisningar:Torka av produkten med en mjuk, fuktig trasa och anv\u00e4nd vid behov milt reng\u00f6ringsmedel.<\/p>\n","protected":false},"excerpt":{"rendered":"<p>SONGMICS 40 L soptunna med 2 fack, 2 x 20 L, soptunna, pedalsoptunna i metall, innerbeh\u00e5llare i plast, med lock och handtag, mjukst\u00e4ngning, luftt\u00e4t, vit LTB40WT<\/p>\n","protected":false},"featured_media":43918,"comment_status":"open","ping_status":"closed","template":"","meta":[],"product_brand":[],"product_cat":[33],"product_tag":[],"class_list":{"0":"post-16197","1":"product","2":"type-product","3":"status-publish","4":"has-post-thumbnail","6":"product_cat-okategoriserad","8":"first","9":"instock","10":"shipping-taxable","11":"purchasable","12":"product-type-simple"},"_links":{"self":[{"href":"https:\/\/nordicmart.andreevmaster.com\/sv\/wp-json\/wp\/v2\/product\/16197","targetHints":{"allow":["GET"]}}],"collection":[{"href":"https:\/\/nordicmart.andreevmaster.com\/sv\/wp-json\/wp\/v2\/product"}],"about":[{"href":"https:\/\/nordicmart.andreevmaster.com\/sv\/wp-json\/wp\/v2\/types\/product"}],"replies":[{"embeddable":true,"href":"https:\/\/nordicmart.andreevmaster.com\/sv\/wp-json\/wp\/v2\/comments?post=16197"}],"wp:featuredmedia":[{"embeddable":true,"href":"https:\/\/nordicmart.andreevmaster.com\/sv\/wp-json\/wp\/v2\/media\/43918"}],"wp:attachment":[{"href":"https:\/\/nordicmart.andreevmaster.com\/sv\/wp-json\/wp\/v2\/media?parent=16197"}],"wp:term":[{"taxonomy":"product_brand","embeddable":true,"href":"https:\/\/nordicmart.andreevmaster.com\/sv\/wp-json\/wp\/v2\/product_brand?post=16197"},{"taxonomy":"product_cat","embeddable":true,"href":"https:\/\/nordicmart.andreevmaster.com\/sv\/wp-json\/wp\/v2\/product_cat?post=16197"},{"taxonomy":"product_tag","embeddable":true,"href":"https:\/\/nordicmart.andreevmaster.com\/sv\/wp-json\/wp\/v2\/product_tag?post=16197"}],"curies":[{"name":"wp","href":"https:\/\/api.w.org\/{rel}","templated":true}]}}