{"id":16196,"date":"2026-02-27T00:29:32","date_gmt":"2026-02-27T00:29:32","guid":{"rendered":"https:\/\/nordicmart.andreevmaster.com\/product\/songmics-soptunna-for-kok-2-x-20-l-med-softclose-lock-gragron\/"},"modified":"2026-02-27T08:20:12","modified_gmt":"2026-02-27T08:20:12","slug":"songmics-soptunna-for-kok-2-x-20-l-med-softclose-lock-gragron","status":"publish","type":"product","link":"https:\/\/nordicmart.andreevmaster.com\/sv\/produkt\/songmics-soptunna-for-kok-2-x-20-l-med-softclose-lock-gragron\/","title":{"rendered":"SONGMICS soptunna f\u00f6r k\u00f6k 2 x 20 l med softclose-lock gr\u00e5gr\u00f6n"},"content":{"rendered":"<p>SONGMICS 40 L soptunna med 2 fack, 2 x 20 L, soptunna, pedalsoptunna i metall, innerbeh\u00e5llare i plast, med lock och handtag, mjukst\u00e4ngning, luftt\u00e4t, vit LTB40WT<br \/>\nF\u00e4rg: Gr\u00e5gr\u00f6n<br \/>\naterial: St\u00e5l, innerbeh\u00e5llare av PP-plast<br \/>\nStorlek (med fotpedal): 44,4 x 40,8 x 60,2 cm (L x B x H)<br \/>\nStorlek per innerbeh\u00e5llare: 19 x 28,5 x 50 cm (L x B x H)<br \/>\nTotalh\u00f6jd (med \u00f6ppet lock): 92 cm<br \/>\nVikt: 7,1 kg<\/p>\n","protected":false},"excerpt":{"rendered":"<p>SONGMICS 40 L soptunna med 2 fack, 2 x 20 L, soptunna, pedalsoptunna i metall, innerbeh\u00e5llare i plast, med lock och handtag, mjukst\u00e4ngning, luftt\u00e4t, vit LTB40WT<\/p>\n","protected":false},"featured_media":43917,"comment_status":"open","ping_status":"closed","template":"","meta":[],"product_brand":[],"product_cat":[33],"product_tag":[],"class_list":{"0":"post-16196","1":"product","2":"type-product","3":"status-publish","4":"has-post-thumbnail","6":"product_cat-okategoriserad","8":"first","9":"instock","10":"shipping-taxable","11":"purchasable","12":"product-type-simple"},"_links":{"self":[{"href":"https:\/\/nordicmart.andreevmaster.com\/sv\/wp-json\/wp\/v2\/product\/16196","targetHints":{"allow":["GET"]}}],"collection":[{"href":"https:\/\/nordicmart.andreevmaster.com\/sv\/wp-json\/wp\/v2\/product"}],"about":[{"href":"https:\/\/nordicmart.andreevmaster.com\/sv\/wp-json\/wp\/v2\/types\/product"}],"replies":[{"embeddable":true,"href":"https:\/\/nordicmart.andreevmaster.com\/sv\/wp-json\/wp\/v2\/comments?post=16196"}],"wp:featuredmedia":[{"embeddable":true,"href":"https:\/\/nordicmart.andreevmaster.com\/sv\/wp-json\/wp\/v2\/media\/43917"}],"wp:attachment":[{"href":"https:\/\/nordicmart.andreevmaster.com\/sv\/wp-json\/wp\/v2\/media?parent=16196"}],"wp:term":[{"taxonomy":"product_brand","embeddable":true,"href":"https:\/\/nordicmart.andreevmaster.com\/sv\/wp-json\/wp\/v2\/product_brand?post=16196"},{"taxonomy":"product_cat","embeddable":true,"href":"https:\/\/nordicmart.andreevmaster.com\/sv\/wp-json\/wp\/v2\/product_cat?post=16196"},{"taxonomy":"product_tag","embeddable":true,"href":"https:\/\/nordicmart.andreevmaster.com\/sv\/wp-json\/wp\/v2\/product_tag?post=16196"}],"curies":[{"name":"wp","href":"https:\/\/api.w.org\/{rel}","templated":true}]}}