{"id":16191,"date":"2026-02-27T00:29:30","date_gmt":"2026-02-27T00:29:30","guid":{"rendered":"https:\/\/nordicmart.andreevmaster.com\/product\/songmics-avfallssorteringssystem-30-liter-2-x-15-l\/"},"modified":"2026-02-27T08:20:11","modified_gmt":"2026-02-27T08:20:11","slug":"songmics-avfallssorteringssystem-30-liter-2-x-15-l","status":"publish","type":"product","link":"https:\/\/nordicmart.andreevmaster.com\/sv\/produkt\/songmics-avfallssorteringssystem-30-liter-2-x-15-l\/","title":{"rendered":"SONGMICS avfallssorteringssystem 30 liter (2 x 15 L)"},"content":{"rendered":"<p>Robust och h\u00e5llbart h\u00f6lje av rostfritt st\u00e5l (tjocklek 0,35 mm) \u00f6kar tryckmotst\u00e5ndet, det l\u00e4ttrengjorda h\u00f6ljet \u00e4r korrosionsbest\u00e4ndigt. Tack vare tv\u00e5 handtag kan du enkelt flytta avfallsk\u00e4rlet. Locket av milj\u00f6v\u00e4nlig plast kan st\u00e4nga avfallsk\u00e4rlet t\u00e4tt, och tack vare den ergonomiska lockdesignen \u00f6ppnas soptunnan l\u00e4tt och st\u00e4ngs tyst. Du kan ta ut innerk\u00e4rlen, vilket \u00e4r mycket praktiskt f\u00f6r att flytta avfallet och t\u00f6mma soptunnorna. Fotpedalerna \u00e4r stabila och h\u00e5llbara. Den halkfria och vattent\u00e4ta fotst\u00f6det skyddar din golv fr\u00e5n repor. Produktdetaljer: Material: Matt rostfritt st\u00e5l (h\u00f6lje) + PP-plast (innerk\u00e4rl) + ABS-plast (lock) Ytterm\u00e5tt: 41 x 47 x 36 cm (B x H x D)M\u00e5tt innerkorg: 26,5 x 40,5 x 18 cm (B x H x D)M\u00e5tt lock helt \u00f6ppet: 41 x 73,5 x 36 cm (B x H x D)M\u00e5tt fotpedal: 11,5 x 4 cm; \u00d8 r\u00f6r: 1 cmF\u00e4rg: silver (h\u00f6lje), svart (innerk\u00e4rl, lock)Nettovikt: 5,1 kgBruttovikt: 8,6 kgLeveransomfattning:1 x soptunna<\/p>\n","protected":false},"excerpt":{"rendered":"<p>SONGMICS 30 L soptunna avfallssortering avfallssorteringssystem med 2 innerk\u00e4rl pedalsoptunna f\u00f6r k\u00f6k rostfritt st\u00e5l 2 x 15 L LTB30H<\/p>\n","protected":false},"featured_media":0,"comment_status":"open","ping_status":"closed","template":"","meta":[],"product_brand":[],"product_cat":[33],"product_tag":[],"class_list":{"0":"post-16191","1":"product","2":"type-product","3":"status-publish","5":"product_cat-okategoriserad","7":"first","8":"instock","9":"shipping-taxable","10":"purchasable","11":"product-type-simple"},"_links":{"self":[{"href":"https:\/\/nordicmart.andreevmaster.com\/sv\/wp-json\/wp\/v2\/product\/16191","targetHints":{"allow":["GET"]}}],"collection":[{"href":"https:\/\/nordicmart.andreevmaster.com\/sv\/wp-json\/wp\/v2\/product"}],"about":[{"href":"https:\/\/nordicmart.andreevmaster.com\/sv\/wp-json\/wp\/v2\/types\/product"}],"replies":[{"embeddable":true,"href":"https:\/\/nordicmart.andreevmaster.com\/sv\/wp-json\/wp\/v2\/comments?post=16191"}],"wp:attachment":[{"href":"https:\/\/nordicmart.andreevmaster.com\/sv\/wp-json\/wp\/v2\/media?parent=16191"}],"wp:term":[{"taxonomy":"product_brand","embeddable":true,"href":"https:\/\/nordicmart.andreevmaster.com\/sv\/wp-json\/wp\/v2\/product_brand?post=16191"},{"taxonomy":"product_cat","embeddable":true,"href":"https:\/\/nordicmart.andreevmaster.com\/sv\/wp-json\/wp\/v2\/product_cat?post=16191"},{"taxonomy":"product_tag","embeddable":true,"href":"https:\/\/nordicmart.andreevmaster.com\/sv\/wp-json\/wp\/v2\/product_tag?post=16191"}],"curies":[{"name":"wp","href":"https:\/\/api.w.org\/{rel}","templated":true}]}}