{"id":16189,"date":"2026-02-27T00:29:30","date_gmt":"2026-02-27T00:29:30","guid":{"rendered":"https:\/\/nordicmart.andreevmaster.com\/product\/songmics-soptunna-30-liter-rokgra-svart\/"},"modified":"2026-02-27T08:20:11","modified_gmt":"2026-02-27T08:20:11","slug":"songmics-soptunna-30-liter-rokgra-svart","status":"publish","type":"product","link":"https:\/\/nordicmart.andreevmaster.com\/sv\/produkt\/songmics-soptunna-30-liter-rokgra-svart\/","title":{"rendered":"SONGMICS soptunna 30 liter r\u00f6kgr\u00e5-svart"},"content":{"rendered":"<p>\u00c5tervinning kan ocks\u00e5 vara enkelt: Med denna pedalb\u00f6ssa med tv\u00e5 separata fack kan du enkelt sortera ditt avfall, t.ex. restavfall och bioavfall. Allt du beh\u00f6ver g\u00f6ra \u00e4r att trampa p\u00e5 pedalen och sl\u00e4nga avfallet i den inre soptunnan. Du beh\u00f6ver inte ens r\u00f6ra soptunnan med handen, vilket garanterar god hygien. En &#8221;valp- och barns\u00e4ker&#8221; soptunna: Rotar din hund ofta i soptunnan? R\u00e4cker dina sm\u00e5 ofta h\u00e4nderna i den \u00f6ppna beh\u00e5llaren? Om s\u00e5 \u00e4r fallet vill du s\u00e4kert s\u00e4tta stopp f\u00f6r det. H\u00e4r kommer v\u00e5r pedalsoptunna in i bilden! Locket \u00f6ppnas f\u00f6rst n\u00e4r du trycker p\u00e5 pedalen. Produktdetaljer: F\u00e4rg: R\u00f6kgr\u00e5-svart Material: Rostfritt st\u00e5l, ABS-plast Totalstorlek: 39,9 x 30 x 47 cm (L x B x H) Storlek per innerbeh\u00e5llare: 18,4 x 26,3 x 40 cm (L x B x H) Total h\u00f6jd (med \u00f6ppet lock): 72 cm Vikt: 4,3 kg Leveransomfattning: 1 x soptunna<\/p>\n","protected":false},"excerpt":{"rendered":"<p>SONGMICS 30 L soptunna avfallssortering avfallssorteringssystem med 2 innerk\u00e4rl pedalsoptunna f\u00f6r k\u00f6k rostfritt st\u00e5l 2 x 15 L LTB30H<\/p>\n","protected":false},"featured_media":43913,"comment_status":"open","ping_status":"closed","template":"","meta":[],"product_brand":[],"product_cat":[33],"product_tag":[],"class_list":{"0":"post-16189","1":"product","2":"type-product","3":"status-publish","4":"has-post-thumbnail","6":"product_cat-okategoriserad","8":"first","9":"instock","10":"shipping-taxable","11":"purchasable","12":"product-type-simple"},"_links":{"self":[{"href":"https:\/\/nordicmart.andreevmaster.com\/sv\/wp-json\/wp\/v2\/product\/16189","targetHints":{"allow":["GET"]}}],"collection":[{"href":"https:\/\/nordicmart.andreevmaster.com\/sv\/wp-json\/wp\/v2\/product"}],"about":[{"href":"https:\/\/nordicmart.andreevmaster.com\/sv\/wp-json\/wp\/v2\/types\/product"}],"replies":[{"embeddable":true,"href":"https:\/\/nordicmart.andreevmaster.com\/sv\/wp-json\/wp\/v2\/comments?post=16189"}],"wp:featuredmedia":[{"embeddable":true,"href":"https:\/\/nordicmart.andreevmaster.com\/sv\/wp-json\/wp\/v2\/media\/43913"}],"wp:attachment":[{"href":"https:\/\/nordicmart.andreevmaster.com\/sv\/wp-json\/wp\/v2\/media?parent=16189"}],"wp:term":[{"taxonomy":"product_brand","embeddable":true,"href":"https:\/\/nordicmart.andreevmaster.com\/sv\/wp-json\/wp\/v2\/product_brand?post=16189"},{"taxonomy":"product_cat","embeddable":true,"href":"https:\/\/nordicmart.andreevmaster.com\/sv\/wp-json\/wp\/v2\/product_cat?post=16189"},{"taxonomy":"product_tag","embeddable":true,"href":"https:\/\/nordicmart.andreevmaster.com\/sv\/wp-json\/wp\/v2\/product_tag?post=16189"}],"curies":[{"name":"wp","href":"https:\/\/api.w.org\/{rel}","templated":true}]}}