{"id":16188,"date":"2026-02-27T00:29:30","date_gmt":"2026-02-27T00:29:30","guid":{"rendered":"https:\/\/nordicmart.andreevmaster.com\/product\/songmics-soptunna-30-l-svart\/"},"modified":"2026-02-27T08:20:10","modified_gmt":"2026-02-27T08:20:10","slug":"songmics-soptunna-30-l-svart","status":"publish","type":"product","link":"https:\/\/nordicmart.andreevmaster.com\/sv\/produkt\/songmics-soptunna-30-l-svart\/","title":{"rendered":"SONGMICS soptunna 30 L svart"},"content":{"rendered":"<p>\u00c5tervinning kan ocks\u00e5 vara enkelt: Med denna pedalb\u00f6ssa med tv\u00e5 separata fack kan du enkelt sortera ditt avfall, t.ex. restavfall och bioavfall. Allt du beh\u00f6ver g\u00f6ra \u00e4r att trampa p\u00e5 pedalen och sl\u00e4nga avfallet i innerbeh\u00e5llaren. Du beh\u00f6ver inte ens r\u00f6ra papperskorgen med h\u00e4nderna, vilket garanterar god hygien. En &#8221;valp- och barns\u00e4ker&#8221; papperskorg: Rotar din hund ofta i papperskorgen? R\u00e4cker dina sm\u00e5 ofta h\u00e4nderna i den \u00f6ppna beh\u00e5llaren? Om s\u00e5 \u00e4r fallet vill du s\u00e4kert s\u00e4tta stopp f\u00f6r det. H\u00e4r kommer v\u00e5r pedalb\u00f6ssa in i bilden! Locket \u00f6ppnas f\u00f6rst n\u00e4r du trycker p\u00e5 pedalen. Produktdetaljer: F\u00e4rg: Svart Material: St\u00e5l (ytterbeh\u00e5llare), PP-plast (innerbeh\u00e5llare), ABS-plast (lock) Storlek: 41 x 36 x (47-73,5) cm (L x B x H\uff09Storlek innerbeh\u00e5llare: 26,5 x 18 x 40,5 cm (L x B x H\uff09Storlek pedal: 11,5 x 4 cm (L x B); Diameter: 1 cm Vikt: 5,1 kg Leveransomfattning: 1 x soptunna SONGMICS Anvisningar: Torka av produkten med en mjuk, fuktig trasa och anv\u00e4nd vid behov milt reng\u00f6ringsmedel. St\u00e4ll produkten p\u00e5 ett plant underlag. St\u00e4ng inte locket helt med handen, eftersom det kan st\u00e4ngas automatiskt.<\/p>\n","protected":false},"excerpt":{"rendered":"<p>SONGMICS 30 L soptunna avfallssortering avfallssorteringssystem med 2 innerk\u00e4rl pedalsoptunna f\u00f6r k\u00f6k rostfritt st\u00e5l 2 x 15 L LTB30H<\/p>\n","protected":false},"featured_media":0,"comment_status":"open","ping_status":"closed","template":"","meta":[],"product_brand":[],"product_cat":[33],"product_tag":[],"class_list":{"0":"post-16188","1":"product","2":"type-product","3":"status-publish","5":"product_cat-okategoriserad","7":"first","8":"instock","9":"shipping-taxable","10":"purchasable","11":"product-type-simple"},"_links":{"self":[{"href":"https:\/\/nordicmart.andreevmaster.com\/sv\/wp-json\/wp\/v2\/product\/16188","targetHints":{"allow":["GET"]}}],"collection":[{"href":"https:\/\/nordicmart.andreevmaster.com\/sv\/wp-json\/wp\/v2\/product"}],"about":[{"href":"https:\/\/nordicmart.andreevmaster.com\/sv\/wp-json\/wp\/v2\/types\/product"}],"replies":[{"embeddable":true,"href":"https:\/\/nordicmart.andreevmaster.com\/sv\/wp-json\/wp\/v2\/comments?post=16188"}],"wp:attachment":[{"href":"https:\/\/nordicmart.andreevmaster.com\/sv\/wp-json\/wp\/v2\/media?parent=16188"}],"wp:term":[{"taxonomy":"product_brand","embeddable":true,"href":"https:\/\/nordicmart.andreevmaster.com\/sv\/wp-json\/wp\/v2\/product_brand?post=16188"},{"taxonomy":"product_cat","embeddable":true,"href":"https:\/\/nordicmart.andreevmaster.com\/sv\/wp-json\/wp\/v2\/product_cat?post=16188"},{"taxonomy":"product_tag","embeddable":true,"href":"https:\/\/nordicmart.andreevmaster.com\/sv\/wp-json\/wp\/v2\/product_tag?post=16188"}],"curies":[{"name":"wp","href":"https:\/\/api.w.org\/{rel}","templated":true}]}}