{"id":16187,"date":"2026-02-27T00:29:29","date_gmt":"2026-02-27T00:29:29","guid":{"rendered":"https:\/\/nordicmart.andreevmaster.com\/product\/songmics-avfallssorteringssystem-2-fack-2-x-15-l-med-lock-sandbeige-black-svart\/"},"modified":"2026-02-27T08:20:10","modified_gmt":"2026-02-27T08:20:10","slug":"songmics-avfallssorteringssystem-2-fack-2-x-15-l-med-lock-sandbeige-black-svart","status":"publish","type":"product","link":"https:\/\/nordicmart.andreevmaster.com\/sv\/produkt\/songmics-avfallssorteringssystem-2-fack-2-x-15-l-med-lock-sandbeige-black-svart\/","title":{"rendered":"SONGMICS avfallssorteringssystem 2 fack 2 x 15 l med lock sandbeige-bl\u00e4ck svart"},"content":{"rendered":"<p>SONGMICS 30 L soptunna avfallssortering avfallssorteringssystem med 2 innerk\u00e4rl pedalsoptunna f\u00f6r k\u00f6k rostfritt st\u00e5l 2 x 15 L LTB30H<br \/>\nF\u00e4rg: Sandbeige-bl\u00e4ck svart<br \/>\nMaterial: Ytterbeh\u00e5llare av st\u00e5l, innerbeh\u00e5llare av PP-plast, lock av ABS-plast<br \/>\nStorlek (utan fotpedal): 41 x 31,5 x 47 cm (L x B x H)<br \/>\nTotal h\u00f6jd (med \u00f6ppet lock): 73,5 cm<br \/>\nStorlek per innerbeh\u00e5llare: 18,4 x 26,3 x 40 cm (L x B x H)<br \/>\nStorlek p\u00e5 fotpedalen: 11 x 3,5 cm (L x B)<br \/>\nKapacitet: 2 x 15 liter<br \/>\nVikt: 5,1 kg<\/p>\n","protected":false},"excerpt":{"rendered":"<p>SONGMICS 30 L soptunna avfallssortering avfallssorteringssystem med 2 innerk\u00e4rl pedalsoptunna f\u00f6r k\u00f6k rostfritt st\u00e5l 2 x 15 L LTB30H<\/p>\n","protected":false},"featured_media":0,"comment_status":"open","ping_status":"closed","template":"","meta":[],"product_brand":[],"product_cat":[33],"product_tag":[],"class_list":{"0":"post-16187","1":"product","2":"type-product","3":"status-publish","5":"product_cat-okategoriserad","7":"first","8":"instock","9":"shipping-taxable","10":"purchasable","11":"product-type-simple"},"_links":{"self":[{"href":"https:\/\/nordicmart.andreevmaster.com\/sv\/wp-json\/wp\/v2\/product\/16187","targetHints":{"allow":["GET"]}}],"collection":[{"href":"https:\/\/nordicmart.andreevmaster.com\/sv\/wp-json\/wp\/v2\/product"}],"about":[{"href":"https:\/\/nordicmart.andreevmaster.com\/sv\/wp-json\/wp\/v2\/types\/product"}],"replies":[{"embeddable":true,"href":"https:\/\/nordicmart.andreevmaster.com\/sv\/wp-json\/wp\/v2\/comments?post=16187"}],"wp:attachment":[{"href":"https:\/\/nordicmart.andreevmaster.com\/sv\/wp-json\/wp\/v2\/media?parent=16187"}],"wp:term":[{"taxonomy":"product_brand","embeddable":true,"href":"https:\/\/nordicmart.andreevmaster.com\/sv\/wp-json\/wp\/v2\/product_brand?post=16187"},{"taxonomy":"product_cat","embeddable":true,"href":"https:\/\/nordicmart.andreevmaster.com\/sv\/wp-json\/wp\/v2\/product_cat?post=16187"},{"taxonomy":"product_tag","embeddable":true,"href":"https:\/\/nordicmart.andreevmaster.com\/sv\/wp-json\/wp\/v2\/product_tag?post=16187"}],"curies":[{"name":"wp","href":"https:\/\/api.w.org\/{rel}","templated":true}]}}