{"id":16186,"date":"2026-02-27T00:29:29","date_gmt":"2026-02-27T00:29:29","guid":{"rendered":"https:\/\/nordicmart.andreevmaster.com\/product\/songmics-soptunna-med-3-fack\/"},"modified":"2026-02-27T08:20:10","modified_gmt":"2026-02-27T08:20:10","slug":"songmics-soptunna-med-3-fack","status":"publish","type":"product","link":"https:\/\/nordicmart.andreevmaster.com\/sv\/produkt\/songmics-soptunna-med-3-fack\/","title":{"rendered":"SONGMICS soptunna med 3 fack"},"content":{"rendered":"<p>\u00c5tervinning? Det \u00e4r verkligen inte komplicerat! Med denna pedalb\u00f6ssa med 3 separata fack kan du enkelt sortera ditt avfall, t.ex. restavfall och bioavfall. Allt du beh\u00f6ver g\u00f6ra \u00e4r att trampa p\u00e5 pedalen och kasta avfallet i innerbeh\u00e5llaren. Du beh\u00f6ver inte ens r\u00f6ra papperskorgen med h\u00e4nderna, vilket garanterar god hygien.H\u00f6jdpunkterna med denna papperskorg: &#8211; Luftt\u00e4t f\u00f6rslutning f\u00f6r att undvika obehagliga lukter. &#8211; Premiummaterial; garanterar l\u00e5ng livsl\u00e4ngd. &#8211; Separata fack; g\u00f6r det m\u00f6jligt att sortera avfallet efter material. &#8211; Praktiskt handtag; g\u00f6r det enkelt att transportera papperskorgen. &#8211; 3 uttagbara innerkorgar med metallhandtag; g\u00f6r avfallshanteringen till en barnlek.- Kan placeras mot en v\u00e4gg f\u00f6r att spara utrymme. Produktdetaljer: &#8211; F\u00e4rg: Vitgr\u00e5 &#8211; Material: St\u00e5l (ytterbeh\u00e5llare), plast (innerbeh\u00e5llare), ABS-plast (lock) &#8211; Storlek: 46,5 x 29,5 x (40,5-65) cm (L x B x H) &#8211; Storlek innerbeh\u00e5llare: 14 x 23 x 35 cm (L x B x H) &#8211; Vikt: 4,2 kg Leveransomfattning: &#8211; 1 x soptunna SONGMICS Anvisningar:- Torka av produkten med en mjuk, fuktig trasa och anv\u00e4nd vid behov milt reng\u00f6ringsmedel. &#8211; St\u00e4ll produkten p\u00e5 ett plant underlag. &#8211; St\u00e4ng inte locket helt med handen, eftersom det kan st\u00e4ngas automatiskt.<\/p>\n","protected":false},"excerpt":{"rendered":"<p>SONGMICS soptunna f\u00f6r k\u00f6ket, 3-i-1 soptunna, 24 liter, avfallssortering, pedalsoptunna av metall, avfallssorteringssystem, robust, l\u00e4tt att reng\u00f6ra, st\u00e5l, r\u00f6kgr\u00e5 LTB24GS<\/p>\n","protected":false},"featured_media":43912,"comment_status":"open","ping_status":"closed","template":"","meta":[],"product_brand":[],"product_cat":[33],"product_tag":[],"class_list":{"0":"post-16186","1":"product","2":"type-product","3":"status-publish","4":"has-post-thumbnail","6":"product_cat-okategoriserad","8":"first","9":"instock","10":"shipping-taxable","11":"purchasable","12":"product-type-simple"},"_links":{"self":[{"href":"https:\/\/nordicmart.andreevmaster.com\/sv\/wp-json\/wp\/v2\/product\/16186","targetHints":{"allow":["GET"]}}],"collection":[{"href":"https:\/\/nordicmart.andreevmaster.com\/sv\/wp-json\/wp\/v2\/product"}],"about":[{"href":"https:\/\/nordicmart.andreevmaster.com\/sv\/wp-json\/wp\/v2\/types\/product"}],"replies":[{"embeddable":true,"href":"https:\/\/nordicmart.andreevmaster.com\/sv\/wp-json\/wp\/v2\/comments?post=16186"}],"wp:featuredmedia":[{"embeddable":true,"href":"https:\/\/nordicmart.andreevmaster.com\/sv\/wp-json\/wp\/v2\/media\/43912"}],"wp:attachment":[{"href":"https:\/\/nordicmart.andreevmaster.com\/sv\/wp-json\/wp\/v2\/media?parent=16186"}],"wp:term":[{"taxonomy":"product_brand","embeddable":true,"href":"https:\/\/nordicmart.andreevmaster.com\/sv\/wp-json\/wp\/v2\/product_brand?post=16186"},{"taxonomy":"product_cat","embeddable":true,"href":"https:\/\/nordicmart.andreevmaster.com\/sv\/wp-json\/wp\/v2\/product_cat?post=16186"},{"taxonomy":"product_tag","embeddable":true,"href":"https:\/\/nordicmart.andreevmaster.com\/sv\/wp-json\/wp\/v2\/product_tag?post=16186"}],"curies":[{"name":"wp","href":"https:\/\/api.w.org\/{rel}","templated":true}]}}