{"id":16185,"date":"2026-02-27T00:29:29","date_gmt":"2026-02-27T00:29:29","guid":{"rendered":"https:\/\/nordicmart.andreevmaster.com\/product\/songmics-avfallssorterare-24-liter-3-x-8-l\/"},"modified":"2026-02-27T08:20:10","modified_gmt":"2026-02-27T08:20:10","slug":"songmics-avfallssorterare-24-liter-3-x-8-l","status":"publish","type":"product","link":"https:\/\/nordicmart.andreevmaster.com\/sv\/produkt\/songmics-avfallssorterare-24-liter-3-x-8-l\/","title":{"rendered":"SONGMICS avfallssorterare 24 liter (3 x 8 L)"},"content":{"rendered":"<p>Songmics soptunna har ett klassiskt sorteringssystem i stilren design. Skydda milj\u00f6n och sortera avfallet p\u00e5 b\u00e4sta s\u00e4tt med denna soptunna f\u00f6r avfallssortering. Enkel, praktisk och optimal! De tre avtagbara innerk\u00e4rlen har handtag som g\u00f6r det snabbt och enkelt att t\u00f6mma dem. Intelligent sorteringssystem med h\u00f6g kapacitet (8 liter vardera) och kompakta m\u00e5tt. Pedalfunktionen m\u00f6jligg\u00f6r hygienisk anv\u00e4ndning av papperskorgen.  Denna Songmics pedalpapperskorg i rostfritt st\u00e5l uppfyller sitt syfte till fullo. Tack vare sin eleganta och moderna design passar den perfekt i alla rum i huset, samt i hissar, tr\u00e4dg\u00e5rdar etc. B\u00f6r finnas i alla hush\u00e5ll! Produktdetaljer:  &#8211; Material: rostfritt st\u00e5l (h\u00f6lje); plast (innerhink) &#8211; Ytterm\u00e5tt: 46,5 x 40,5 x 29,5 cm (B x H x D)  &#8211; M\u00e5tt innerhink: 23 x 35 x 14 cm (B x H x D)  &#8211; F\u00e4rg: silver &#8211; Nettovikt: 4,2 kg &#8211; Bruttovikt: 6,42 kg Leveransomfattning:  &#8211; 1x avfallssorterare<\/p>\n","protected":false},"excerpt":{"rendered":"<p>SONGMICS soptunna f\u00f6r k\u00f6ket, 3-i-1 soptunna, 24 liter, avfallssortering, pedalsoptunna av metall, avfallssorteringssystem, robust, l\u00e4tt att reng\u00f6ra, st\u00e5l, r\u00f6kgr\u00e5 LTB24GS<\/p>\n","protected":false},"featured_media":43911,"comment_status":"open","ping_status":"closed","template":"","meta":[],"product_brand":[],"product_cat":[33],"product_tag":[],"class_list":{"0":"post-16185","1":"product","2":"type-product","3":"status-publish","4":"has-post-thumbnail","6":"product_cat-okategoriserad","8":"first","9":"instock","10":"shipping-taxable","11":"purchasable","12":"product-type-simple"},"_links":{"self":[{"href":"https:\/\/nordicmart.andreevmaster.com\/sv\/wp-json\/wp\/v2\/product\/16185","targetHints":{"allow":["GET"]}}],"collection":[{"href":"https:\/\/nordicmart.andreevmaster.com\/sv\/wp-json\/wp\/v2\/product"}],"about":[{"href":"https:\/\/nordicmart.andreevmaster.com\/sv\/wp-json\/wp\/v2\/types\/product"}],"replies":[{"embeddable":true,"href":"https:\/\/nordicmart.andreevmaster.com\/sv\/wp-json\/wp\/v2\/comments?post=16185"}],"wp:featuredmedia":[{"embeddable":true,"href":"https:\/\/nordicmart.andreevmaster.com\/sv\/wp-json\/wp\/v2\/media\/43911"}],"wp:attachment":[{"href":"https:\/\/nordicmart.andreevmaster.com\/sv\/wp-json\/wp\/v2\/media?parent=16185"}],"wp:term":[{"taxonomy":"product_brand","embeddable":true,"href":"https:\/\/nordicmart.andreevmaster.com\/sv\/wp-json\/wp\/v2\/product_brand?post=16185"},{"taxonomy":"product_cat","embeddable":true,"href":"https:\/\/nordicmart.andreevmaster.com\/sv\/wp-json\/wp\/v2\/product_cat?post=16185"},{"taxonomy":"product_tag","embeddable":true,"href":"https:\/\/nordicmart.andreevmaster.com\/sv\/wp-json\/wp\/v2\/product_tag?post=16185"}],"curies":[{"name":"wp","href":"https:\/\/api.w.org\/{rel}","templated":true}]}}