{"id":16183,"date":"2026-02-27T00:29:28","date_gmt":"2026-02-27T00:29:28","guid":{"rendered":"https:\/\/nordicmart.andreevmaster.com\/product\/songmics-soptunna-24-liter\/"},"modified":"2026-02-27T08:20:09","modified_gmt":"2026-02-27T08:20:09","slug":"songmics-soptunna-24-liter","status":"publish","type":"product","link":"https:\/\/nordicmart.andreevmaster.com\/sv\/produkt\/songmics-soptunna-24-liter\/","title":{"rendered":"SONGMICS soptunna 24 liter"},"content":{"rendered":"<p>\u00c5tervinning? Det \u00e4r verkligen inte komplicerat! Med denna pedalb\u00f6ssa med 3 separata fack kan du enkelt sortera ditt avfall, t.ex. restavfall och bioavfall. Allt du beh\u00f6ver g\u00f6ra \u00e4r att trampa p\u00e5 pedalen och kasta avfallet i innerb\u00f6ssan. Du beh\u00f6ver inte ens r\u00f6ra papperskorgen med h\u00e4nderna, vilket garanterar god hygien.H\u00f6jdpunkterna med denna soptunna: Luftt\u00e4t f\u00f6rslutning f\u00f6r att undvika obehagliga lukter. Premiummaterial som garanterar l\u00e5ng livsl\u00e4ngd. Separata fack som g\u00f6r det m\u00f6jligt att sortera avfallet efter material. Praktiskt handtag som g\u00f6r det enkelt att transportera soptunnan. 3 uttagbara innerk\u00e4rl med metallhandtag som g\u00f6r avfallshanteringen till en barnlek.Kan placeras mot en v\u00e4gg f\u00f6r att spara utrymme. Produktdetaljer: F\u00e4rg: Svart Material: St\u00e5l (ytterbeh\u00e5llare), plast (innerbeh\u00e5llare), ABS-plast (lock) Storlek: 46,5 x 29,5 x (40,5-65) cm (L x B x H) Storlek innerbeh\u00e5llare: 14 x 23 x 35 cm (L x B x H) Vikt: 4,2 kg Leveransomfattning: 1 x soptunna SONGMICS Anvisningar: Torka av produkten med en mjuk, fuktig trasa och anv\u00e4nd vid behov milt reng\u00f6ringsmedel.St\u00e4ll produkten p\u00e5 ett plant underlag. St\u00e4ng inte locket helt med handen, eftersom det kan st\u00e4ngas automatiskt.<\/p>\n","protected":false},"excerpt":{"rendered":"<p>SONGMICS soptunna f\u00f6r k\u00f6ket, 3-i-1 soptunna, 24 liter, avfallssortering, pedalsoptunna av metall, avfallssorteringssystem, robust, l\u00e4tt att reng\u00f6ra, st\u00e5l, r\u00f6kgr\u00e5 LTB24GS<\/p>\n","protected":false},"featured_media":43909,"comment_status":"open","ping_status":"closed","template":"","meta":[],"product_brand":[],"product_cat":[33],"product_tag":[],"class_list":{"0":"post-16183","1":"product","2":"type-product","3":"status-publish","4":"has-post-thumbnail","6":"product_cat-okategoriserad","8":"first","9":"instock","10":"shipping-taxable","11":"purchasable","12":"product-type-simple"},"_links":{"self":[{"href":"https:\/\/nordicmart.andreevmaster.com\/sv\/wp-json\/wp\/v2\/product\/16183","targetHints":{"allow":["GET"]}}],"collection":[{"href":"https:\/\/nordicmart.andreevmaster.com\/sv\/wp-json\/wp\/v2\/product"}],"about":[{"href":"https:\/\/nordicmart.andreevmaster.com\/sv\/wp-json\/wp\/v2\/types\/product"}],"replies":[{"embeddable":true,"href":"https:\/\/nordicmart.andreevmaster.com\/sv\/wp-json\/wp\/v2\/comments?post=16183"}],"wp:featuredmedia":[{"embeddable":true,"href":"https:\/\/nordicmart.andreevmaster.com\/sv\/wp-json\/wp\/v2\/media\/43909"}],"wp:attachment":[{"href":"https:\/\/nordicmart.andreevmaster.com\/sv\/wp-json\/wp\/v2\/media?parent=16183"}],"wp:term":[{"taxonomy":"product_brand","embeddable":true,"href":"https:\/\/nordicmart.andreevmaster.com\/sv\/wp-json\/wp\/v2\/product_brand?post=16183"},{"taxonomy":"product_cat","embeddable":true,"href":"https:\/\/nordicmart.andreevmaster.com\/sv\/wp-json\/wp\/v2\/product_cat?post=16183"},{"taxonomy":"product_tag","embeddable":true,"href":"https:\/\/nordicmart.andreevmaster.com\/sv\/wp-json\/wp\/v2\/product_tag?post=16183"}],"curies":[{"name":"wp","href":"https:\/\/api.w.org\/{rel}","templated":true}]}}