{"id":16180,"date":"2026-02-27T00:29:28","date_gmt":"2026-02-27T00:29:28","guid":{"rendered":"https:\/\/nordicmart.andreevmaster.com\/product\/songmics-staende-askkopp-gra\/"},"modified":"2026-02-27T08:20:09","modified_gmt":"2026-02-27T08:20:09","slug":"songmics-staende-askkopp-gra","status":"publish","type":"product","link":"https:\/\/nordicmart.andreevmaster.com\/sv\/produkt\/songmics-staende-askkopp-gra\/","title":{"rendered":"SONGMICS st\u00e5ende askkopp gr\u00e5"},"content":{"rendered":"<p>Produktdetaljer: Material: H\u00f6lje av st\u00e5l + pulverlackerat; Innerkorg av galvaniserad st\u00e5lpl\u00e5t F\u00e4rg: gr\u00e5 M\u00e5tt h\u00f6lje: 24,5 x 60,5 cm (\u00f8 x H); Volym: 30 l M\u00e5tt innerbeh\u00e5llare: 22 x 32,3 cm (\u00f8 x H); Volym: 12,3 l Nettovikt: ca 2,63 kg Bruttovikt: ca 4,2 kg Leveransomfattning: 1 x st\u00e5ende askkopp<\/p>\n","protected":false},"excerpt":{"rendered":"<p>SONGMICS St\u00e5ende askkopp f\u00f6r utomhusbruk Soptunna med askkopp Soptunna med innerkorg 60,5 x 24,5 cm 30 L Svart LTB17C<\/p>\n","protected":false},"featured_media":43906,"comment_status":"open","ping_status":"closed","template":"","meta":[],"product_brand":[],"product_cat":[33],"product_tag":[],"class_list":{"0":"post-16180","1":"product","2":"type-product","3":"status-publish","4":"has-post-thumbnail","6":"product_cat-okategoriserad","8":"first","9":"instock","10":"shipping-taxable","11":"purchasable","12":"product-type-simple"},"_links":{"self":[{"href":"https:\/\/nordicmart.andreevmaster.com\/sv\/wp-json\/wp\/v2\/product\/16180","targetHints":{"allow":["GET"]}}],"collection":[{"href":"https:\/\/nordicmart.andreevmaster.com\/sv\/wp-json\/wp\/v2\/product"}],"about":[{"href":"https:\/\/nordicmart.andreevmaster.com\/sv\/wp-json\/wp\/v2\/types\/product"}],"replies":[{"embeddable":true,"href":"https:\/\/nordicmart.andreevmaster.com\/sv\/wp-json\/wp\/v2\/comments?post=16180"}],"wp:featuredmedia":[{"embeddable":true,"href":"https:\/\/nordicmart.andreevmaster.com\/sv\/wp-json\/wp\/v2\/media\/43906"}],"wp:attachment":[{"href":"https:\/\/nordicmart.andreevmaster.com\/sv\/wp-json\/wp\/v2\/media?parent=16180"}],"wp:term":[{"taxonomy":"product_brand","embeddable":true,"href":"https:\/\/nordicmart.andreevmaster.com\/sv\/wp-json\/wp\/v2\/product_brand?post=16180"},{"taxonomy":"product_cat","embeddable":true,"href":"https:\/\/nordicmart.andreevmaster.com\/sv\/wp-json\/wp\/v2\/product_cat?post=16180"},{"taxonomy":"product_tag","embeddable":true,"href":"https:\/\/nordicmart.andreevmaster.com\/sv\/wp-json\/wp\/v2\/product_tag?post=16180"}],"curies":[{"name":"wp","href":"https:\/\/api.w.org\/{rel}","templated":true}]}}