{"id":16179,"date":"2026-02-27T00:29:27","date_gmt":"2026-02-27T00:29:27","guid":{"rendered":"https:\/\/nordicmart.andreevmaster.com\/product\/songmics-staende-askkopp-svart\/"},"modified":"2026-02-27T08:20:08","modified_gmt":"2026-02-27T08:20:08","slug":"songmics-staende-askkopp-svart","status":"publish","type":"product","link":"https:\/\/nordicmart.andreevmaster.com\/sv\/produkt\/songmics-staende-askkopp-svart\/","title":{"rendered":"SONGMICS st\u00e5ende askkopp svart"},"content":{"rendered":"<p>SONGMICS st\u00e5ende askkopp f\u00f6r utomhusbruk Soptunna med askkopp Soptunna med innerkorg 60,5 x 24,5 cm 30 L Svart LTB17C Produktdetaljer: Material: H\u00f6lje av pulverlackerat j\u00e4rn, innerkorg av galvaniserad pl\u00e5t F\u00e4rg: H\u00f6lje svart, innerkorg silver M\u00e5tt h\u00f6lje: 24,5 x 60,5 cm (\u00f8 x H); Volym: 30 L M\u00e5tt innerkorg: 22 x 32,3 cm (\u00f8 x H); Volym: 12,3 L Nettovikt\uff1aca. 2,63 kg Bruttovikt: ca. 4,2 kg Leveransomfattning: 1 x st\u00e5ende askkopp<\/p>\n","protected":false},"excerpt":{"rendered":"<p>SONGMICS St\u00e5ende askkopp f\u00f6r utomhusbruk Soptunna med askkopp Soptunna med innerkorg 60,5 x 24,5 cm 30 L Svart LTB17C<\/p>\n","protected":false},"featured_media":43905,"comment_status":"open","ping_status":"closed","template":"","meta":[],"product_brand":[],"product_cat":[33],"product_tag":[],"class_list":{"0":"post-16179","1":"product","2":"type-product","3":"status-publish","4":"has-post-thumbnail","6":"product_cat-okategoriserad","8":"first","9":"instock","10":"shipping-taxable","11":"purchasable","12":"product-type-simple"},"_links":{"self":[{"href":"https:\/\/nordicmart.andreevmaster.com\/sv\/wp-json\/wp\/v2\/product\/16179","targetHints":{"allow":["GET"]}}],"collection":[{"href":"https:\/\/nordicmart.andreevmaster.com\/sv\/wp-json\/wp\/v2\/product"}],"about":[{"href":"https:\/\/nordicmart.andreevmaster.com\/sv\/wp-json\/wp\/v2\/types\/product"}],"replies":[{"embeddable":true,"href":"https:\/\/nordicmart.andreevmaster.com\/sv\/wp-json\/wp\/v2\/comments?post=16179"}],"wp:featuredmedia":[{"embeddable":true,"href":"https:\/\/nordicmart.andreevmaster.com\/sv\/wp-json\/wp\/v2\/media\/43905"}],"wp:attachment":[{"href":"https:\/\/nordicmart.andreevmaster.com\/sv\/wp-json\/wp\/v2\/media?parent=16179"}],"wp:term":[{"taxonomy":"product_brand","embeddable":true,"href":"https:\/\/nordicmart.andreevmaster.com\/sv\/wp-json\/wp\/v2\/product_brand?post=16179"},{"taxonomy":"product_cat","embeddable":true,"href":"https:\/\/nordicmart.andreevmaster.com\/sv\/wp-json\/wp\/v2\/product_cat?post=16179"},{"taxonomy":"product_tag","embeddable":true,"href":"https:\/\/nordicmart.andreevmaster.com\/sv\/wp-json\/wp\/v2\/product_tag?post=16179"}],"curies":[{"name":"wp","href":"https:\/\/api.w.org\/{rel}","templated":true}]}}