{"id":16178,"date":"2026-02-27T00:29:27","date_gmt":"2026-02-27T00:29:27","guid":{"rendered":"https:\/\/nordicmart.andreevmaster.com\/product\/songmics-5-liters-sminkskal-med-lock\/"},"modified":"2026-02-27T08:20:08","modified_gmt":"2026-02-27T08:20:08","slug":"songmics-5-liters-sminkskal-med-lock","status":"publish","type":"product","link":"https:\/\/nordicmart.andreevmaster.com\/sv\/produkt\/songmics-5-liters-sminkskal-med-lock\/","title":{"rendered":"SONGMICS 5 liters sminksk\u00e5l med lock"},"content":{"rendered":"<p>\u00c5tervinning kan ocks\u00e5 vara enkelt Allt du beh\u00f6ver g\u00f6ra \u00e4r att trampa p\u00e5 pedalen och sl\u00e4nga avfallet i den inre soptunnan. Du beh\u00f6ver inte ens r\u00f6ra soptunnan med handen, vilket garanterar god hygien. Dessutom beh\u00f6ver du inte oroa dig f\u00f6r att din hund ska v\u00e4lta soptunnan och att allt avfall fr\u00e5n badrummet hamnar p\u00e5 golvet. Locket \u00f6ppnas endast n\u00e4r du trycker p\u00e5 pedalen. En smart l\u00f6sning f\u00f6r avfallshantering Denna 5-liters papperskorg \u00e4r robust och kompakt och imponerar med sin genomt\u00e4nkta design. Den inre papperskorgen \u00e4r l\u00e4tt att ta ut och reng\u00f6ra; \u00f6ppningen p\u00e5 baksidan av den inre papperskorgen f\u00f6rhindrar att din sopp\u00e5se glider omkring. Handtaget p\u00e5 ytterbeh\u00e5llaren hj\u00e4lper dig dessutom att transportera papperskorgen fr\u00e5n en plats till en annan utan att beh\u00f6va r\u00f6ra vid ytan med handen. Produktdetaljer: &#8211; F\u00e4rg: silver &#8211; Material: ytterbeh\u00e5llare av rostfritt st\u00e5l, lock av ABS, innerbeh\u00e5llare av plast &#8211; Storlek: 20 x 20 x 30,5 cm (L x B x H) &#8211; Storlek innerbeh\u00e5llare: 18 x 18 x 29 cm (L x B x H) &#8211; Total h\u00f6jd (med \u00f6ppet lock): 48 cm &#8211; Vikt: 1,2 kg &#8211; Kapacitet: 5 liter Leveransomfattning: &#8211; 1 x papperskorg SONGMICS Anvisningar:- St\u00e4ll produkten p\u00e5 ett plant underlag. &#8211; St\u00e4ng inte locket helt f\u00f6r hand, eftersom det kan st\u00e4ngas automatiskt. &#8211; Torka av produkten med en mjuk, fuktig trasa och anv\u00e4nd vid behov milt reng\u00f6ringsmedel.<\/p>\n","protected":false},"excerpt":{"rendered":"<p>SONGMICS soptunna, 5 liters kosmetisk soptunna, pedalsoptunna i st\u00e5l, med innerbeh\u00e5llare, lock och handtag, mjukst\u00e4ngning, luftt\u00e4t, f\u00f6r badrum, toalett, gr\u00e5 LTB14GS<\/p>\n","protected":false},"featured_media":43904,"comment_status":"open","ping_status":"closed","template":"","meta":[],"product_brand":[],"product_cat":[33],"product_tag":[],"class_list":{"0":"post-16178","1":"product","2":"type-product","3":"status-publish","4":"has-post-thumbnail","6":"product_cat-okategoriserad","8":"first","9":"instock","10":"shipping-taxable","11":"purchasable","12":"product-type-simple"},"_links":{"self":[{"href":"https:\/\/nordicmart.andreevmaster.com\/sv\/wp-json\/wp\/v2\/product\/16178","targetHints":{"allow":["GET"]}}],"collection":[{"href":"https:\/\/nordicmart.andreevmaster.com\/sv\/wp-json\/wp\/v2\/product"}],"about":[{"href":"https:\/\/nordicmart.andreevmaster.com\/sv\/wp-json\/wp\/v2\/types\/product"}],"replies":[{"embeddable":true,"href":"https:\/\/nordicmart.andreevmaster.com\/sv\/wp-json\/wp\/v2\/comments?post=16178"}],"wp:featuredmedia":[{"embeddable":true,"href":"https:\/\/nordicmart.andreevmaster.com\/sv\/wp-json\/wp\/v2\/media\/43904"}],"wp:attachment":[{"href":"https:\/\/nordicmart.andreevmaster.com\/sv\/wp-json\/wp\/v2\/media?parent=16178"}],"wp:term":[{"taxonomy":"product_brand","embeddable":true,"href":"https:\/\/nordicmart.andreevmaster.com\/sv\/wp-json\/wp\/v2\/product_brand?post=16178"},{"taxonomy":"product_cat","embeddable":true,"href":"https:\/\/nordicmart.andreevmaster.com\/sv\/wp-json\/wp\/v2\/product_cat?post=16178"},{"taxonomy":"product_tag","embeddable":true,"href":"https:\/\/nordicmart.andreevmaster.com\/sv\/wp-json\/wp\/v2\/product_tag?post=16178"}],"curies":[{"name":"wp","href":"https:\/\/api.w.org\/{rel}","templated":true}]}}