{"id":16177,"date":"2026-02-27T00:29:27","date_gmt":"2026-02-27T00:29:27","guid":{"rendered":"https:\/\/nordicmart.andreevmaster.com\/product\/songmics-soptunna-5-liter\/"},"modified":"2026-02-27T08:20:08","modified_gmt":"2026-02-27T08:20:08","slug":"songmics-soptunna-5-liter","status":"publish","type":"product","link":"https:\/\/nordicmart.andreevmaster.com\/sv\/produkt\/songmics-soptunna-5-liter\/","title":{"rendered":"SONGMICS soptunna 5 liter"},"content":{"rendered":"<p>\u00c5tervinning kan vara enkelt Allt du beh\u00f6ver g\u00f6ra \u00e4r att trampa p\u00e5 pedalen f\u00f6r att \u00f6ppna locket, och nu har du h\u00e4nderna fria f\u00f6r att l\u00e4gga i \u00e5tervinningen. Dessutom beh\u00f6ver du inte oroa dig f\u00f6r att huskies eller busiga husdjur r\u00e5kar v\u00e4lta beh\u00e5llaren, eftersom den f\u00f6rblir t\u00e4t n\u00e4r den \u00e4r st\u00e4ngd. Smart avfallsl\u00f6sning Denna robusta och kompakta 5-liters soptunna har en smart design. Den unikt formade innerbeh\u00e5llaren g\u00f6r den l\u00e4tt att ta ut och h\u00e5let p\u00e5 baksidan f\u00f6rhindrar att sopp\u00e5sen glider. Handtaget hj\u00e4lper dig att flytta den fr\u00e5n en plats till en annan utan att r\u00f6ra papperskorgen. Specifikationer: &#8211; F\u00e4rg: Gr\u00e5 &#8211; Material: Rostfritt st\u00e5l, ABS-lock, innerkorg i plast &#8211; Produktstorlek: 20 x 20 x 30,5 cm (l\u00e4ngd x bredd x h\u00f6jd\uff09- Storlek p\u00e5 innerbeh\u00e5llare: 18 x 18 x 29 cm (l\u00e4ngd x bredd x h\u00f6jd\uff09- Total h\u00f6jd med \u00f6ppet lock: 48 cm- Produktvikt: 1,2 kg- Kapacitet: 5 lF\u00f6rpackningens inneh\u00e5ll:&nbsp;&#8211; 1 x soptunna Anm\u00e4rkningar fr\u00e5n SONGMICS:&nbsp;&#8211; Produkten rekommenderas f\u00f6r anv\u00e4ndning p\u00e5 sl\u00e4ta golv.- St\u00e4ng inte locket helt f\u00f6r hand, eftersom det kan st\u00e4ngas automatiskt.- Reng\u00f6r med en mjuk, fuktig trasa och anv\u00e4nd milt reng\u00f6ringsmedel vid behov.<\/p>\n","protected":false},"excerpt":{"rendered":"<p>SONGMICS soptunna, 5 liters kosmetisk soptunna, pedalsoptunna i st\u00e5l, med innerbeh\u00e5llare, lock och handtag, mjukst\u00e4ngning, luftt\u00e4t, f\u00f6r badrum, toalett, gr\u00e5 LTB14GS<\/p>\n","protected":false},"featured_media":43903,"comment_status":"open","ping_status":"closed","template":"","meta":[],"product_brand":[],"product_cat":[33],"product_tag":[],"class_list":{"0":"post-16177","1":"product","2":"type-product","3":"status-publish","4":"has-post-thumbnail","6":"product_cat-okategoriserad","8":"first","9":"instock","10":"shipping-taxable","11":"purchasable","12":"product-type-simple"},"_links":{"self":[{"href":"https:\/\/nordicmart.andreevmaster.com\/sv\/wp-json\/wp\/v2\/product\/16177","targetHints":{"allow":["GET"]}}],"collection":[{"href":"https:\/\/nordicmart.andreevmaster.com\/sv\/wp-json\/wp\/v2\/product"}],"about":[{"href":"https:\/\/nordicmart.andreevmaster.com\/sv\/wp-json\/wp\/v2\/types\/product"}],"replies":[{"embeddable":true,"href":"https:\/\/nordicmart.andreevmaster.com\/sv\/wp-json\/wp\/v2\/comments?post=16177"}],"wp:featuredmedia":[{"embeddable":true,"href":"https:\/\/nordicmart.andreevmaster.com\/sv\/wp-json\/wp\/v2\/media\/43903"}],"wp:attachment":[{"href":"https:\/\/nordicmart.andreevmaster.com\/sv\/wp-json\/wp\/v2\/media?parent=16177"}],"wp:term":[{"taxonomy":"product_brand","embeddable":true,"href":"https:\/\/nordicmart.andreevmaster.com\/sv\/wp-json\/wp\/v2\/product_brand?post=16177"},{"taxonomy":"product_cat","embeddable":true,"href":"https:\/\/nordicmart.andreevmaster.com\/sv\/wp-json\/wp\/v2\/product_cat?post=16177"},{"taxonomy":"product_tag","embeddable":true,"href":"https:\/\/nordicmart.andreevmaster.com\/sv\/wp-json\/wp\/v2\/product_tag?post=16177"}],"curies":[{"name":"wp","href":"https:\/\/api.w.org\/{rel}","templated":true}]}}