{"id":16176,"date":"2026-02-27T00:29:27","date_gmt":"2026-02-27T00:29:27","guid":{"rendered":"https:\/\/nordicmart.andreevmaster.com\/product\/songmics-liten-papperskorg-for-badrummet-6-l\/"},"modified":"2026-02-27T08:20:08","modified_gmt":"2026-02-27T08:20:08","slug":"songmics-liten-papperskorg-for-badrummet-6-l","status":"publish","type":"product","link":"https:\/\/nordicmart.andreevmaster.com\/sv\/produkt\/songmics-liten-papperskorg-for-badrummet-6-l\/","title":{"rendered":"SONGMICS Liten papperskorg f\u00f6r badrummet 6 L"},"content":{"rendered":"<p>Varf\u00f6r ska du v\u00e4lja SONGMICS papperskorg?Elegant och stilren designKvalitetsgaranti, robust och h\u00e5llbarGenomt\u00e4nkt design som uppfyller dina kravV\u00e4nlig kundserviceProduktdetaljer:- F\u00e4rg: vit &#8211; Material: pulverlackerat st\u00e5l, ABS, PP &#8211; M\u00e5tt: 29,3 x 30,1 x 21,8 cm (B x H x D) &#8211; Volym: 6 L &#8211; Vikt: 1,2 kg Leveransomfattning: &#8211; 1 x papperskorg SONGMICS Obs!- Torka av produkten regelbundet med en l\u00e4tt fuktad trasa med ett milt reng\u00f6ringsmedel och torka sedan med en torr trasa. Tveka inte l\u00e4nge, sl\u00e5 till nu! En praktisk liten hj\u00e4lpreda f\u00f6r hemmet!<\/p>\n","protected":false},"excerpt":{"rendered":"<p>SONGMICS Kosmetikpapperskorg i st\u00e5l 6 L, badrumspapperskorg med softclose, badrumspapperskorg med ABS-lock och innerkorg LTB12WT<\/p>\n","protected":false},"featured_media":43902,"comment_status":"open","ping_status":"closed","template":"","meta":[],"product_brand":[],"product_cat":[33],"product_tag":[],"class_list":{"0":"post-16176","1":"product","2":"type-product","3":"status-publish","4":"has-post-thumbnail","6":"product_cat-okategoriserad","8":"first","9":"instock","10":"shipping-taxable","11":"purchasable","12":"product-type-simple"},"_links":{"self":[{"href":"https:\/\/nordicmart.andreevmaster.com\/sv\/wp-json\/wp\/v2\/product\/16176","targetHints":{"allow":["GET"]}}],"collection":[{"href":"https:\/\/nordicmart.andreevmaster.com\/sv\/wp-json\/wp\/v2\/product"}],"about":[{"href":"https:\/\/nordicmart.andreevmaster.com\/sv\/wp-json\/wp\/v2\/types\/product"}],"replies":[{"embeddable":true,"href":"https:\/\/nordicmart.andreevmaster.com\/sv\/wp-json\/wp\/v2\/comments?post=16176"}],"wp:featuredmedia":[{"embeddable":true,"href":"https:\/\/nordicmart.andreevmaster.com\/sv\/wp-json\/wp\/v2\/media\/43902"}],"wp:attachment":[{"href":"https:\/\/nordicmart.andreevmaster.com\/sv\/wp-json\/wp\/v2\/media?parent=16176"}],"wp:term":[{"taxonomy":"product_brand","embeddable":true,"href":"https:\/\/nordicmart.andreevmaster.com\/sv\/wp-json\/wp\/v2\/product_brand?post=16176"},{"taxonomy":"product_cat","embeddable":true,"href":"https:\/\/nordicmart.andreevmaster.com\/sv\/wp-json\/wp\/v2\/product_cat?post=16176"},{"taxonomy":"product_tag","embeddable":true,"href":"https:\/\/nordicmart.andreevmaster.com\/sv\/wp-json\/wp\/v2\/product_tag?post=16176"}],"curies":[{"name":"wp","href":"https:\/\/api.w.org\/{rel}","templated":true}]}}