{"id":16175,"date":"2026-02-27T00:29:27","date_gmt":"2026-02-27T00:29:27","guid":{"rendered":"https:\/\/nordicmart.andreevmaster.com\/product\/songmics-liten-soptunna-for-badrummet-3-l\/"},"modified":"2026-02-27T08:20:08","modified_gmt":"2026-02-27T08:20:08","slug":"songmics-liten-soptunna-for-badrummet-3-l","status":"publish","type":"product","link":"https:\/\/nordicmart.andreevmaster.com\/sv\/produkt\/songmics-liten-soptunna-for-badrummet-3-l\/","title":{"rendered":"SONGMICS Liten soptunna f\u00f6r badrummet 3 L"},"content":{"rendered":"<p>Varf\u00f6r ska du v\u00e4lja SONGMICS papperskorg? Elegant och stilren design Kvalitetsgaranti, robust och h\u00e5llbar Genomt\u00e4nkt design som uppfyller dina krav V\u00e4nlig kundservice Produktdetaljer:- F\u00e4rg: vit &#8211; Material: pulverlackerat st\u00e5l, ABS, PP &#8211; M\u00e5tt: 25,6 x 26,3 x 18,1 cm (B x H x D) &#8211; Volym: 3 L &#8211; Vikt: 0,9 kg Leveransomfattning: &#8211; 1 x papperskorg SONGMICS Obs!- Torka av produkten regelbundet med en l\u00e4tt fuktad trasa med ett milt reng\u00f6ringsmedel och torka sedan med en torr trasa. Tveka inte l\u00e4nge, sl\u00e5 till nu! En praktisk liten hj\u00e4lpreda f\u00f6r hemmet!<\/p>\n","protected":false},"excerpt":{"rendered":"<p>SONGMICS Kosmetikpapperskorg i st\u00e5l 3 L, badrumspapperskorg med mjukst\u00e4ngning, badrumspapperskorg med ABS-lock och innerkorg LTB11WT<\/p>\n","protected":false},"featured_media":43901,"comment_status":"open","ping_status":"closed","template":"","meta":[],"product_brand":[],"product_cat":[33],"product_tag":[],"class_list":{"0":"post-16175","1":"product","2":"type-product","3":"status-publish","4":"has-post-thumbnail","6":"product_cat-okategoriserad","8":"first","9":"instock","10":"shipping-taxable","11":"purchasable","12":"product-type-simple"},"_links":{"self":[{"href":"https:\/\/nordicmart.andreevmaster.com\/sv\/wp-json\/wp\/v2\/product\/16175","targetHints":{"allow":["GET"]}}],"collection":[{"href":"https:\/\/nordicmart.andreevmaster.com\/sv\/wp-json\/wp\/v2\/product"}],"about":[{"href":"https:\/\/nordicmart.andreevmaster.com\/sv\/wp-json\/wp\/v2\/types\/product"}],"replies":[{"embeddable":true,"href":"https:\/\/nordicmart.andreevmaster.com\/sv\/wp-json\/wp\/v2\/comments?post=16175"}],"wp:featuredmedia":[{"embeddable":true,"href":"https:\/\/nordicmart.andreevmaster.com\/sv\/wp-json\/wp\/v2\/media\/43901"}],"wp:attachment":[{"href":"https:\/\/nordicmart.andreevmaster.com\/sv\/wp-json\/wp\/v2\/media?parent=16175"}],"wp:term":[{"taxonomy":"product_brand","embeddable":true,"href":"https:\/\/nordicmart.andreevmaster.com\/sv\/wp-json\/wp\/v2\/product_brand?post=16175"},{"taxonomy":"product_cat","embeddable":true,"href":"https:\/\/nordicmart.andreevmaster.com\/sv\/wp-json\/wp\/v2\/product_cat?post=16175"},{"taxonomy":"product_tag","embeddable":true,"href":"https:\/\/nordicmart.andreevmaster.com\/sv\/wp-json\/wp\/v2\/product_tag?post=16175"}],"curies":[{"name":"wp","href":"https:\/\/api.w.org\/{rel}","templated":true}]}}