{"id":16173,"date":"2026-02-27T00:29:26","date_gmt":"2026-02-27T00:29:26","guid":{"rendered":"https:\/\/nordicmart.andreevmaster.com\/product\/songmics-smal-soptunna-med-fotpedal\/"},"modified":"2026-02-27T08:20:07","modified_gmt":"2026-02-27T08:20:07","slug":"songmics-smal-soptunna-med-fotpedal","status":"publish","type":"product","link":"https:\/\/nordicmart.andreevmaster.com\/sv\/produkt\/songmics-smal-soptunna-med-fotpedal\/","title":{"rendered":"SONGMICS smal soptunna med fotpedal"},"content":{"rendered":"<p>L\u00e4mplig f\u00f6r sm\u00e5 utrymmen: Vill du utnyttja nischerna i din l\u00e4genhet fullt ut? D\u00e5 \u00e4r denna smala soptunna en smart l\u00f6sning! Den \u00e4r det perfekta valet f\u00f6r l\u00e4genheter! Bekv\u00e4m \u00f6ppning och tyst st\u00e4ngning: Om du vill \u00f6ppna locket p\u00e5 papperskorgen men inte har en hand ledig, trycker du bara p\u00e5 fotpedalen. Locket st\u00e4ngs sedan l\u00e5ngsamt och tyst s\u00e5 att den lugna atmosf\u00e4ren i ditt hem inte st\u00f6rs. L\u00e4tt att transportera och t\u00f6mma: Papperskorgen har ett handtag p\u00e5 baksidan och kan d\u00e4rf\u00f6r enkelt transporteras \u00f6verallt. \u00c4ven innerhinken av PP-plast \u00e4r f\u00f6rsedd med handtag, s\u00e5 att du enkelt kan lyfta ut den ur soptunnan och t\u00f6mma den. En soptunna beh\u00f6ver inte se ut som skr\u00e4p; med sin eleganta silverf\u00e4rg och enkla design blir denna 10-liters soptunna ett blickf\u00e5ng i ditt badrum! Produktdetaljer:F\u00e4rg: Silver Material: St\u00e5l, PP-plast Storlek: 18,7 x 27,3 x 40,1 cm (L x B x H) Storlek innerkorg: 16,6 x 24,5 x 34,5 cm (L x B x H) Total h\u00f6jd (med \u00f6ppet lock): 57 cm Vikt: 1,7 kg Leveransomfattning: 1 x papperskorg SONGIMCS Anvisningar: Torka av produkten med en mjuk trasa fuktad med ett neutralt reng\u00f6ringsmedel och anv\u00e4nd sedan en torr trasa f\u00f6r att ta bort fukt.Locket kan \u00f6ppnas upp till 90\u00b0 f\u00f6r hand; genom att trycka p\u00e5 fotpedalen \u00f6ppnas det 70\u00b0-75\u00b0. Placera alltid papperskorgen 5 cm fr\u00e5n v\u00e4ggen s\u00e5 att locket inte st\u00f6ter emot den n\u00e4r det \u00f6ppnas.<\/p>\n","protected":false},"excerpt":{"rendered":"<p>SONGMICS papperskorg, kosmetikpapperskorg i st\u00e5l, 10 liter, smal pedalpapperskorg med innerkorg, f\u00f6r badrummet, mjukst\u00e4ngning, papperskorg f\u00f6r nischen, vit LTB10WT<\/p>\n","protected":false},"featured_media":43899,"comment_status":"open","ping_status":"closed","template":"","meta":[],"product_brand":[],"product_cat":[33],"product_tag":[],"class_list":{"0":"post-16173","1":"product","2":"type-product","3":"status-publish","4":"has-post-thumbnail","6":"product_cat-okategoriserad","8":"first","9":"instock","10":"shipping-taxable","11":"purchasable","12":"product-type-simple"},"_links":{"self":[{"href":"https:\/\/nordicmart.andreevmaster.com\/sv\/wp-json\/wp\/v2\/product\/16173","targetHints":{"allow":["GET"]}}],"collection":[{"href":"https:\/\/nordicmart.andreevmaster.com\/sv\/wp-json\/wp\/v2\/product"}],"about":[{"href":"https:\/\/nordicmart.andreevmaster.com\/sv\/wp-json\/wp\/v2\/types\/product"}],"replies":[{"embeddable":true,"href":"https:\/\/nordicmart.andreevmaster.com\/sv\/wp-json\/wp\/v2\/comments?post=16173"}],"wp:featuredmedia":[{"embeddable":true,"href":"https:\/\/nordicmart.andreevmaster.com\/sv\/wp-json\/wp\/v2\/media\/43899"}],"wp:attachment":[{"href":"https:\/\/nordicmart.andreevmaster.com\/sv\/wp-json\/wp\/v2\/media?parent=16173"}],"wp:term":[{"taxonomy":"product_brand","embeddable":true,"href":"https:\/\/nordicmart.andreevmaster.com\/sv\/wp-json\/wp\/v2\/product_brand?post=16173"},{"taxonomy":"product_cat","embeddable":true,"href":"https:\/\/nordicmart.andreevmaster.com\/sv\/wp-json\/wp\/v2\/product_cat?post=16173"},{"taxonomy":"product_tag","embeddable":true,"href":"https:\/\/nordicmart.andreevmaster.com\/sv\/wp-json\/wp\/v2\/product_tag?post=16173"}],"curies":[{"name":"wp","href":"https:\/\/api.w.org\/{rel}","templated":true}]}}