{"id":16172,"date":"2026-02-27T00:29:26","date_gmt":"2026-02-27T00:29:26","guid":{"rendered":"https:\/\/nordicmart.andreevmaster.com\/product\/songmics-soptunna-50-liter\/"},"modified":"2026-02-27T08:20:07","modified_gmt":"2026-02-27T08:20:07","slug":"songmics-soptunna-50-liter","status":"publish","type":"product","link":"https:\/\/nordicmart.andreevmaster.com\/sv\/produkt\/songmics-soptunna-50-liter\/","title":{"rendered":"SONGMICS soptunna 50 liter"},"content":{"rendered":"<p>Se h\u00f6jdpunkterna f\u00f6r denna pedalsoptunna: &#8211; Den har en kapacitet p\u00e5 50 liter. &#8211; Du kan enkelt trycka p\u00e5 pedalen f\u00f6r att \u00f6ppna locket. &#8211; Locket kan f\u00f6rbli \u00f6ppet under en l\u00e4ngre tid. &#8211; Det st\u00e4ngs l\u00e5ngsamt och mjukt utan ljud. &#8211; Den levereras med en avtagbar innerbeh\u00e5llare av plast. &#8211; Den inre beh\u00e5llaren har en \u00f6ppning f\u00f6r plastp\u00e5sen.Produktdetaljer: &#8211; F\u00e4rg: Vit &#8211; Material: St\u00e5l, PP-plast (innerk\u00e4rl) &#8211; Total storlek: 42,4 x 32 x 65 cm (L x B x H) &#8211; Storlek innerk\u00e4rl: 40,4 x 27,4 x 58,4 cm (L x B x H) &#8211; Total h\u00f6jd (med \u00f6ppet lock): 93 cm &#8211; Vikt: 6,2 kg Leveransomfattning: &#8211; 1 x soptunna SONGIMCS Anvisningar: &#8211; Torka av produkten med en mjuk, fuktig trasa och anv\u00e4nd vid behov milt reng\u00f6ringsmedel.<\/p>\n","protected":false},"excerpt":{"rendered":"<p>Soptunna 50 L, soptunna f\u00f6r k\u00f6ket, k\u00f6kssoptunna med lock och innerbeh\u00e5llare, st\u00e5l, vit<\/p>\n","protected":false},"featured_media":43898,"comment_status":"open","ping_status":"closed","template":"","meta":[],"product_brand":[],"product_cat":[33],"product_tag":[],"class_list":{"0":"post-16172","1":"product","2":"type-product","3":"status-publish","4":"has-post-thumbnail","6":"product_cat-okategoriserad","8":"first","9":"instock","10":"shipping-taxable","11":"purchasable","12":"product-type-simple"},"_links":{"self":[{"href":"https:\/\/nordicmart.andreevmaster.com\/sv\/wp-json\/wp\/v2\/product\/16172","targetHints":{"allow":["GET"]}}],"collection":[{"href":"https:\/\/nordicmart.andreevmaster.com\/sv\/wp-json\/wp\/v2\/product"}],"about":[{"href":"https:\/\/nordicmart.andreevmaster.com\/sv\/wp-json\/wp\/v2\/types\/product"}],"replies":[{"embeddable":true,"href":"https:\/\/nordicmart.andreevmaster.com\/sv\/wp-json\/wp\/v2\/comments?post=16172"}],"wp:featuredmedia":[{"embeddable":true,"href":"https:\/\/nordicmart.andreevmaster.com\/sv\/wp-json\/wp\/v2\/media\/43898"}],"wp:attachment":[{"href":"https:\/\/nordicmart.andreevmaster.com\/sv\/wp-json\/wp\/v2\/media?parent=16172"}],"wp:term":[{"taxonomy":"product_brand","embeddable":true,"href":"https:\/\/nordicmart.andreevmaster.com\/sv\/wp-json\/wp\/v2\/product_brand?post=16172"},{"taxonomy":"product_cat","embeddable":true,"href":"https:\/\/nordicmart.andreevmaster.com\/sv\/wp-json\/wp\/v2\/product_cat?post=16172"},{"taxonomy":"product_tag","embeddable":true,"href":"https:\/\/nordicmart.andreevmaster.com\/sv\/wp-json\/wp\/v2\/product_tag?post=16172"}],"curies":[{"name":"wp","href":"https:\/\/api.w.org\/{rel}","templated":true}]}}