{"id":16171,"date":"2026-02-27T00:29:26","date_gmt":"2026-02-27T00:29:26","guid":{"rendered":"https:\/\/nordicmart.andreevmaster.com\/product\/songmics-soptunna-med-2-fack-och-15-soppasar-softclose-mork-valnotsfargad\/"},"modified":"2026-02-27T08:20:07","modified_gmt":"2026-02-27T08:20:07","slug":"songmics-soptunna-med-2-fack-och-15-soppasar-softclose-mork-valnotsfargad","status":"publish","type":"product","link":"https:\/\/nordicmart.andreevmaster.com\/sv\/produkt\/songmics-soptunna-med-2-fack-och-15-soppasar-softclose-mork-valnotsfargad\/","title":{"rendered":"SONGMICS soptunna med 2 fack och 15 sopp\u00e5sar Softclose m\u00f6rk valn\u00f6tsf\u00e4rgad"},"content":{"rendered":"<p>SONGMICS Soptunna, avfallssorteringssystem, med 2 innerk\u00e4rl av plast, 2 x 30 L pedalsoptunna, soptunna med fotpedal, med handtag, silver LTB60NL<br \/>\nF\u00e4rg: M\u00f6rk valn\u00f6t<br \/>\nMaterial: Ytterbeh\u00e5llare av st\u00e5l, innerbeh\u00e5llare av PP-plast, lock av ABS-plast<br \/>\nStorlek (med fotpedal): 59 x 36,5 x 65,2 cm (L x B x H)<br \/>\nTotal h\u00f6jd (med \u00f6ppet lock): 94 cm<br \/>\nStorlek per innerbeh\u00e5llare: 27 x 27 x 58,5 cm (L x B x H)<br \/>\nStorlek p\u00e5 fotpedalen: 13,5 x 4 cm (L x B)<br \/>\nKapacitet: 2 x 30 liter<br \/>\nVikt: 10,5 kg<\/p>\n","protected":false},"excerpt":{"rendered":"<p>SONGMICS Soptunna, avfallssorteringssystem, med 2 innerk\u00e4rl av plast, 2 x 30 L pedalsoptunna, soptunna med fotpedal, med handtag, silver LTB60NL<\/p>\n","protected":false},"featured_media":43897,"comment_status":"open","ping_status":"closed","template":"","meta":[],"product_brand":[],"product_cat":[33],"product_tag":[],"class_list":{"0":"post-16171","1":"product","2":"type-product","3":"status-publish","4":"has-post-thumbnail","6":"product_cat-okategoriserad","8":"first","9":"instock","10":"shipping-taxable","11":"purchasable","12":"product-type-simple"},"_links":{"self":[{"href":"https:\/\/nordicmart.andreevmaster.com\/sv\/wp-json\/wp\/v2\/product\/16171","targetHints":{"allow":["GET"]}}],"collection":[{"href":"https:\/\/nordicmart.andreevmaster.com\/sv\/wp-json\/wp\/v2\/product"}],"about":[{"href":"https:\/\/nordicmart.andreevmaster.com\/sv\/wp-json\/wp\/v2\/types\/product"}],"replies":[{"embeddable":true,"href":"https:\/\/nordicmart.andreevmaster.com\/sv\/wp-json\/wp\/v2\/comments?post=16171"}],"wp:featuredmedia":[{"embeddable":true,"href":"https:\/\/nordicmart.andreevmaster.com\/sv\/wp-json\/wp\/v2\/media\/43897"}],"wp:attachment":[{"href":"https:\/\/nordicmart.andreevmaster.com\/sv\/wp-json\/wp\/v2\/media?parent=16171"}],"wp:term":[{"taxonomy":"product_brand","embeddable":true,"href":"https:\/\/nordicmart.andreevmaster.com\/sv\/wp-json\/wp\/v2\/product_brand?post=16171"},{"taxonomy":"product_cat","embeddable":true,"href":"https:\/\/nordicmart.andreevmaster.com\/sv\/wp-json\/wp\/v2\/product_cat?post=16171"},{"taxonomy":"product_tag","embeddable":true,"href":"https:\/\/nordicmart.andreevmaster.com\/sv\/wp-json\/wp\/v2\/product_tag?post=16171"}],"curies":[{"name":"wp","href":"https:\/\/api.w.org\/{rel}","templated":true}]}}