{"id":16168,"date":"2026-02-27T00:29:25","date_gmt":"2026-02-27T00:29:25","guid":{"rendered":"https:\/\/nordicmart.andreevmaster.com\/product\/songmics-avfallssorteringssystem-3-fack-3-x-18-l-med-lock-sandbeige\/"},"modified":"2026-02-27T08:20:06","modified_gmt":"2026-02-27T08:20:06","slug":"songmics-avfallssorteringssystem-3-fack-3-x-18-l-med-lock-sandbeige","status":"publish","type":"product","link":"https:\/\/nordicmart.andreevmaster.com\/sv\/produkt\/songmics-avfallssorteringssystem-3-fack-3-x-18-l-med-lock-sandbeige\/","title":{"rendered":"SONGMICS avfallssorteringssystem 3 fack 3 x 18 l med lock sandbeige"},"content":{"rendered":"<p>SONGMICS Soptunna, avfallssorteringssystem, med 3 innerk\u00e4rl av plast, pedalsoptunna, avfallsk\u00e4rl med fotpedal, av fingeravtrycksfritt rostfritt st\u00e5l, med handtag (54 liter 3 x 18 L) LTB54NL<br \/>\nF\u00e4rg: sandbeige<br \/>\nMaterial: Ytterbeh\u00e5llare av st\u00e5l, innerbeh\u00e5llare av PP-plast, lock av ABS-plast<br \/>\nStorlek (utan fotpedal): 61 x 31,5 x 55,5 cm (L x B x H)<br \/>\nTotal h\u00f6jd (med \u00f6ppet lock): 84,5 cm<br \/>\nStorlek per innerbeh\u00e5llare: 18 x 26,5 x 49 cm (L x B x H)<br \/>\nStorlek p\u00e5 fotpedalen: 11 x 3,5 cm (L x B)<br \/>\nKapacitet: 3 x 18 liter<br \/>\nVikt: 8,9 kg<\/p>\n","protected":false},"excerpt":{"rendered":"<p>SONGMICS Soptunna, avfallssorteringssystem, med 3 innerk\u00e4rl av plast, pedalsoptunna, avfallsk\u00e4rl med fotpedal, av fingeravtrycksfritt rostfritt st\u00e5l, med handtag (54 liter 3 x 18 L) LTB54NL<\/p>\n","protected":false},"featured_media":43894,"comment_status":"open","ping_status":"closed","template":"","meta":[],"product_brand":[],"product_cat":[33],"product_tag":[],"class_list":{"0":"post-16168","1":"product","2":"type-product","3":"status-publish","4":"has-post-thumbnail","6":"product_cat-okategoriserad","8":"first","9":"instock","10":"shipping-taxable","11":"purchasable","12":"product-type-simple"},"_links":{"self":[{"href":"https:\/\/nordicmart.andreevmaster.com\/sv\/wp-json\/wp\/v2\/product\/16168","targetHints":{"allow":["GET"]}}],"collection":[{"href":"https:\/\/nordicmart.andreevmaster.com\/sv\/wp-json\/wp\/v2\/product"}],"about":[{"href":"https:\/\/nordicmart.andreevmaster.com\/sv\/wp-json\/wp\/v2\/types\/product"}],"replies":[{"embeddable":true,"href":"https:\/\/nordicmart.andreevmaster.com\/sv\/wp-json\/wp\/v2\/comments?post=16168"}],"wp:featuredmedia":[{"embeddable":true,"href":"https:\/\/nordicmart.andreevmaster.com\/sv\/wp-json\/wp\/v2\/media\/43894"}],"wp:attachment":[{"href":"https:\/\/nordicmart.andreevmaster.com\/sv\/wp-json\/wp\/v2\/media?parent=16168"}],"wp:term":[{"taxonomy":"product_brand","embeddable":true,"href":"https:\/\/nordicmart.andreevmaster.com\/sv\/wp-json\/wp\/v2\/product_brand?post=16168"},{"taxonomy":"product_cat","embeddable":true,"href":"https:\/\/nordicmart.andreevmaster.com\/sv\/wp-json\/wp\/v2\/product_cat?post=16168"},{"taxonomy":"product_tag","embeddable":true,"href":"https:\/\/nordicmart.andreevmaster.com\/sv\/wp-json\/wp\/v2\/product_tag?post=16168"}],"curies":[{"name":"wp","href":"https:\/\/api.w.org\/{rel}","templated":true}]}}