{"id":16167,"date":"2026-02-27T00:29:25","date_gmt":"2026-02-27T00:29:25","guid":{"rendered":"https:\/\/nordicmart.andreevmaster.com\/product\/songmics-soptunna-for-koket-med-fotpedal-i-stal-bla\/"},"modified":"2026-02-27T08:20:06","modified_gmt":"2026-02-27T08:20:06","slug":"songmics-soptunna-for-koket-med-fotpedal-i-stal-bla","status":"publish","type":"product","link":"https:\/\/nordicmart.andreevmaster.com\/sv\/produkt\/songmics-soptunna-for-koket-med-fotpedal-i-stal-bla\/","title":{"rendered":"SONGMICS soptunna f\u00f6r k\u00f6ket med fotpedal i st\u00e5l, bl\u00e5"},"content":{"rendered":"<p>SONGMICS soptunna, avfallskorg, 50 liter, pedalsoptunna i st\u00e5l, innerkorg i plast, med lock, softclose, luftt\u00e4t, f\u00f6r k\u00f6ket, silver LTB050E01<br \/>\nF\u00e4rg: Bl\u00e5<br \/>\nMaterial: Ytterbeh\u00e5llare av st\u00e5l, innerbeh\u00e5llare av plast<br \/>\nStorlek (utan fotpedal): 42,5 x 31,8 x 65,7 cm (L x B x H)<br \/>\nTotal h\u00f6jd (med \u00f6ppet lock): 93,4 cm<br \/>\nStorlek p\u00e5 innerbeh\u00e5llare: 41 x 25,2 x 58,5 cm (L x B x H)<br \/>\nFotpedalens storlek: 19,5 x 5,8 cm (L x B)<br \/>\nKapacitet: 50 liter<br \/>\nVikt: 6,2 kg<\/p>\n","protected":false},"excerpt":{"rendered":"<p>SONGMICS soptunna, avfallskorg, 50 liter, pedalsoptunna i st\u00e5l, innerkorg i plast, med lock, softclose, luftt\u00e4t, f\u00f6r k\u00f6ket, silver LTB050E01<\/p>\n","protected":false},"featured_media":43893,"comment_status":"open","ping_status":"closed","template":"","meta":[],"product_brand":[],"product_cat":[33],"product_tag":[],"class_list":{"0":"post-16167","1":"product","2":"type-product","3":"status-publish","4":"has-post-thumbnail","6":"product_cat-okategoriserad","8":"first","9":"instock","10":"shipping-taxable","11":"purchasable","12":"product-type-simple"},"_links":{"self":[{"href":"https:\/\/nordicmart.andreevmaster.com\/sv\/wp-json\/wp\/v2\/product\/16167","targetHints":{"allow":["GET"]}}],"collection":[{"href":"https:\/\/nordicmart.andreevmaster.com\/sv\/wp-json\/wp\/v2\/product"}],"about":[{"href":"https:\/\/nordicmart.andreevmaster.com\/sv\/wp-json\/wp\/v2\/types\/product"}],"replies":[{"embeddable":true,"href":"https:\/\/nordicmart.andreevmaster.com\/sv\/wp-json\/wp\/v2\/comments?post=16167"}],"wp:featuredmedia":[{"embeddable":true,"href":"https:\/\/nordicmart.andreevmaster.com\/sv\/wp-json\/wp\/v2\/media\/43893"}],"wp:attachment":[{"href":"https:\/\/nordicmart.andreevmaster.com\/sv\/wp-json\/wp\/v2\/media?parent=16167"}],"wp:term":[{"taxonomy":"product_brand","embeddable":true,"href":"https:\/\/nordicmart.andreevmaster.com\/sv\/wp-json\/wp\/v2\/product_brand?post=16167"},{"taxonomy":"product_cat","embeddable":true,"href":"https:\/\/nordicmart.andreevmaster.com\/sv\/wp-json\/wp\/v2\/product_cat?post=16167"},{"taxonomy":"product_tag","embeddable":true,"href":"https:\/\/nordicmart.andreevmaster.com\/sv\/wp-json\/wp\/v2\/product_tag?post=16167"}],"curies":[{"name":"wp","href":"https:\/\/api.w.org\/{rel}","templated":true}]}}