{"id":16166,"date":"2026-02-27T00:29:24","date_gmt":"2026-02-27T00:29:24","guid":{"rendered":"https:\/\/nordicmart.andreevmaster.com\/product\/songmics-pedalsoptunna-i-stal-med-pedal-silver\/"},"modified":"2026-02-27T08:20:06","modified_gmt":"2026-02-27T08:20:06","slug":"songmics-pedalsoptunna-i-stal-med-pedal-silver","status":"publish","type":"product","link":"https:\/\/nordicmart.andreevmaster.com\/sv\/produkt\/songmics-pedalsoptunna-i-stal-med-pedal-silver\/","title":{"rendered":"SONGMICS pedalsoptunna i st\u00e5l med pedal, silver"},"content":{"rendered":"<p>Se h\u00f6jdpunkterna f\u00f6r denna pedalsoptunna: Den har en kapacitet p\u00e5 50 liter. Du kan enkelt trycka p\u00e5 pedalen f\u00f6r att \u00f6ppna locket. Locket kan f\u00f6rbli \u00f6ppet under en l\u00e4ngre tid. Det st\u00e4ngs l\u00e5ngsamt och mjukt utan ljud. Den levereras med en avtagbar innerbeh\u00e5llare i plast. Den inre beh\u00e5llaren har en \u00f6ppning f\u00f6r plastp\u00e5sen.Produktdetaljer: F\u00e4rg: Silver Material: St\u00e5l, PP-plast (innerk\u00e4rl) Total storlek: 42,4 x 32 x 65 cm (L x B x H) Storlek innerk\u00e4rl: 40,4 x 27,4 x 58,4 cm (L x B x H) Total h\u00f6jd (med \u00f6ppet lock): 93 cm Vikt: 6,2 kg Leveransomfattning: 1 x papperskorg SONGMICS Anm\u00e4rkningar: Torka av produkten med en mjuk, fuktig trasa och anv\u00e4nd vid behov milt reng\u00f6ringsmedel.<\/p>\n","protected":false},"excerpt":{"rendered":"<p>SONGMICS soptunna, avfallskorg, 50 liter, pedalsoptunna i st\u00e5l, innerkorg i plast, med lock, softclose, luftt\u00e4t, f\u00f6r k\u00f6ket, silver LTB050E01<\/p>\n","protected":false},"featured_media":43892,"comment_status":"open","ping_status":"closed","template":"","meta":[],"product_brand":[],"product_cat":[33],"product_tag":[],"class_list":{"0":"post-16166","1":"product","2":"type-product","3":"status-publish","4":"has-post-thumbnail","6":"product_cat-okategoriserad","8":"first","9":"instock","10":"shipping-taxable","11":"purchasable","12":"product-type-simple"},"_links":{"self":[{"href":"https:\/\/nordicmart.andreevmaster.com\/sv\/wp-json\/wp\/v2\/product\/16166","targetHints":{"allow":["GET"]}}],"collection":[{"href":"https:\/\/nordicmart.andreevmaster.com\/sv\/wp-json\/wp\/v2\/product"}],"about":[{"href":"https:\/\/nordicmart.andreevmaster.com\/sv\/wp-json\/wp\/v2\/types\/product"}],"replies":[{"embeddable":true,"href":"https:\/\/nordicmart.andreevmaster.com\/sv\/wp-json\/wp\/v2\/comments?post=16166"}],"wp:featuredmedia":[{"embeddable":true,"href":"https:\/\/nordicmart.andreevmaster.com\/sv\/wp-json\/wp\/v2\/media\/43892"}],"wp:attachment":[{"href":"https:\/\/nordicmart.andreevmaster.com\/sv\/wp-json\/wp\/v2\/media?parent=16166"}],"wp:term":[{"taxonomy":"product_brand","embeddable":true,"href":"https:\/\/nordicmart.andreevmaster.com\/sv\/wp-json\/wp\/v2\/product_brand?post=16166"},{"taxonomy":"product_cat","embeddable":true,"href":"https:\/\/nordicmart.andreevmaster.com\/sv\/wp-json\/wp\/v2\/product_cat?post=16166"},{"taxonomy":"product_tag","embeddable":true,"href":"https:\/\/nordicmart.andreevmaster.com\/sv\/wp-json\/wp\/v2\/product_tag?post=16166"}],"curies":[{"name":"wp","href":"https:\/\/api.w.org\/{rel}","templated":true}]}}