{"id":16163,"date":"2026-02-27T00:29:24","date_gmt":"2026-02-27T00:29:24","guid":{"rendered":"https:\/\/nordicmart.andreevmaster.com\/product\/songmics-soptunna-for-kok-50-liter-sandbeige\/"},"modified":"2026-02-27T08:20:05","modified_gmt":"2026-02-27T08:20:05","slug":"songmics-soptunna-for-kok-50-liter-sandbeige","status":"publish","type":"product","link":"https:\/\/nordicmart.andreevmaster.com\/sv\/produkt\/songmics-soptunna-for-kok-50-liter-sandbeige\/","title":{"rendered":"SONGMICS soptunna f\u00f6r k\u00f6k 50 liter sandbeige"},"content":{"rendered":"<p>SONGMICS soptunna, avfallskorg, 50 liter, pedalsoptunna i st\u00e5l, innerkorg i plast, med lock, softclose, luftt\u00e4t, f\u00f6r k\u00f6ket, silver LTB050E01<br \/>\nF\u00e4rg: Sandbeige<br \/>\nMaterial: Ytterbeh\u00e5llare av st\u00e5l, innerbeh\u00e5llare av plast<br \/>\nStorlek: 43,2 x 37,1 x 63,2 cm (L x B x H)<br \/>\nTotal h\u00f6jd (med \u00f6ppet lock): 88,6 cm<br \/>\nStorlek p\u00e5 innerbeh\u00e5llare: 40,6 x 25,7 x 58,3 cm (L x B x H)<br \/>\nKapacitet: 50 liter<br \/>\nVikt: 5,8 kg<\/p>\n","protected":false},"excerpt":{"rendered":"<p>SONGMICS soptunna, avfallskorg, 50 liter, pedalsoptunna i st\u00e5l, innerkorg i plast, med lock, softclose, luftt\u00e4t, f\u00f6r k\u00f6ket, silver LTB050E01<\/p>\n","protected":false},"featured_media":43889,"comment_status":"open","ping_status":"closed","template":"","meta":[],"product_brand":[],"product_cat":[33],"product_tag":[],"class_list":{"0":"post-16163","1":"product","2":"type-product","3":"status-publish","4":"has-post-thumbnail","6":"product_cat-okategoriserad","8":"first","9":"instock","10":"shipping-taxable","11":"purchasable","12":"product-type-simple"},"_links":{"self":[{"href":"https:\/\/nordicmart.andreevmaster.com\/sv\/wp-json\/wp\/v2\/product\/16163","targetHints":{"allow":["GET"]}}],"collection":[{"href":"https:\/\/nordicmart.andreevmaster.com\/sv\/wp-json\/wp\/v2\/product"}],"about":[{"href":"https:\/\/nordicmart.andreevmaster.com\/sv\/wp-json\/wp\/v2\/types\/product"}],"replies":[{"embeddable":true,"href":"https:\/\/nordicmart.andreevmaster.com\/sv\/wp-json\/wp\/v2\/comments?post=16163"}],"wp:featuredmedia":[{"embeddable":true,"href":"https:\/\/nordicmart.andreevmaster.com\/sv\/wp-json\/wp\/v2\/media\/43889"}],"wp:attachment":[{"href":"https:\/\/nordicmart.andreevmaster.com\/sv\/wp-json\/wp\/v2\/media?parent=16163"}],"wp:term":[{"taxonomy":"product_brand","embeddable":true,"href":"https:\/\/nordicmart.andreevmaster.com\/sv\/wp-json\/wp\/v2\/product_brand?post=16163"},{"taxonomy":"product_cat","embeddable":true,"href":"https:\/\/nordicmart.andreevmaster.com\/sv\/wp-json\/wp\/v2\/product_cat?post=16163"},{"taxonomy":"product_tag","embeddable":true,"href":"https:\/\/nordicmart.andreevmaster.com\/sv\/wp-json\/wp\/v2\/product_tag?post=16163"}],"curies":[{"name":"wp","href":"https:\/\/api.w.org\/{rel}","templated":true}]}}