{"id":16160,"date":"2026-02-27T00:29:23","date_gmt":"2026-02-27T00:29:23","guid":{"rendered":"https:\/\/nordicmart.andreevmaster.com\/product\/songmics-soptunna-30-l-rokgra\/"},"modified":"2026-02-27T08:20:04","modified_gmt":"2026-02-27T08:20:04","slug":"songmics-soptunna-30-l-rokgra","status":"publish","type":"product","link":"https:\/\/nordicmart.andreevmaster.com\/sv\/produkt\/songmics-soptunna-30-l-rokgra\/","title":{"rendered":"SONGMICS soptunna 30 L r\u00f6kgr\u00e5"},"content":{"rendered":"<p>SONGMICS Soptunna med pedalen f\u00f6r k\u00f6ket, softclose, soptunna med lock och innerbeh\u00e5llare, 30 L avfallsk\u00e4rl i rostfritt st\u00e5l, luktfri och hygienisk LTB03NL<br \/>\n&#8211; F\u00e4rg: Gr\u00e5gr\u00f6n<\/p>\n<p>&#8211; Material: Ytterbeh\u00e5llare av st\u00e5l, innerbeh\u00e5llare av PP-plast<\/p>\n<p>&#8211; Storlek (utan fotpedal): 35 x 25,5 x 63,5 cm (L x B x H)<\/p>\n<p>&#8211; Total h\u00f6jd (med \u00f6ppet lock): 85,5 cm<\/p>\n<p>&#8211; Storlek p\u00e5 innerbeh\u00e5llare: 35 x 23,5 x 57,5 cm (L x B x H)<\/p>\n<p>&#8211; Storlek p\u00e5 fotpedalen: 15 x 4 cm (L x B)<\/p>\n<p>&#8211; Kapacitet: 30 liter<\/p>\n<p>&#8211; Vikt: 3,8 kg<\/p>\n","protected":false},"excerpt":{"rendered":"<p>SONGMICS Soptunna med pedalen f\u00f6r k\u00f6ket, softclose, soptunna med lock och innerbeh\u00e5llare, 30 L avfallsk\u00e4rl i rostfritt st\u00e5l, luktfri och hygienisk LTB03NL<\/p>\n","protected":false},"featured_media":43886,"comment_status":"open","ping_status":"closed","template":"","meta":[],"product_brand":[],"product_cat":[33],"product_tag":[],"class_list":{"0":"post-16160","1":"product","2":"type-product","3":"status-publish","4":"has-post-thumbnail","6":"product_cat-okategoriserad","8":"first","9":"instock","10":"shipping-taxable","11":"purchasable","12":"product-type-simple"},"_links":{"self":[{"href":"https:\/\/nordicmart.andreevmaster.com\/sv\/wp-json\/wp\/v2\/product\/16160","targetHints":{"allow":["GET"]}}],"collection":[{"href":"https:\/\/nordicmart.andreevmaster.com\/sv\/wp-json\/wp\/v2\/product"}],"about":[{"href":"https:\/\/nordicmart.andreevmaster.com\/sv\/wp-json\/wp\/v2\/types\/product"}],"replies":[{"embeddable":true,"href":"https:\/\/nordicmart.andreevmaster.com\/sv\/wp-json\/wp\/v2\/comments?post=16160"}],"wp:featuredmedia":[{"embeddable":true,"href":"https:\/\/nordicmart.andreevmaster.com\/sv\/wp-json\/wp\/v2\/media\/43886"}],"wp:attachment":[{"href":"https:\/\/nordicmart.andreevmaster.com\/sv\/wp-json\/wp\/v2\/media?parent=16160"}],"wp:term":[{"taxonomy":"product_brand","embeddable":true,"href":"https:\/\/nordicmart.andreevmaster.com\/sv\/wp-json\/wp\/v2\/product_brand?post=16160"},{"taxonomy":"product_cat","embeddable":true,"href":"https:\/\/nordicmart.andreevmaster.com\/sv\/wp-json\/wp\/v2\/product_cat?post=16160"},{"taxonomy":"product_tag","embeddable":true,"href":"https:\/\/nordicmart.andreevmaster.com\/sv\/wp-json\/wp\/v2\/product_tag?post=16160"}],"curies":[{"name":"wp","href":"https:\/\/api.w.org\/{rel}","templated":true}]}}