{"id":16159,"date":"2026-02-27T00:29:22","date_gmt":"2026-02-27T00:29:22","guid":{"rendered":"https:\/\/nordicmart.andreevmaster.com\/product\/songmics-soptunna-for-koket-svart\/"},"modified":"2026-02-27T08:20:04","modified_gmt":"2026-02-27T08:20:04","slug":"songmics-soptunna-for-koket-svart","status":"publish","type":"product","link":"https:\/\/nordicmart.andreevmaster.com\/sv\/produkt\/songmics-soptunna-for-koket-svart\/","title":{"rendered":"SONGMICS soptunna f\u00f6r k\u00f6ket, svart"},"content":{"rendered":"<p>\u00c5tervinning kan ocks\u00e5 vara enkelt: denna soptunna har en kapacitet p\u00e5 30 liter och skyddar din familj fr\u00e5n bakterier och d\u00e5lig lukt tack vare den luftt\u00e4ta locket. Det b\u00e4sta med denna soptunna \u00e4r dock att du inte beh\u00f6ver r\u00f6ra den med h\u00e4nderna n\u00e4r du sl\u00e4nger sopor, vilket garanterar en h\u00f6g hygienniv\u00e5.En &#8221;valp- och barns\u00e4ker&#8221; soptunna: Rotar din hund ofta i soptunnan? R\u00f6r dina sm\u00e5 ofta i den \u00f6ppna beh\u00e5llaren? Om ja, vill du s\u00e4kert s\u00e4tta stopp f\u00f6r det. H\u00e4r kommer v\u00e5r pedalsoptunna in i bilden! Locket \u00f6ppnas f\u00f6rst n\u00e4r du trampar p\u00e5 pedalen. Tack vare det h\u00f6gkvalitativa materialet och den praktiska designen \u00e4r denna soptunna en smart l\u00f6sning f\u00f6r avfallshantering.Produktdetaljer: F\u00e4rg: Svart Material: St\u00e5l, plast (innerkorg) Storlek: 35 x 23,8 x 63 cm (L x B x H) Storlek innerkorg: 35 x 23,5 x 57,5 cm (L x B x H) Total h\u00f6jd (med \u00f6ppet lock): 85,5 cm Vikt: 3,8 kg Leveransomfattning: 1 x papperskorg SONGMICS Anvisningar: Torka av produkten med en mjuk, fuktig trasa och anv\u00e4nd vid behov milt reng\u00f6ringsmedel.<\/p>\n","protected":false},"excerpt":{"rendered":"<p>SONGMICS Soptunna med pedalen f\u00f6r k\u00f6ket, softclose, soptunna med lock och innerbeh\u00e5llare, 30 L avfallsk\u00e4rl i rostfritt st\u00e5l, luktfri och hygienisk LTB03NL<\/p>\n","protected":false},"featured_media":43885,"comment_status":"open","ping_status":"closed","template":"","meta":[],"product_brand":[],"product_cat":[33],"product_tag":[],"class_list":{"0":"post-16159","1":"product","2":"type-product","3":"status-publish","4":"has-post-thumbnail","6":"product_cat-okategoriserad","8":"first","9":"instock","10":"shipping-taxable","11":"purchasable","12":"product-type-simple"},"_links":{"self":[{"href":"https:\/\/nordicmart.andreevmaster.com\/sv\/wp-json\/wp\/v2\/product\/16159","targetHints":{"allow":["GET"]}}],"collection":[{"href":"https:\/\/nordicmart.andreevmaster.com\/sv\/wp-json\/wp\/v2\/product"}],"about":[{"href":"https:\/\/nordicmart.andreevmaster.com\/sv\/wp-json\/wp\/v2\/types\/product"}],"replies":[{"embeddable":true,"href":"https:\/\/nordicmart.andreevmaster.com\/sv\/wp-json\/wp\/v2\/comments?post=16159"}],"wp:featuredmedia":[{"embeddable":true,"href":"https:\/\/nordicmart.andreevmaster.com\/sv\/wp-json\/wp\/v2\/media\/43885"}],"wp:attachment":[{"href":"https:\/\/nordicmart.andreevmaster.com\/sv\/wp-json\/wp\/v2\/media?parent=16159"}],"wp:term":[{"taxonomy":"product_brand","embeddable":true,"href":"https:\/\/nordicmart.andreevmaster.com\/sv\/wp-json\/wp\/v2\/product_brand?post=16159"},{"taxonomy":"product_cat","embeddable":true,"href":"https:\/\/nordicmart.andreevmaster.com\/sv\/wp-json\/wp\/v2\/product_cat?post=16159"},{"taxonomy":"product_tag","embeddable":true,"href":"https:\/\/nordicmart.andreevmaster.com\/sv\/wp-json\/wp\/v2\/product_tag?post=16159"}],"curies":[{"name":"wp","href":"https:\/\/api.w.org\/{rel}","templated":true}]}}