{"id":16158,"date":"2026-02-27T00:29:22","date_gmt":"2026-02-27T00:29:22","guid":{"rendered":"https:\/\/nordicmart.andreevmaster.com\/product\/songmics-soptunna-med-softclose-lock-och-innerbehallare\/"},"modified":"2026-02-27T08:20:04","modified_gmt":"2026-02-27T08:20:04","slug":"songmics-soptunna-med-softclose-lock-och-innerbehallare","status":"publish","type":"product","link":"https:\/\/nordicmart.andreevmaster.com\/sv\/produkt\/songmics-soptunna-med-softclose-lock-och-innerbehallare\/","title":{"rendered":"SONGMICS soptunna med softclose-lock och innerbeh\u00e5llare"},"content":{"rendered":"<p>SONGMICS Soptunna med pedalen f\u00f6r k\u00f6ket, softclose, soptunna med lock och innerbeh\u00e5llare, 30 L avfallsk\u00e4rl i rostfritt st\u00e5l, luktfri och hygienisk LTB03NL<\/p>\n","protected":false},"excerpt":{"rendered":"<p>SONGMICS Soptunna med pedalen f\u00f6r k\u00f6ket, softclose, soptunna med lock och innerbeh\u00e5llare, 30 L avfallsk\u00e4rl i rostfritt st\u00e5l, luktfri och hygienisk LTB03NL<\/p>\n","protected":false},"featured_media":43884,"comment_status":"open","ping_status":"closed","template":"","meta":[],"product_brand":[],"product_cat":[33],"product_tag":[],"class_list":{"0":"post-16158","1":"product","2":"type-product","3":"status-publish","4":"has-post-thumbnail","6":"product_cat-okategoriserad","8":"first","9":"instock","10":"shipping-taxable","11":"purchasable","12":"product-type-simple"},"_links":{"self":[{"href":"https:\/\/nordicmart.andreevmaster.com\/sv\/wp-json\/wp\/v2\/product\/16158","targetHints":{"allow":["GET"]}}],"collection":[{"href":"https:\/\/nordicmart.andreevmaster.com\/sv\/wp-json\/wp\/v2\/product"}],"about":[{"href":"https:\/\/nordicmart.andreevmaster.com\/sv\/wp-json\/wp\/v2\/types\/product"}],"replies":[{"embeddable":true,"href":"https:\/\/nordicmart.andreevmaster.com\/sv\/wp-json\/wp\/v2\/comments?post=16158"}],"wp:featuredmedia":[{"embeddable":true,"href":"https:\/\/nordicmart.andreevmaster.com\/sv\/wp-json\/wp\/v2\/media\/43884"}],"wp:attachment":[{"href":"https:\/\/nordicmart.andreevmaster.com\/sv\/wp-json\/wp\/v2\/media?parent=16158"}],"wp:term":[{"taxonomy":"product_brand","embeddable":true,"href":"https:\/\/nordicmart.andreevmaster.com\/sv\/wp-json\/wp\/v2\/product_brand?post=16158"},{"taxonomy":"product_cat","embeddable":true,"href":"https:\/\/nordicmart.andreevmaster.com\/sv\/wp-json\/wp\/v2\/product_cat?post=16158"},{"taxonomy":"product_tag","embeddable":true,"href":"https:\/\/nordicmart.andreevmaster.com\/sv\/wp-json\/wp\/v2\/product_tag?post=16158"}],"curies":[{"name":"wp","href":"https:\/\/api.w.org\/{rel}","templated":true}]}}