{"id":16157,"date":"2026-02-27T00:29:22","date_gmt":"2026-02-27T00:29:22","guid":{"rendered":"https:\/\/nordicmart.andreevmaster.com\/product\/songmics-soptunna-for-koket-3-x-8-liter\/"},"modified":"2026-02-27T08:20:04","modified_gmt":"2026-02-27T08:20:04","slug":"songmics-soptunna-for-koket-3-x-8-liter","status":"publish","type":"product","link":"https:\/\/nordicmart.andreevmaster.com\/sv\/produkt\/songmics-soptunna-for-koket-3-x-8-liter\/","title":{"rendered":"SONGMICS soptunna f\u00f6r k\u00f6ket 3 x 8 liter"},"content":{"rendered":"<p>SONGMICS soptunna f\u00f6r k\u00f6ket, 3-i-1 soptunna, 24 liter, avfallssortering, pedalsoptunna av metall, avfallssorteringssystem, robust, l\u00e4tt att reng\u00f6ra, st\u00e5l, r\u00f6kgr\u00e5 LTB24GS<br \/>\n&#8211; F\u00e4rg: Duvgr\u00e5-svart<br \/>\n&#8211; Material: Ytterbeh\u00e5llare av st\u00e5l, innerbeh\u00e5llare av PP-plast, lock av ABS-plast<br \/>\n&#8211; Storlek (utan fotpedal): 47 x 28,3 x 39,5 cm (L x B x H)<br \/>\n&#8211; Total h\u00f6jd (med \u00f6ppet lock): 63,5 cm<br \/>\n&#8211; Storlek per innerbeh\u00e5llare: 14 x 23 x 35 cm (L x B x H)<br \/>\n&#8211; Storlek p\u00e5 fotpedalen: 8 x 5 cm (L x B)<br \/>\n&#8211; Kapacitet: 3 x 8 liter<br \/>\n&#8211; Vikt: 9,1 kg<\/p>\n","protected":false},"excerpt":{"rendered":"<p>SONGMICS soptunna f\u00f6r k\u00f6ket, 3-i-1 soptunna, 24 liter, avfallssortering, pedalsoptunna av metall, avfallssorteringssystem, robust, l\u00e4tt att reng\u00f6ra, st\u00e5l, r\u00f6kgr\u00e5 LTB24GS<\/p>\n","protected":false},"featured_media":43883,"comment_status":"open","ping_status":"closed","template":"","meta":[],"product_brand":[],"product_cat":[33],"product_tag":[],"class_list":{"0":"post-16157","1":"product","2":"type-product","3":"status-publish","4":"has-post-thumbnail","6":"product_cat-okategoriserad","8":"first","9":"instock","10":"shipping-taxable","11":"purchasable","12":"product-type-simple"},"_links":{"self":[{"href":"https:\/\/nordicmart.andreevmaster.com\/sv\/wp-json\/wp\/v2\/product\/16157","targetHints":{"allow":["GET"]}}],"collection":[{"href":"https:\/\/nordicmart.andreevmaster.com\/sv\/wp-json\/wp\/v2\/product"}],"about":[{"href":"https:\/\/nordicmart.andreevmaster.com\/sv\/wp-json\/wp\/v2\/types\/product"}],"replies":[{"embeddable":true,"href":"https:\/\/nordicmart.andreevmaster.com\/sv\/wp-json\/wp\/v2\/comments?post=16157"}],"wp:featuredmedia":[{"embeddable":true,"href":"https:\/\/nordicmart.andreevmaster.com\/sv\/wp-json\/wp\/v2\/media\/43883"}],"wp:attachment":[{"href":"https:\/\/nordicmart.andreevmaster.com\/sv\/wp-json\/wp\/v2\/media?parent=16157"}],"wp:term":[{"taxonomy":"product_brand","embeddable":true,"href":"https:\/\/nordicmart.andreevmaster.com\/sv\/wp-json\/wp\/v2\/product_brand?post=16157"},{"taxonomy":"product_cat","embeddable":true,"href":"https:\/\/nordicmart.andreevmaster.com\/sv\/wp-json\/wp\/v2\/product_cat?post=16157"},{"taxonomy":"product_tag","embeddable":true,"href":"https:\/\/nordicmart.andreevmaster.com\/sv\/wp-json\/wp\/v2\/product_tag?post=16157"}],"curies":[{"name":"wp","href":"https:\/\/api.w.org\/{rel}","templated":true}]}}