{"id":16156,"date":"2026-02-27T00:29:22","date_gmt":"2026-02-27T00:29:22","guid":{"rendered":"https:\/\/nordicmart.andreevmaster.com\/product\/songmics-soptunna-3-x-8-liter-med-lock-och-innerbehallare-kramvit-brun\/"},"modified":"2026-02-27T08:20:04","modified_gmt":"2026-02-27T08:20:04","slug":"songmics-soptunna-3-x-8-liter-med-lock-och-innerbehallare-kramvit-brun","status":"publish","type":"product","link":"https:\/\/nordicmart.andreevmaster.com\/sv\/produkt\/songmics-soptunna-3-x-8-liter-med-lock-och-innerbehallare-kramvit-brun\/","title":{"rendered":"SONGMICS soptunna 3 x 8 liter med lock och innerbeh\u00e5llare kr\u00e4mvit-brun"},"content":{"rendered":"<p>SONGMICS soptunna f\u00f6r k\u00f6ket, 3-i-1 soptunna, 24 liter, avfallssortering, pedalsoptunna av metall, avfallssorteringssystem, robust, l\u00e4tt att reng\u00f6ra, st\u00e5l, r\u00f6kgr\u00e5 LTB24GS<br \/>\nF\u00e4rg: kr\u00e4mvit + brun<br \/>\nYta: St\u00e5l<br \/>\nMaterial: \u200eYtterbeh\u00e5llare av st\u00e5l, innerbeh\u00e5llare av PP-plast, lock av ABS-plast<br \/>\nForm: Rektangul\u00e4r<br \/>\nS\u00e4rskilda egenskaper: Med lock<br \/>\nBatterier kr\u00e4vs: Nej<\/p>\n","protected":false},"excerpt":{"rendered":"<p>SONGMICS soptunna f\u00f6r k\u00f6ket, 3-i-1 soptunna, 24 liter, avfallssortering, pedalsoptunna av metall, avfallssorteringssystem, robust, l\u00e4tt att reng\u00f6ra, st\u00e5l, r\u00f6kgr\u00e5 LTB24GS<\/p>\n","protected":false},"featured_media":43882,"comment_status":"open","ping_status":"closed","template":"","meta":[],"product_brand":[],"product_cat":[33],"product_tag":[],"class_list":{"0":"post-16156","1":"product","2":"type-product","3":"status-publish","4":"has-post-thumbnail","6":"product_cat-okategoriserad","8":"first","9":"instock","10":"shipping-taxable","11":"purchasable","12":"product-type-simple"},"_links":{"self":[{"href":"https:\/\/nordicmart.andreevmaster.com\/sv\/wp-json\/wp\/v2\/product\/16156","targetHints":{"allow":["GET"]}}],"collection":[{"href":"https:\/\/nordicmart.andreevmaster.com\/sv\/wp-json\/wp\/v2\/product"}],"about":[{"href":"https:\/\/nordicmart.andreevmaster.com\/sv\/wp-json\/wp\/v2\/types\/product"}],"replies":[{"embeddable":true,"href":"https:\/\/nordicmart.andreevmaster.com\/sv\/wp-json\/wp\/v2\/comments?post=16156"}],"wp:featuredmedia":[{"embeddable":true,"href":"https:\/\/nordicmart.andreevmaster.com\/sv\/wp-json\/wp\/v2\/media\/43882"}],"wp:attachment":[{"href":"https:\/\/nordicmart.andreevmaster.com\/sv\/wp-json\/wp\/v2\/media?parent=16156"}],"wp:term":[{"taxonomy":"product_brand","embeddable":true,"href":"https:\/\/nordicmart.andreevmaster.com\/sv\/wp-json\/wp\/v2\/product_brand?post=16156"},{"taxonomy":"product_cat","embeddable":true,"href":"https:\/\/nordicmart.andreevmaster.com\/sv\/wp-json\/wp\/v2\/product_cat?post=16156"},{"taxonomy":"product_tag","embeddable":true,"href":"https:\/\/nordicmart.andreevmaster.com\/sv\/wp-json\/wp\/v2\/product_tag?post=16156"}],"curies":[{"name":"wp","href":"https:\/\/api.w.org\/{rel}","templated":true}]}}