{"id":16155,"date":"2026-02-27T00:29:22","date_gmt":"2026-02-27T00:29:22","guid":{"rendered":"https:\/\/nordicmart.andreevmaster.com\/product\/songmics-soptunna-30-l-vit\/"},"modified":"2026-02-27T08:20:03","modified_gmt":"2026-02-27T08:20:03","slug":"songmics-soptunna-30-l-vit","status":"publish","type":"product","link":"https:\/\/nordicmart.andreevmaster.com\/sv\/produkt\/songmics-soptunna-30-l-vit\/","title":{"rendered":"SONGMICS soptunna 30 L vit"},"content":{"rendered":"<p>Anm\u00e4rkningar: N\u00e4r man \u00f6ppnar soptunnan f\u00f6r hand \u00f6ppnas locket ungef\u00e4r 90 grader f\u00f6r att man ska kunna ta ut innerbeh\u00e5llaren. Om du \u00f6ppnar den med foten \u00f6ppnas locket cirka 70\u201375 grader. D\u00e4rf\u00f6r m\u00e5ste det finnas ett avst\u00e5nd p\u00e5 cirka 4 cm till v\u00e4ggen s\u00e5 att locket inte st\u00f6ter emot den n\u00e4r det \u00f6ppnas. Med h\u00e5let p\u00e5 baksidan av innerbeh\u00e5llaren kan kanten p\u00e5 sopp\u00e5sen sp\u00e4nnas fast.Produktdetaljer: Material: Pulverlackerat st\u00e5l i vitt (h\u00f6lje) + plast (innerbeh\u00e5llare) Ytterm\u00e5tt: 34 x 61,5 x 25 cm (B x H x D) M\u00e5tt innerbeh\u00e5llare: 32,5 x 52,5 x 22,5 cm (B x H x D) M\u00e5tt lock helt \u00f6ppet: 34 x 83 x 27,5 cm (B x H x D) M\u00e5tt fotpedal: 18 x 5 cm; \u00d8 r\u00f6r: 1,9 cm F\u00e4rg: vit Nettovikt: 4,5 kg Bruttovikt: 5,9 kg Leveransomfattning: 1 x soptunna<\/p>\n","protected":false},"excerpt":{"rendered":"<p>SONGMICS papperskorg i rostfritt st\u00e5l, 30 L pedalpapperskorg med lock, 34,5 x 27,5 x 61,5 cm, silver, LTB01L<\/p>\n","protected":false},"featured_media":43881,"comment_status":"open","ping_status":"closed","template":"","meta":[],"product_brand":[],"product_cat":[33],"product_tag":[],"class_list":{"0":"post-16155","1":"product","2":"type-product","3":"status-publish","4":"has-post-thumbnail","6":"product_cat-okategoriserad","8":"first","9":"instock","10":"shipping-taxable","11":"purchasable","12":"product-type-simple"},"_links":{"self":[{"href":"https:\/\/nordicmart.andreevmaster.com\/sv\/wp-json\/wp\/v2\/product\/16155","targetHints":{"allow":["GET"]}}],"collection":[{"href":"https:\/\/nordicmart.andreevmaster.com\/sv\/wp-json\/wp\/v2\/product"}],"about":[{"href":"https:\/\/nordicmart.andreevmaster.com\/sv\/wp-json\/wp\/v2\/types\/product"}],"replies":[{"embeddable":true,"href":"https:\/\/nordicmart.andreevmaster.com\/sv\/wp-json\/wp\/v2\/comments?post=16155"}],"wp:featuredmedia":[{"embeddable":true,"href":"https:\/\/nordicmart.andreevmaster.com\/sv\/wp-json\/wp\/v2\/media\/43881"}],"wp:attachment":[{"href":"https:\/\/nordicmart.andreevmaster.com\/sv\/wp-json\/wp\/v2\/media?parent=16155"}],"wp:term":[{"taxonomy":"product_brand","embeddable":true,"href":"https:\/\/nordicmart.andreevmaster.com\/sv\/wp-json\/wp\/v2\/product_brand?post=16155"},{"taxonomy":"product_cat","embeddable":true,"href":"https:\/\/nordicmart.andreevmaster.com\/sv\/wp-json\/wp\/v2\/product_cat?post=16155"},{"taxonomy":"product_tag","embeddable":true,"href":"https:\/\/nordicmart.andreevmaster.com\/sv\/wp-json\/wp\/v2\/product_tag?post=16155"}],"curies":[{"name":"wp","href":"https:\/\/api.w.org\/{rel}","templated":true}]}}