{"id":16154,"date":"2026-02-27T00:29:21","date_gmt":"2026-02-27T00:29:21","guid":{"rendered":"https:\/\/nordicmart.andreevmaster.com\/product\/songmics-soptunna-30-l-rostfritt-stal\/"},"modified":"2026-02-27T08:20:03","modified_gmt":"2026-02-27T08:20:03","slug":"songmics-soptunna-30-l-rostfritt-stal","status":"publish","type":"product","link":"https:\/\/nordicmart.andreevmaster.com\/sv\/produkt\/songmics-soptunna-30-l-rostfritt-stal\/","title":{"rendered":"SONGMICS soptunna 30 L rostfritt st\u00e5l"},"content":{"rendered":"<p>F\u00f6rdelarna med denna soptunna i korthet: &#8211; 30 liters kapacitet; tillr\u00e4ckligt f\u00f6r normalt k\u00f6ksavfall. &#8211; Du kan enkelt trampa p\u00e5 pedalen f\u00f6r att \u00f6ppna locket p\u00e5 tunnan. &#8211; Locket kan f\u00f6rbli i \u00f6ppet l\u00e4ge. &#8211; Locket st\u00e4ngs mjukt, l\u00e5ngsamt och ljudl\u00f6st.- Papperskorgen har en avtagbar innerbeh\u00e5llare av plast. &#8211; Tack vare \u00f6ppningen p\u00e5 innerbeh\u00e5llaren h\u00e5lls sopp\u00e5sen sp\u00e4nd och sitter alltid p\u00e5 plats.- Sockeln av plast \u00e4r halkfri och l\u00e4mnar inga repor p\u00e5 golvet. H\u00f6gkvalitativt material, praktisk design &#8211; Denna soptunna \u00e4r en smart l\u00f6sning f\u00f6r avfallshantering. Produktdetaljer: &#8211; F\u00e4rg: silver &#8211; Material: rostfritt st\u00e5l (ytterbeh\u00e5llare), plast (innerbeh\u00e5llare) &#8211; M\u00e5tt: 34,5 x 25 x 61,5 cm (L x B x H) &#8211; M\u00e5tt p\u00e5 innerbeh\u00e5llare: 32 x 22,5 x 52 cm (L x B x H) &#8211; Total h\u00f6jd (med \u00f6ppet lock): 83 cm &#8211; Vikt: 4 kg Leveransomfattning: &#8211; 1 x papperskorg<\/p>\n","protected":false},"excerpt":{"rendered":"<p>SONGMICS papperskorg i rostfritt st\u00e5l, 30 L pedalpapperskorg med lock, 34,5 x 27,5 x 61,5 cm, silver, LTB01L<\/p>\n","protected":false},"featured_media":43880,"comment_status":"open","ping_status":"closed","template":"","meta":[],"product_brand":[],"product_cat":[33],"product_tag":[],"class_list":{"0":"post-16154","1":"product","2":"type-product","3":"status-publish","4":"has-post-thumbnail","6":"product_cat-okategoriserad","8":"first","9":"instock","10":"shipping-taxable","11":"purchasable","12":"product-type-simple"},"_links":{"self":[{"href":"https:\/\/nordicmart.andreevmaster.com\/sv\/wp-json\/wp\/v2\/product\/16154","targetHints":{"allow":["GET"]}}],"collection":[{"href":"https:\/\/nordicmart.andreevmaster.com\/sv\/wp-json\/wp\/v2\/product"}],"about":[{"href":"https:\/\/nordicmart.andreevmaster.com\/sv\/wp-json\/wp\/v2\/types\/product"}],"replies":[{"embeddable":true,"href":"https:\/\/nordicmart.andreevmaster.com\/sv\/wp-json\/wp\/v2\/comments?post=16154"}],"wp:featuredmedia":[{"embeddable":true,"href":"https:\/\/nordicmart.andreevmaster.com\/sv\/wp-json\/wp\/v2\/media\/43880"}],"wp:attachment":[{"href":"https:\/\/nordicmart.andreevmaster.com\/sv\/wp-json\/wp\/v2\/media?parent=16154"}],"wp:term":[{"taxonomy":"product_brand","embeddable":true,"href":"https:\/\/nordicmart.andreevmaster.com\/sv\/wp-json\/wp\/v2\/product_brand?post=16154"},{"taxonomy":"product_cat","embeddable":true,"href":"https:\/\/nordicmart.andreevmaster.com\/sv\/wp-json\/wp\/v2\/product_cat?post=16154"},{"taxonomy":"product_tag","embeddable":true,"href":"https:\/\/nordicmart.andreevmaster.com\/sv\/wp-json\/wp\/v2\/product_tag?post=16154"}],"curies":[{"name":"wp","href":"https:\/\/api.w.org\/{rel}","templated":true}]}}