{"id":16153,"date":"2026-02-27T00:29:21","date_gmt":"2026-02-27T00:29:21","guid":{"rendered":"https:\/\/nordicmart.andreevmaster.com\/product\/songmics-soptunna-30-liter-rokgra\/"},"modified":"2026-02-27T08:20:03","modified_gmt":"2026-02-27T08:20:03","slug":"songmics-soptunna-30-liter-rokgra","status":"publish","type":"product","link":"https:\/\/nordicmart.andreevmaster.com\/sv\/produkt\/songmics-soptunna-30-liter-rokgra\/","title":{"rendered":"SONGMICS soptunna 30 liter r\u00f6kgr\u00e5"},"content":{"rendered":"<p>SONGMICS papperskorg i rostfritt st\u00e5l, 30 L pedalpapperskorg med lock, 34,5 x 27,5 x 61,5 cm, silver, LTB01L<br \/>\nF\u00e4rg: Gr\u00e5gr\u00f6n<br \/>\nMaterial: Ytterbeh\u00e5llare av st\u00e5l, innerbeh\u00e5llare av plast<br \/>\nStorlek (utan fotpedal): 34,5 x 25 x 61,5 cm (L x B x H)<br \/>\nTotal h\u00f6jd (med \u00f6ppet lock): 82 cm<br \/>\nStorlek p\u00e5 innerbeh\u00e5llare: 32 x 22,5 x 52 cm (L x B x H)<br \/>\nFotpedalens storlek: 18,5 x 5 cm (L x B)<br \/>\nKapacitet: 30 liter<br \/>\nVikt: 4,5 kg<\/p>\n","protected":false},"excerpt":{"rendered":"<p>SONGMICS papperskorg i rostfritt st\u00e5l, 30 L pedalpapperskorg med lock, 34,5 x 27,5 x 61,5 cm, silver, LTB01L<\/p>\n","protected":false},"featured_media":43879,"comment_status":"open","ping_status":"closed","template":"","meta":[],"product_brand":[],"product_cat":[33],"product_tag":[],"class_list":{"0":"post-16153","1":"product","2":"type-product","3":"status-publish","4":"has-post-thumbnail","6":"product_cat-okategoriserad","8":"first","9":"instock","10":"shipping-taxable","11":"purchasable","12":"product-type-simple"},"_links":{"self":[{"href":"https:\/\/nordicmart.andreevmaster.com\/sv\/wp-json\/wp\/v2\/product\/16153","targetHints":{"allow":["GET"]}}],"collection":[{"href":"https:\/\/nordicmart.andreevmaster.com\/sv\/wp-json\/wp\/v2\/product"}],"about":[{"href":"https:\/\/nordicmart.andreevmaster.com\/sv\/wp-json\/wp\/v2\/types\/product"}],"replies":[{"embeddable":true,"href":"https:\/\/nordicmart.andreevmaster.com\/sv\/wp-json\/wp\/v2\/comments?post=16153"}],"wp:featuredmedia":[{"embeddable":true,"href":"https:\/\/nordicmart.andreevmaster.com\/sv\/wp-json\/wp\/v2\/media\/43879"}],"wp:attachment":[{"href":"https:\/\/nordicmart.andreevmaster.com\/sv\/wp-json\/wp\/v2\/media?parent=16153"}],"wp:term":[{"taxonomy":"product_brand","embeddable":true,"href":"https:\/\/nordicmart.andreevmaster.com\/sv\/wp-json\/wp\/v2\/product_brand?post=16153"},{"taxonomy":"product_cat","embeddable":true,"href":"https:\/\/nordicmart.andreevmaster.com\/sv\/wp-json\/wp\/v2\/product_cat?post=16153"},{"taxonomy":"product_tag","embeddable":true,"href":"https:\/\/nordicmart.andreevmaster.com\/sv\/wp-json\/wp\/v2\/product_tag?post=16153"}],"curies":[{"name":"wp","href":"https:\/\/api.w.org\/{rel}","templated":true}]}}