{"id":16150,"date":"2026-02-27T00:29:20","date_gmt":"2026-02-27T00:29:20","guid":{"rendered":"https:\/\/nordicmart.andreevmaster.com\/product\/songmics-papperskorg-med-pedal-vit\/"},"modified":"2026-02-27T08:20:03","modified_gmt":"2026-02-27T08:20:03","slug":"songmics-papperskorg-med-pedal-vit","status":"publish","type":"product","link":"https:\/\/nordicmart.andreevmaster.com\/sv\/produkt\/songmics-papperskorg-med-pedal-vit\/","title":{"rendered":"SONGMICS papperskorg med pedal, vit"},"content":{"rendered":"<p>H\u00e9ros de la propret\u00e9 : Simple d&#8217;une forme ronde, cette poubelle SONGMICS blanc vous aide \u00e0 cacher le d\u00e9sordre et \u00e0 mettre de l&#8217;ordre chez vous, tout en apportant de la fra\u00eecheur et de la modernit\u00e9 \u00e0 la pi\u00e8ce. L&#8217;acier trait\u00e9 par poudrage assure une beaut\u00e9 durable pour les ann\u00e9es \u00e0 venir.   Praktisk som allt: \u00d6ppna locket med f\u00f6tterna och sl\u00e4ng skr\u00e4pet i den. Locket st\u00e4ngs mjukt och tyst, utan ljud. Lyft locket helt med handen n\u00e4r du vill h\u00e5lla det \u00f6ppet. Ta bort innerhinken med st\u00e5lhandtaget f\u00f6r att t\u00f6mma allt.   Egenskaper:- F\u00e4rg: Vit &#8211; Material: Papperskorg i st\u00e5l, innerhink i plast &#8211; M\u00e5tt: 16,8 x 24,2 x 24,3 cm (L x B x H) &#8211; Total h\u00f6jd med locket \u00f6ppet: 40,5 cm &#8211; Vikt: 0,7 kg Leverans: -1 x Papperskorg F\u00f6rsiktighets\u00e5tg\u00e4rder fr\u00e5n SONGMICS:- L\u00e5t locket st\u00e4ngas automatiskt f\u00f6r att f\u00f6rl\u00e4nga produktens livsl\u00e4ngd. &#8211; Reng\u00f6r med en mjuk, fuktig trasa och anv\u00e4nd ett neutralt reng\u00f6ringsmedel vid behov. &#8211; H\u00e5ll ytan torr f\u00f6r l\u00e5ng livsl\u00e4ngd. &#8211; Anv\u00e4nd produkten p\u00e5 ett plant underlag.<\/p>\n","protected":false},"excerpt":{"rendered":"<p>SONGMICS soptunna, avfallskorg, 3 liter, med pedal, innerkorg av plast, softclose, luktfri, vit, 22 x 16,7 x 25 cm<\/p>\n","protected":false},"featured_media":43876,"comment_status":"open","ping_status":"closed","template":"","meta":[],"product_brand":[],"product_cat":[33],"product_tag":[],"class_list":{"0":"post-16150","1":"product","2":"type-product","3":"status-publish","4":"has-post-thumbnail","6":"product_cat-okategoriserad","8":"first","9":"instock","10":"shipping-taxable","11":"purchasable","12":"product-type-simple"},"_links":{"self":[{"href":"https:\/\/nordicmart.andreevmaster.com\/sv\/wp-json\/wp\/v2\/product\/16150","targetHints":{"allow":["GET"]}}],"collection":[{"href":"https:\/\/nordicmart.andreevmaster.com\/sv\/wp-json\/wp\/v2\/product"}],"about":[{"href":"https:\/\/nordicmart.andreevmaster.com\/sv\/wp-json\/wp\/v2\/types\/product"}],"replies":[{"embeddable":true,"href":"https:\/\/nordicmart.andreevmaster.com\/sv\/wp-json\/wp\/v2\/comments?post=16150"}],"wp:featuredmedia":[{"embeddable":true,"href":"https:\/\/nordicmart.andreevmaster.com\/sv\/wp-json\/wp\/v2\/media\/43876"}],"wp:attachment":[{"href":"https:\/\/nordicmart.andreevmaster.com\/sv\/wp-json\/wp\/v2\/media?parent=16150"}],"wp:term":[{"taxonomy":"product_brand","embeddable":true,"href":"https:\/\/nordicmart.andreevmaster.com\/sv\/wp-json\/wp\/v2\/product_brand?post=16150"},{"taxonomy":"product_cat","embeddable":true,"href":"https:\/\/nordicmart.andreevmaster.com\/sv\/wp-json\/wp\/v2\/product_cat?post=16150"},{"taxonomy":"product_tag","embeddable":true,"href":"https:\/\/nordicmart.andreevmaster.com\/sv\/wp-json\/wp\/v2\/product_tag?post=16150"}],"curies":[{"name":"wp","href":"https:\/\/api.w.org\/{rel}","templated":true}]}}