{"id":16149,"date":"2026-02-27T00:29:20","date_gmt":"2026-02-27T00:29:20","guid":{"rendered":"https:\/\/nordicmart.andreevmaster.com\/product\/songmics-papperskorg-med-innerkorg-i-plast-gra\/"},"modified":"2026-02-27T08:20:02","modified_gmt":"2026-02-27T08:20:02","slug":"songmics-papperskorg-med-innerkorg-i-plast-gra","status":"publish","type":"product","link":"https:\/\/nordicmart.andreevmaster.com\/sv\/produkt\/songmics-papperskorg-med-innerkorg-i-plast-gra\/","title":{"rendered":"SONGMICS papperskorg med innerkorg i plast Gr\u00e5"},"content":{"rendered":"<p>Ordning \u00e4r halva livet: Denna papperskorg fr\u00e5n SONGMICS hj\u00e4lper dig att h\u00e5lla soporna g\u00f6mda och skapa ordning i badrummet. Den r\u00f6kgr\u00e5 ytan ger ditt badrum en modern touch och pulverlackeringen av st\u00e5let lovar l\u00e5ng livsl\u00e4ngd. Ju enklare, desto b\u00e4ttre: Allt du beh\u00f6ver g\u00f6ra \u00e4r att trampa p\u00e5 pedalen och sl\u00e4nga avfallet i innerbeh\u00e5llaren. Efter avfallshanteringen st\u00e4ngs locket mjukt och ljudl\u00f6st. Vad? Vill du h\u00e5lla locket p\u00e5 papperskorgen \u00f6ppet? F\u00e4ll bara upp det helt med handen. Dessutom kan innerbeh\u00e5llaren enkelt lyftas ur ytterbeh\u00e5llaren med hj\u00e4lp av metallhandtaget. Produktdetaljer:- F\u00e4rg: R\u00f6kgr\u00e5 &#8211; Material: St\u00e5l (ytterbeh\u00e5llare), plast (innerbeh\u00e5llare) &#8211; Storlek: 16,8 x 24,2 x 24,3 cm (L x B x H) &#8211; Total h\u00f6jd (med \u00f6ppet lock): 40,5 cm &#8211; Vikt: 0,7 kg Leveransomfattning: -1 x papperskorg SONGIMCS Anm\u00e4rkningar:- St\u00e4ng inte locket helt f\u00f6r hand, eftersom det kan st\u00e4ngas automatiskt. &#8211; Torka av produkten med en mjuk, fuktig trasa och anv\u00e4nd vid behov milt reng\u00f6ringsmedel. &#8211; H\u00e5ll produkten borta fr\u00e5n vatten. &#8211; St\u00e4ll produkten p\u00e5 ett plant underlag.<\/p>\n","protected":false},"excerpt":{"rendered":"<p>SONGMICS soptunna, avfallskorg, 3 liter, med pedal, innerkorg av plast, softclose, luktfri, vit, 22 x 16,7 x 25 cm<\/p>\n","protected":false},"featured_media":43875,"comment_status":"open","ping_status":"closed","template":"","meta":[],"product_brand":[],"product_cat":[33],"product_tag":[],"class_list":{"0":"post-16149","1":"product","2":"type-product","3":"status-publish","4":"has-post-thumbnail","6":"product_cat-okategoriserad","8":"first","9":"instock","10":"shipping-taxable","11":"purchasable","12":"product-type-simple"},"_links":{"self":[{"href":"https:\/\/nordicmart.andreevmaster.com\/sv\/wp-json\/wp\/v2\/product\/16149","targetHints":{"allow":["GET"]}}],"collection":[{"href":"https:\/\/nordicmart.andreevmaster.com\/sv\/wp-json\/wp\/v2\/product"}],"about":[{"href":"https:\/\/nordicmart.andreevmaster.com\/sv\/wp-json\/wp\/v2\/types\/product"}],"replies":[{"embeddable":true,"href":"https:\/\/nordicmart.andreevmaster.com\/sv\/wp-json\/wp\/v2\/comments?post=16149"}],"wp:featuredmedia":[{"embeddable":true,"href":"https:\/\/nordicmart.andreevmaster.com\/sv\/wp-json\/wp\/v2\/media\/43875"}],"wp:attachment":[{"href":"https:\/\/nordicmart.andreevmaster.com\/sv\/wp-json\/wp\/v2\/media?parent=16149"}],"wp:term":[{"taxonomy":"product_brand","embeddable":true,"href":"https:\/\/nordicmart.andreevmaster.com\/sv\/wp-json\/wp\/v2\/product_brand?post=16149"},{"taxonomy":"product_cat","embeddable":true,"href":"https:\/\/nordicmart.andreevmaster.com\/sv\/wp-json\/wp\/v2\/product_cat?post=16149"},{"taxonomy":"product_tag","embeddable":true,"href":"https:\/\/nordicmart.andreevmaster.com\/sv\/wp-json\/wp\/v2\/product_tag?post=16149"}],"curies":[{"name":"wp","href":"https:\/\/api.w.org\/{rel}","templated":true}]}}